{"id":6784,"date":"2018-10-18T15:39:50","date_gmt":"2018-10-18T14:39:50","guid":{"rendered":"https:\/\/sensorpoint.pt\/systemes-dextinction-automatique-dincendie\/"},"modified":"2020-09-17T10:44:26","modified_gmt":"2020-09-17T09:44:26","slug":"systemes-dextinction-automatique-dincendie","status":"publish","type":"page","link":"https:\/\/sp.inovamatic.com\/fr\/systemes-dextinction-automatique-dincendie\/","title":{"rendered":"Syst\u00e8mes d&#8217;Extinction Automatique d&#8217;Incendie"},"content":{"rendered":"<p>[vc_row parallax=&#8221;content-moving-fade&#8221; parallax_image=&#8221;3416&#8243; css=&#8221;.vc_custom_1527259727033{padding-top: 160px !important;padding-bottom: 220px !important;background-image: url(https:\/\/www.sensorpoint.pt\/wp-content\/uploads\/2018\/05\/extincao2-1.jpg?id=3904) !important;}&#8221;][vc_column][vc_custom_heading text=&#8221;Syst\u00e8mes d&#8217;Extinction Automatique d&#8217;Incendie&#8221; font_container=&#8221;tag:h1|font_size:44px|text_align:center|color:%23ffffff&#8221; use_theme_fonts=&#8221;yes&#8221; el_class=&#8221;section-heading&#8221;][\/vc_column][\/vc_row][vc_row css=&#8221;.vc_custom_1475934235598{padding-top: 80px !important;padding-bottom: 100px !important;background-color: #ffffff !important;}&#8221;][vc_column][vc_row_inner el_class=&#8221;container&#8221; css=&#8221;.vc_custom_1475933788716{margin-bottom: 60px !important;}&#8221;][vc_column_inner][vc_custom_heading text=&#8221;La protection contre l&#8217;incendie est essentielle dans les zones \u00e0 contenu de valeur \u00e9lev\u00e9e ou contenant des informations vitales telles que les salles de serveurs, les salles informatiques, les salles de contr\u00f4le, les b\u00e2timents historiques, les mus\u00e9es, les centraux t\u00e9l\u00e9phoniques, etc.<\/p>\n<p>Conscient de ce besoin, Sensorpoint con\u00e7oit, installe et prend en charge des syst\u00e8mes d&#8217;extinction d&#8217;incendie.<\/p>\n<p>Nos syst\u00e8mes bas\u00e9s sur les normes les plus r\u00e9centes des normes internationales permettent de r\u00e9agir rapidement \u00e0 un incendie, afin de prot\u00e9ger des vies et des biens tout en respectant l&#8217;environnement.&#8221; font_container=&#8221;tag:h4|text_align:justify|color:%23999999|line_height:28px&#8221; use_theme_fonts=&#8221;yes&#8221;][\/vc_column_inner][\/vc_row_inner][vc_row_inner equal_height=&#8221;yes&#8221; content_placement=&#8221;middle&#8221; gap=&#8221;35&#8243; el_class=&#8221;container&#8221; css=&#8221;.vc_custom_1533212107588{margin-bottom: 60px !important;}&#8221;][vc_column_inner width=&#8221;1\/2&#8243;][vc_single_image image=&#8221;5245&#8243; img_size=&#8221;full&#8221; alignment=&#8221;center&#8221;][\/vc_column_inner][vc_column_inner width=&#8221;1\/2&#8243;][vc_custom_heading text=&#8221;&#8221; font_container=&#8221;tag:h2|font_size:45px|text_align:left|color:%234367a1|line_height:45px&#8221; google_fonts=&#8221;font_family:Lato%3A100%2C100italic%2C300%2C300italic%2Cregular%2Citalic%2C700%2C700italic%2C900%2C900italic|font_style:300%20light%20regular%3A300%3Anormal&#8221; css=&#8221;.vc_custom_1533212241840{margin-bottom: 0px !important;}&#8221;][vc_custom_heading text=&#8221;IG-541 (Inergen)&#8221; font_container=&#8221;tag:h2|font_size:45px|text_align:left|color:%234367a1|line_height:45px&#8221; google_fonts=&#8221;font_family:Lato%3A100%2C100italic%2C300%2C300italic%2Cregular%2Citalic%2C700%2C700italic%2C900%2C900italic|font_style:700%20bold%20regular%3A700%3Anormal&#8221; css=&#8221;.vc_custom_1600335769006{margin-top: 0px !important;}&#8221;][vc_raw_html]JTIwJTBBJTIwJTIwJTNDZGl2JTIwY2xhc3MlM0QlMjJsaW5lLTMtMTAwLWF6dWwlMjIlMkYlM0UlM0MlMkZkaXYlM0UlMEElMjA=[\/vc_raw_html][vc_column_text]<\/p>\n<div align=\"justify\">\n<p>Dans le souci constant de l&#8217;impact sur l&#8217;environnement et des trait\u00e9s internationaux tels que le Protocole de Montr\u00e9al et le Protocole de Kyoto, des r\u00e8gles ont \u00e9t\u00e9 \u00e9tablies pour les gaz pouvant \u00eatre utilis\u00e9s dans l&#8217;industrie et les applications de lutte contre les incendies, r\u00e9duisant ainsi l&#8217;appauvrissement de la couche d&#8217;ozone et sans effet de serre.<\/p>\n<p>Les gaz inertes sont reconnus comme \u00e9tant 100% \u00e9cologiques, \u00e9tant naturellement disponibles dans l&#8217;air que nous respirons. Ils ne sont pas toxiques pour l&#8217;homme, ne lib\u00e8rent pas de substances nocives au contact de l&#8217;incendie, ne g\u00eanent pas la visibilit\u00e9 et ne lib\u00e8rent pas de r\u00e9sidus apr\u00e8s la d\u00e9charge. IG-541 (Inergen) appartient \u00e0 la cat\u00e9gorie des gaz inertes.<\/p>\n<p><a href=\"http:\/\/www.fire-eater.com\/en\/\" target=\"_blank\" rel=\"noopener noreferrer\">Site Web du fabricant<\/a><\/p>\n<\/div>\n<p>[\/vc_column_text][\/vc_column_inner][\/vc_row_inner][vc_row_inner equal_height=&#8221;yes&#8221; content_placement=&#8221;middle&#8221; gap=&#8221;35&#8243; el_class=&#8221;container&#8221; css=&#8221;.vc_custom_1533212107588{margin-bottom: 60px !important;}&#8221;][vc_column_inner width=&#8221;1\/2&#8243;][vc_single_image image=&#8221;5221&#8243; img_size=&#8221;full&#8221; alignment=&#8221;center&#8221;][\/vc_column_inner][vc_column_inner width=&#8221;1\/2&#8243;][vc_custom_heading text=&#8221;&#8221; font_container=&#8221;tag:h2|font_size:45px|text_align:left|color:%234367a1|line_height:45px&#8221; google_fonts=&#8221;font_family:Lato%3A100%2C100italic%2C300%2C300italic%2Cregular%2Citalic%2C700%2C700italic%2C900%2C900italic|font_style:300%20light%20regular%3A300%3Anormal&#8221; css=&#8221;.vc_custom_1533212241840{margin-bottom: 0px !important;}&#8221;][vc_custom_heading text=&#8221;FK-5-1-12&#8243; font_container=&#8221;tag:h2|font_size:45px|text_align:left|color:%234367a1|line_height:45px&#8221; google_fonts=&#8221;font_family:Lato%3A100%2C100italic%2C300%2C300italic%2Cregular%2Citalic%2C700%2C700italic%2C900%2C900italic|font_style:700%20bold%20regular%3A700%3Anormal&#8221; css=&#8221;.vc_custom_1600335807564{margin-top: 0px !important;}&#8221;][vc_raw_html]JTIwJTBBJTIwJTIwJTNDZGl2JTIwY2xhc3MlM0QlMjJsaW5lLTMtMTAwLWF6dWwlMjIlMkYlM0UlM0MlMkZkaXYlM0UlMEElMjA=[\/vc_raw_html][vc_column_text]<\/p>\n<div align=\"justify\">\n<p>En cons\u00e9quence de l&#8217;interdiction des gaz halog\u00e8nes (tel que l\u2019halon 1301) en tant que gaz \u00e0 effet de serre et destructeurs de la couche d&#8217;ozone, une nouvelle g\u00e9n\u00e9ration d&#8217;agents, plus respectueuse de l&#8217;environnement, a \u00e9t\u00e9 d\u00e9velopp\u00e9e tout en maintenant une excellente capacit\u00e9 d&#8217;extinction des incendies.<\/p>\n<p>FK-5-1-12 est dans cette cat\u00e9gorie.<\/p>\n<p><a href=\"http:\/\/www.airfire.eu\/products\/chemicals\" target=\"_blank\" rel=\"noopener noreferrer\">Site Web du fabricant<\/a><\/p>\n<\/div>\n<p>[\/vc_column_text][\/vc_column_inner][\/vc_row_inner][vc_row_inner equal_height=&#8221;yes&#8221; content_placement=&#8221;middle&#8221; gap=&#8221;35&#8243; el_class=&#8221;container&#8221; css=&#8221;.vc_custom_1533212107588{margin-bottom: 60px !important;}&#8221;][vc_column_inner width=&#8221;1\/2&#8243;][vc_single_image image=&#8221;5225&#8243; img_size=&#8221;full&#8221; alignment=&#8221;center&#8221;][\/vc_column_inner][vc_column_inner width=&#8221;1\/2&#8243;][vc_custom_heading text=&#8221;&#8221; font_container=&#8221;tag:h2|font_size:45px|text_align:left|color:%234367a1|line_height:45px&#8221; google_fonts=&#8221;font_family:Lato%3A100%2C100italic%2C300%2C300italic%2Cregular%2Citalic%2C700%2C700italic%2C900%2C900italic|font_style:300%20light%20regular%3A300%3Anormal&#8221; css=&#8221;.vc_custom_1533212241840{margin-bottom: 0px !important;}&#8221;][vc_custom_heading text=&#8221;IG-55&#8243; font_container=&#8221;tag:h2|font_size:45px|text_align:left|color:%234367a1|line_height:45px&#8221; google_fonts=&#8221;font_family:Lato%3A100%2C100italic%2C300%2C300italic%2Cregular%2Citalic%2C700%2C700italic%2C900%2C900italic|font_style:700%20bold%20regular%3A700%3Anormal&#8221; css=&#8221;.vc_custom_1600335831453{margin-top: 0px !important;}&#8221;][vc_raw_html]JTIwJTBBJTIwJTIwJTNDZGl2JTIwY2xhc3MlM0QlMjJsaW5lLTMtMTAwLWF6dWwlMjIlMkYlM0UlM0MlMkZkaXYlM0UlMEElMjA=[\/vc_raw_html][vc_column_text]<\/p>\n<div align=\"justify\">\n<p>Dans le souci constant de l&#8217;impact sur l&#8217;environnement et des trait\u00e9s internationaux tels que le Protocole de Montr\u00e9al et le Protocole de Kyoto, des r\u00e8gles ont \u00e9t\u00e9 \u00e9tablies pour les gaz pouvant \u00eatre utilis\u00e9s dans l&#8217;industrie et les applications de lutte contre les incendies, r\u00e9duisant ainsi l&#8217;appauvrissement de la couche d&#8217;ozone et sans effet de serre.<\/p>\n<p>Les gaz inertes sont reconnus comme \u00e9tant 100% \u00e9cologiques, \u00e9tant naturellement disponibles dans l&#8217;air que nous respirons. Ils ne sont pas toxiques pour l&#8217;homme, ne lib\u00e8rent pas de substances nocives au contact de l&#8217;incendie, ne g\u00eanent pas la visibilit\u00e9 et ne lib\u00e8rent pas de r\u00e9sidus apr\u00e8s la d\u00e9charge. Le IG-55 appartient \u00e0 la cat\u00e9gorie des gaz inertes.<\/p>\n<p><a href=\"http:\/\/www.airfire.eu\/products\/inerts\" target=\"_blank\" rel=\"noopener noreferrer\">Site Web du fabricant<\/a><\/p>\n<\/div>\n<p>[\/vc_column_text][\/vc_column_inner][\/vc_row_inner][vc_row_inner equal_height=&#8221;yes&#8221; content_placement=&#8221;middle&#8221; gap=&#8221;35&#8243; el_class=&#8221;container&#8221; css=&#8221;.vc_custom_1533212107588{margin-bottom: 60px !important;}&#8221;][vc_column_inner width=&#8221;1\/2&#8243;][vc_single_image image=&#8221;5226&#8243; img_size=&#8221;full&#8221; alignment=&#8221;center&#8221;][\/vc_column_inner][vc_column_inner width=&#8221;1\/2&#8243;][vc_custom_heading text=&#8221;&#8221; font_container=&#8221;tag:h2|font_size:45px|text_align:left|color:%234367a1|line_height:45px&#8221; google_fonts=&#8221;font_family:Lato%3A100%2C100italic%2C300%2C300italic%2Cregular%2Citalic%2C700%2C700italic%2C900%2C900italic|font_style:300%20light%20regular%3A300%3Anormal&#8221; css=&#8221;.vc_custom_1533212241840{margin-bottom: 0px !important;}&#8221;][vc_custom_heading text=&#8221;HFC 227ea&#8221; font_container=&#8221;tag:h2|font_size:45px|text_align:left|color:%234367a1|line_height:45px&#8221; google_fonts=&#8221;font_family:Lato%3A100%2C100italic%2C300%2C300italic%2Cregular%2Citalic%2C700%2C700italic%2C900%2C900italic|font_style:700%20bold%20regular%3A700%3Anormal&#8221; css=&#8221;.vc_custom_1600335856685{margin-top: 0px !important;}&#8221;][vc_raw_html]JTIwJTBBJTIwJTIwJTNDZGl2JTIwY2xhc3MlM0QlMjJsaW5lLTMtMTAwLWF6dWwlMjIlMkYlM0UlM0MlMkZkaXYlM0UlMEElMjA=[\/vc_raw_html][vc_column_text]<\/p>\n<div align=\"justify\">\n<p>En cons\u00e9quence de l&#8217;interdiction des gaz halog\u00e8nes (tel que l\u2019halon 1301) en tant que gaz \u00e0 effet de serre et destructeurs de la couche d&#8217;ozone, une nouvelle g\u00e9n\u00e9ration d&#8217;agents, plus respectueuse de l&#8217;environnement, a \u00e9t\u00e9 d\u00e9velopp\u00e9e tout en maintenant une excellente capacit\u00e9 d&#8217;extinction des incendies.<\/p>\n<p>HFC 227ea est dans cette cat\u00e9gorie.<\/p>\n<p><a href=\"http:\/\/www.airfire.eu\/products\/chemicals\" target=\"_blank\" rel=\"noopener noreferrer\">Site Web du fabricant<\/a><\/p>\n<\/div>\n<p>[\/vc_column_text][\/vc_column_inner][\/vc_row_inner][vc_row_inner equal_height=&#8221;yes&#8221; content_placement=&#8221;middle&#8221; gap=&#8221;35&#8243; el_class=&#8221;container&#8221; css=&#8221;.vc_custom_1533212107588{margin-bottom: 60px !important;}&#8221;][vc_column_inner width=&#8221;1\/2&#8243;][vc_single_image image=&#8221;5227&#8243; img_size=&#8221;full&#8221; alignment=&#8221;center&#8221;][\/vc_column_inner][vc_column_inner width=&#8221;1\/2&#8243;][vc_custom_heading text=&#8221;&#8221; font_container=&#8221;tag:h2|font_size:45px|text_align:left|color:%234367a1|line_height:45px&#8221; google_fonts=&#8221;font_family:Lato%3A100%2C100italic%2C300%2C300italic%2Cregular%2Citalic%2C700%2C700italic%2C900%2C900italic|font_style:300%20light%20regular%3A300%3Anormal&#8221; css=&#8221;.vc_custom_1533212241840{margin-bottom: 0px !important;}&#8221;][vc_custom_heading text=&#8221;CO2&#8243; font_container=&#8221;tag:h2|font_size:45px|text_align:left|color:%234367a1|line_height:45px&#8221; google_fonts=&#8221;font_family:Lato%3A100%2C100italic%2C300%2C300italic%2Cregular%2Citalic%2C700%2C700italic%2C900%2C900italic|font_style:700%20bold%20regular%3A700%3Anormal&#8221; css=&#8221;.vc_custom_1574091810189{margin-top: 0px !important;}&#8221;][vc_raw_html]JTIwJTBBJTIwJTIwJTNDZGl2JTIwY2xhc3MlM0QlMjJsaW5lLTMtMTAwLWF6dWwlMjIlMkYlM0UlM0MlMkZkaXYlM0UlMEElMjA=[\/vc_raw_html][vc_column_text]<\/p>\n<div align=\"justify\">\n<p>Historiquement, le gaz le plus largement utilis\u00e9 en tant qu\u2019agent extincteur, le rendant hautement personnalisable en fonction du danger que nous voulons prot\u00e9ger.<\/p>\n<p>Bien que cela ne soit pas id\u00e9al pour les espaces occup\u00e9s par des personnes (des mesures de s\u00e9curit\u00e9 obligatoires doivent \u00eatre prises si des personnes sont pr\u00e9sentes), il s&#8217;agit de l&#8217;un des gaz les plus efficaces pour l&#8217;extinction d&#8217;une grande vari\u00e9t\u00e9 d&#8217;incendies, de classes A, B et C.<\/p>\n<p><a href=\"http:\/\/www.airfire.eu\/products\/carbon-dioxide-co2\" target=\"_blank\" rel=\"noopener noreferrer\">Site Web du fabricant<\/a><\/p>\n<\/div>\n<p>[\/vc_column_text][\/vc_column_inner][\/vc_row_inner][vc_row_inner equal_height=&#8221;yes&#8221; content_placement=&#8221;middle&#8221; gap=&#8221;35&#8243; el_class=&#8221;container&#8221; css=&#8221;.vc_custom_1533212107588{margin-bottom: 60px !important;}&#8221;][vc_column_inner width=&#8221;1\/2&#8243;][vc_single_image image=&#8221;5504&#8243; img_size=&#8221;full&#8221; alignment=&#8221;center&#8221;][\/vc_column_inner][vc_column_inner width=&#8221;1\/2&#8243;][vc_custom_heading text=&#8221;&#8221; font_container=&#8221;tag:h2|font_size:45px|text_align:left|color:%234367a1|line_height:45px&#8221; google_fonts=&#8221;font_family:Lato%3A100%2C100italic%2C300%2C300italic%2Cregular%2Citalic%2C700%2C700italic%2C900%2C900italic|font_style:300%20light%20regular%3A300%3Anormal&#8221; css=&#8221;.vc_custom_1533212241840{margin-bottom: 0px !important;}&#8221;][vc_custom_heading text=&#8221;Extinction des tableaux \u00e9lectriques&#8221; font_container=&#8221;tag:h2|font_size:45px|text_align:left|color:%234367a1|line_height:45px&#8221; google_fonts=&#8221;font_family:Lato%3A100%2C100italic%2C300%2C300italic%2Cregular%2Citalic%2C700%2C700italic%2C900%2C900italic|font_style:700%20bold%20regular%3A700%3Anormal&#8221; css=&#8221;.vc_custom_1574091872164{margin-top: 0px !important;}&#8221;][vc_raw_html]JTIwJTBBJTIwJTIwJTNDZGl2JTIwY2xhc3MlM0QlMjJsaW5lLTMtMTAwLWF6dWwlMjIlMkYlM0UlM0MlMkZkaXYlM0UlMEElMjA=[\/vc_raw_html][vc_column_text]<\/p>\n<div align=\"justify\">\n<p>Extinction automatique des tableaux \u00e9lectriques.<\/p>\n<p><a href=\"http:\/\/www.airfire.eu\/products\/armanfire\" target=\"_blank\" rel=\"noopener noreferrer\">Site Web du fabricant<\/a><\/p>\n<\/div>\n<p>[\/vc_column_text][\/vc_column_inner][\/vc_row_inner][\/vc_column][\/vc_row]<\/p>\n","protected":false},"excerpt":{"rendered":"<p>[vc_row parallax=&#8221;content-moving-fade&#8221; parallax_image=&#8221;3416&#8243; css=&#8221;.vc_custom_1527259727033{padding-top: 160px !important;padding-bottom: 220px !important;background-image: url(https:\/\/www.sensorpoint.pt\/wp-content\/uploads\/2018\/05\/extincao2-1.jpg?id=3904) !important;}&#8221;][vc_column][vc_custom_heading text=&#8221;Syst\u00e8mes d&#8217;Extinction Automatique d&#8217;Incendie&#8221; font_container=&#8221;tag:h1|font_size:44px|text_align:center|color:%23ffffff&#8221; use_theme_fonts=&#8221;yes&#8221; el_class=&#8221;section-heading&#8221;][\/vc_column][\/vc_row][vc_row css=&#8221;.vc_custom_1475934235598{padding-top: 80px !important;padding-bottom: 100px !important;background-color: #ffffff [&hellip;]<\/p>\n","protected":false},"author":1,"featured_media":0,"parent":0,"menu_order":0,"comment_status":"closed","ping_status":"closed","template":"","meta":{"advgb_blocks_editor_width":"","advgb_blocks_columns_visual_guide":"","footnotes":""},"class_list":["post-6784","page","type-page","status-publish","hentry"],"coauthors":[],"author_meta":{"author_link":"https:\/\/sp.inovamatic.com\/fr\/author\/miguelmailribeiro_h017r696\/","display_name":"admin"},"relative_dates":{"created":"Publi\u00e9 8 ans il y a","modified":"Mis \u00e0 jour 6 ans il y a"},"absolute_dates":{"created":"Publi\u00e9 le octobre 18, 2018","modified":"Mise \u00e0 jour le septembre 17, 2020"},"absolute_dates_time":{"created":"Publi\u00e9 le octobre 18, 2018 3:39 pm","modified":"Mise \u00e0 jour le septembre 17, 2020 10:44 am"},"featured_img_caption":"","featured_img":false,"series_order":"","_links":{"self":[{"href":"https:\/\/sp.inovamatic.com\/fr\/wp-json\/wp\/v2\/pages\/6784","targetHints":{"allow":["GET"]}}],"collection":[{"href":"https:\/\/sp.inovamatic.com\/fr\/wp-json\/wp\/v2\/pages"}],"about":[{"href":"https:\/\/sp.inovamatic.com\/fr\/wp-json\/wp\/v2\/types\/page"}],"author":[{"embeddable":true,"href":"https:\/\/sp.inovamatic.com\/fr\/wp-json\/wp\/v2\/users\/1"}],"replies":[{"embeddable":true,"href":"https:\/\/sp.inovamatic.com\/fr\/wp-json\/wp\/v2\/comments?post=6784"}],"version-history":[{"count":7,"href":"https:\/\/sp.inovamatic.com\/fr\/wp-json\/wp\/v2\/pages\/6784\/revisions"}],"predecessor-version":[{"id":15925,"href":"https:\/\/sp.inovamatic.com\/fr\/wp-json\/wp\/v2\/pages\/6784\/revisions\/15925"}],"wp:attachment":[{"href":"https:\/\/sp.inovamatic.com\/fr\/wp-json\/wp\/v2\/media?parent=6784"}],"curies":[{"name":"wp","href":"https:\/\/api.w.org\/{rel}","templated":true}]}}