{"id":6780,"date":"2018-10-18T15:38:39","date_gmt":"2018-10-18T14:38:39","guid":{"rendered":"https:\/\/sensorpoint.pt\/systemes-de-detection-dintrusion\/"},"modified":"2020-09-17T12:08:44","modified_gmt":"2020-09-17T11:08:44","slug":"systemes-de-detection-dintrusion","status":"publish","type":"page","link":"https:\/\/sp.inovamatic.com\/fr\/systemes-de-detection-dintrusion\/","title":{"rendered":"Syst\u00e8mes de D\u00e9tection d&#8217;Intrusion"},"content":{"rendered":"<p>[vc_row parallax=&#8221;content-moving-fade&#8221; parallax_image=&#8221;3416&#8243; css=&#8221;.vc_custom_1527259384638{padding-top: 160px !important;padding-bottom: 220px !important;background-image: url(https:\/\/www.sensorpoint.pt\/wp-content\/uploads\/2018\/05\/intrusao.jpg?id=3897) !important;}&#8221;][vc_column][vc_custom_heading text=&#8221;Syst\u00e8mes de D\u00e9tection d&#8217;Intrusion&#8221; font_container=&#8221;tag:h1|font_size:44px|text_align:center|color:%23ffffff&#8221; use_theme_fonts=&#8221;yes&#8221; el_class=&#8221;section-heading&#8221;][\/vc_column][\/vc_row][vc_row css=&#8221;.vc_custom_1475934235598{padding-top: 80px !important;padding-bottom: 100px !important;background-color: #ffffff !important;}&#8221;][vc_column][vc_row_inner el_class=&#8221;container&#8221; css=&#8221;.vc_custom_1475933788716{margin-bottom: 60px !important;}&#8221;][vc_column_inner][vc_custom_heading text=&#8221;Sensorpoint vous propose les principaux syst\u00e8mes et produits de d\u00e9tection d&#8217;intrusion d\u00e9velopp\u00e9s sur des plateformes ouvertes, de sorte qu&#8217;ils puissent \u00eatre facilement int\u00e9gr\u00e9s \u00e0 d&#8217;autres syst\u00e8mes et ainsi cr\u00e9er des syst\u00e8mes de protection plus efficaces.<br \/>\nNos syst\u00e8mes de d\u00e9tection d&#8217;intrusion sont con\u00e7us pour prot\u00e9ger les personnes et les biens. Apr\u00e8s tout, m\u00eame si vos avoirs sont pr\u00e9cieux, rien n\u2019est plus pr\u00e9cieux que la vie de votre famille, de vos employ\u00e9s et de vos clients.<\/p>\n<p>Avantages d&#8217;un syst\u00e8me de d\u00e9tection d\u2019intrusion:<\/p>\n<p>&#8211; Surveillance des intrusions;<br \/>\n&#8211; Connexion \u00e0 n&#8217;importe quelle centrale de r\u00e9ception d&#8217;alarmes;<br \/>\n&#8211; Surveillance de l&#8217;int\u00e9grit\u00e9 et la fiabilit\u00e9 du syst\u00e8me.&#8221; font_container=&#8221;tag:h4|text_align:justify|color:%23999999|line_height:28px&#8221; use_theme_fonts=&#8221;yes&#8221;][\/vc_column_inner][\/vc_row_inner][vc_row_inner equal_height=&#8221;yes&#8221; content_placement=&#8221;middle&#8221; gap=&#8221;35&#8243; el_class=&#8221;container&#8221; css=&#8221;.vc_custom_1533212107588{margin-bottom: 60px !important;}&#8221;][vc_column_inner width=&#8221;1\/2&#8243;][vc_single_image image=&#8221;5345&#8243; img_size=&#8221;full&#8221; alignment=&#8221;center&#8221;][\/vc_column_inner][vc_column_inner width=&#8221;1\/2&#8243;][vc_custom_heading text=&#8221;Tyco&#8221; font_container=&#8221;tag:h2|font_size:45px|text_align:left|color:%234367a1|line_height:45px&#8221; google_fonts=&#8221;font_family:Lato%3A100%2C100italic%2C300%2C300italic%2Cregular%2Citalic%2C700%2C700italic%2C900%2C900italic|font_style:300%20light%20regular%3A300%3Anormal&#8221; css=&#8221;.vc_custom_1533212241840{margin-bottom: 0px !important;}&#8221;][vc_custom_heading text=&#8221;Bentel&#8221; font_container=&#8221;tag:h2|font_size:45px|text_align:left|color:%234367a1|line_height:45px&#8221; google_fonts=&#8221;font_family:Lato%3A100%2C100italic%2C300%2C300italic%2Cregular%2Citalic%2C700%2C700italic%2C900%2C900italic|font_style:700%20bold%20regular%3A700%3Anormal&#8221; css=&#8221;.vc_custom_1534168966326{margin-top: 0px !important;}&#8221;][vc_raw_html]JTIwJTBBJTIwJTIwJTNDZGl2JTIwY2xhc3MlM0QlMjJsaW5lLTMtMTAwLWF6dWwlMjIlMkYlM0UlM0MlMkZkaXYlM0UlMEElMjA=[\/vc_raw_html][vc_column_text]<\/p>\n<div align=\"justify\">\n<p>Bentel Security, soci\u00e9t\u00e9 du groupe Tyco, s&#8217;est impos\u00e9 comme une r\u00e9f\u00e9rence en mati\u00e8re de s\u00e9curit\u00e9: leader dans la conception et la fabrication d&#8217;une gamme compl\u00e8te d&#8217;\u00e9quipements et d&#8217;accessoires de d\u00e9tection d&#8217;intrusion et de s\u00e9curit\u00e9 incendie.<\/p>\n<p><a href=\"http:\/\/www.bentelsecurity.com\/\">Site Web du fabricant<\/a><\/p>\n<\/div>\n<p>[\/vc_column_text][\/vc_column_inner][\/vc_row_inner][vc_row_inner equal_height=&#8221;yes&#8221; content_placement=&#8221;middle&#8221; gap=&#8221;35&#8243; el_class=&#8221;container&#8221; css=&#8221;.vc_custom_1533212107588{margin-bottom: 60px !important;}&#8221;][vc_column_inner width=&#8221;1\/2&#8243;][vc_single_image image=&#8221;5353&#8243; img_size=&#8221;full&#8221; alignment=&#8221;center&#8221;][\/vc_column_inner][vc_column_inner width=&#8221;1\/2&#8243;][vc_custom_heading text=&#8221;Tyco&#8221; font_container=&#8221;tag:h2|font_size:45px|text_align:left|color:%234367a1|line_height:45px&#8221; google_fonts=&#8221;font_family:Lato%3A100%2C100italic%2C300%2C300italic%2Cregular%2Citalic%2C700%2C700italic%2C900%2C900italic|font_style:300%20light%20regular%3A300%3Anormal&#8221; css=&#8221;.vc_custom_1533212241840{margin-bottom: 0px !important;}&#8221;][vc_custom_heading text=&#8221;DSC&#8221; font_container=&#8221;tag:h2|font_size:45px|text_align:left|color:%234367a1|line_height:45px&#8221; google_fonts=&#8221;font_family:Lato%3A100%2C100italic%2C300%2C300italic%2Cregular%2Citalic%2C700%2C700italic%2C900%2C900italic|font_style:700%20bold%20regular%3A700%3Anormal&#8221; css=&#8221;.vc_custom_1574244508181{margin-top: 0px !important;}&#8221;][vc_raw_html]JTIwJTBBJTIwJTIwJTNDZGl2JTIwY2xhc3MlM0QlMjJsaW5lLTMtMTAwLWF6dWwlMjIlMkYlM0UlM0MlMkZkaXYlM0UlMEElMjA=[\/vc_raw_html][vc_column_text]<\/p>\n<div align=\"justify\">\n<p>DSC (Digital Security Controls) est l&#8217;un des leaders du groupe Tyco dans le monde de la s\u00e9curit\u00e9 \u00e9lectronique.<\/p>\n<p>D\u00e8s les panneaux de commande r\u00e9volutionnaires aux produits de surveillance d&#8217;alarme IP de derni\u00e8re g\u00e9n\u00e9ration en passant par les panneaux sans fil autonomes et modernes, DSC est \u00e0 l&#8217;avant-garde en ce qui concerne la s\u00e9curit\u00e9.<\/p>\n<p><a href=\"http:\/\/www.dsc.com\/\">Site Web du fabricant<\/a><\/p>\n<\/div>\n<p>[\/vc_column_text][\/vc_column_inner][\/vc_row_inner][vc_row_inner equal_height=&#8221;yes&#8221; content_placement=&#8221;middle&#8221; gap=&#8221;35&#8243; el_class=&#8221;container&#8221; css=&#8221;.vc_custom_1533212107588{margin-bottom: 60px !important;}&#8221;][vc_column_inner width=&#8221;1\/2&#8243;][vc_single_image image=&#8221;5359&#8243; img_size=&#8221;full&#8221; alignment=&#8221;center&#8221;][\/vc_column_inner][vc_column_inner width=&#8221;1\/2&#8243;][vc_custom_heading text=&#8221;Tyco&#8221; font_container=&#8221;tag:h2|font_size:45px|text_align:left|color:%234367a1|line_height:45px&#8221; google_fonts=&#8221;font_family:Lato%3A100%2C100italic%2C300%2C300italic%2Cregular%2Citalic%2C700%2C700italic%2C900%2C900italic|font_style:300%20light%20regular%3A300%3Anormal&#8221; css=&#8221;.vc_custom_1533212241840{margin-bottom: 0px !important;}&#8221;][vc_custom_heading text=&#8221;Visonic&#8221; font_container=&#8221;tag:h2|font_size:45px|text_align:left|color:%234367a1|line_height:45px&#8221; google_fonts=&#8221;font_family:Lato%3A100%2C100italic%2C300%2C300italic%2Cregular%2Citalic%2C700%2C700italic%2C900%2C900italic|font_style:700%20bold%20regular%3A700%3Anormal&#8221; css=&#8221;.vc_custom_1574244646307{margin-top: 0px !important;}&#8221;][vc_raw_html]JTIwJTBBJTIwJTIwJTNDZGl2JTIwY2xhc3MlM0QlMjJsaW5lLTMtMTAwLWF6dWwlMjIlMkYlM0UlM0MlMkZkaXYlM0UlMEElMjA=[\/vc_raw_html][vc_column_text]<\/p>\n<div align=\"justify\">\n<p>Visonic est une soci\u00e9t\u00e9 du groupe Tyco et fabricant de syst\u00e8mes et de composants de s\u00e9curit\u00e9 \u00e9lectronique de haute qualit\u00e9.<\/p>\n<p>Nous nous engageons \u00e0 am\u00e9liorer le mode de vie des personnes, en renfor\u00e7ant leur sentiment de s\u00e9curit\u00e9.<\/p>\n<p>Nos syst\u00e8mes et composants de s\u00e9curit\u00e9 r\u00e9sidentielle simples \u00e0 utiliser et innovants sont des \u00e9l\u00e9ments essentiels de la vie familiale quotidienne des personnes de tous \u00e2ges.<\/p>\n<p><a href=\"https:\/\/www.visonic.com\/en-hp-new?setRegion=true\">Site Web du fabricant<\/a><\/p>\n<\/div>\n<p>[\/vc_column_text][\/vc_column_inner][\/vc_row_inner][vc_row_inner equal_height=&#8221;yes&#8221; content_placement=&#8221;middle&#8221; gap=&#8221;35&#8243; el_class=&#8221;container&#8221; css=&#8221;.vc_custom_1533212107588{margin-bottom: 60px !important;}&#8221;][vc_column_inner width=&#8221;1\/2&#8243;][vc_single_image image=&#8221;5352&#8243; img_size=&#8221;full&#8221; alignment=&#8221;center&#8221;][\/vc_column_inner][vc_column_inner width=&#8221;1\/2&#8243;][vc_custom_heading text=&#8221;&#8221; font_container=&#8221;tag:h2|font_size:45px|text_align:left|color:%234367a1|line_height:45px&#8221; google_fonts=&#8221;font_family:Lato%3A100%2C100italic%2C300%2C300italic%2Cregular%2Citalic%2C700%2C700italic%2C900%2C900italic|font_style:300%20light%20regular%3A300%3Anormal&#8221; css=&#8221;.vc_custom_1533212241840{margin-bottom: 0px !important;}&#8221;][vc_custom_heading text=&#8221;Bosch&#8221; font_container=&#8221;tag:h2|font_size:45px|text_align:left|color:%234367a1|line_height:45px&#8221; google_fonts=&#8221;font_family:Lato%3A100%2C100italic%2C300%2C300italic%2Cregular%2Citalic%2C700%2C700italic%2C900%2C900italic|font_style:700%20bold%20regular%3A700%3Anormal&#8221; css=&#8221;.vc_custom_1534169707413{margin-top: 0px !important;}&#8221;][vc_raw_html]JTIwJTBBJTIwJTIwJTNDZGl2JTIwY2xhc3MlM0QlMjJsaW5lLTMtMTAwLWF6dWwlMjIlMkYlM0UlM0MlMkZkaXYlM0UlMEElMjA=[\/vc_raw_html][vc_column_text]<\/p>\n<div align=\"justify\">\n<p>La c\u00e9l\u00e8bre marque allemande de syst\u00e8mes de s\u00e9curit\u00e9 Bosch est r\u00e9put\u00e9e pour ses normes de qualit\u00e9.<\/p>\n<p><a href=\"https:\/\/www.boschsecurity.com\/fr\/fr\/produits\/systemes-dalarme-intrusion\/\">Site Web du fabricant<\/a><\/p>\n<\/div>\n<p>[\/vc_column_text][\/vc_column_inner][\/vc_row_inner][vc_row_inner equal_height=&#8221;yes&#8221; content_placement=&#8221;middle&#8221; gap=&#8221;35&#8243; el_class=&#8221;container&#8221; css=&#8221;.vc_custom_1533212107588{margin-bottom: 60px !important;}&#8221;][vc_column_inner width=&#8221;1\/2&#8243;][vc_single_image image=&#8221;5355&#8243; img_size=&#8221;full&#8221; alignment=&#8221;center&#8221;][\/vc_column_inner][vc_column_inner width=&#8221;1\/2&#8243;][vc_custom_heading text=&#8221;&#8221; font_container=&#8221;tag:h2|font_size:45px|text_align:left|color:%234367a1|line_height:45px&#8221; google_fonts=&#8221;font_family:Lato%3A100%2C100italic%2C300%2C300italic%2Cregular%2Citalic%2C700%2C700italic%2C900%2C900italic|font_style:300%20light%20regular%3A300%3Anormal&#8221; css=&#8221;.vc_custom_1533212241840{margin-bottom: 0px !important;}&#8221;][vc_custom_heading text=&#8221;Honeywell&#8221; font_container=&#8221;tag:h2|font_size:45px|text_align:left|color:%234367a1|line_height:45px&#8221; google_fonts=&#8221;font_family:Lato%3A100%2C100italic%2C300%2C300italic%2Cregular%2Citalic%2C700%2C700italic%2C900%2C900italic|font_style:700%20bold%20regular%3A700%3Anormal&#8221; css=&#8221;.vc_custom_1534170088998{margin-top: 0px !important;}&#8221;][vc_raw_html]JTIwJTBBJTIwJTIwJTNDZGl2JTIwY2xhc3MlM0QlMjJsaW5lLTMtMTAwLWF6dWwlMjIlMkYlM0UlM0MlMkZkaXYlM0UlMEElMjA=[\/vc_raw_html][vc_column_text]<\/p>\n<div align=\"justify\">\n<p>En tant que pionnier du secteur, Honeywell a mis au point un grand nombre des innovations de rupture qui ont fa\u00e7onn\u00e9 les syst\u00e8mes de s\u00e9curit\u00e9 r\u00e9sidentiels et commerciaux actuels.<\/p>\n<p><a href=\"https:\/\/www.security.honeywell.com\/uk\/products\/intruder\/control-panels\/dimension\/index.html\">Site Web du fabricant<\/a><\/p>\n<\/div>\n<p>[\/vc_column_text][\/vc_column_inner][\/vc_row_inner][vc_row_inner equal_height=&#8221;yes&#8221; content_placement=&#8221;middle&#8221; gap=&#8221;35&#8243; el_class=&#8221;container&#8221; css=&#8221;.vc_custom_1533212107588{margin-bottom: 60px !important;}&#8221;][vc_column_inner width=&#8221;1\/2&#8243;][vc_single_image image=&#8221;5357&#8243; img_size=&#8221;full&#8221; alignment=&#8221;center&#8221;][\/vc_column_inner][vc_column_inner width=&#8221;1\/2&#8243;][vc_custom_heading text=&#8221;&#8221; font_container=&#8221;tag:h2|font_size:45px|text_align:left|color:%234367a1|line_height:45px&#8221; google_fonts=&#8221;font_family:Lato%3A100%2C100italic%2C300%2C300italic%2Cregular%2Citalic%2C700%2C700italic%2C900%2C900italic|font_style:300%20light%20regular%3A300%3Anormal&#8221; css=&#8221;.vc_custom_1533212241840{margin-bottom: 0px !important;}&#8221;][vc_custom_heading text=&#8221;Vanderbilt&#8221; font_container=&#8221;tag:h2|font_size:45px|text_align:left|color:%234367a1|line_height:45px&#8221; google_fonts=&#8221;font_family:Lato%3A100%2C100italic%2C300%2C300italic%2Cregular%2Citalic%2C700%2C700italic%2C900%2C900italic|font_style:700%20bold%20regular%3A700%3Anormal&#8221; css=&#8221;.vc_custom_1534170238742{margin-top: 0px !important;}&#8221;][vc_raw_html]JTIwJTBBJTIwJTIwJTNDZGl2JTIwY2xhc3MlM0QlMjJsaW5lLTMtMTAwLWF6dWwlMjIlMkYlM0UlM0MlMkZkaXYlM0UlMEElMjA=[\/vc_raw_html][vc_column_text]<\/p>\n<div align=\"justify\">\n<p>Les solutions d\u2019intrusion Vanderbilt couvrent des nombreux secteurs avec certains des produits de s\u00e9curit\u00e9 les plus fiables sur le march\u00e9.<\/p>\n<p>Avec la possibilit\u00e9 d&#8217;acc\u00e9der \u00e0 distance \u00e0 votre syst\u00e8me et de le g\u00e9rer \u00e0 tout moment, o\u00f9 que vous soyez et quand vous en aurez besoin, les solutions sont id\u00e9ales pour la s\u00e9curit\u00e9 du domicile et la s\u00e9curit\u00e9 de l&#8217;entreprise.<\/p>\n<p><a href=\"https:\/\/vanderbiltindustries.com\/products\/intrusion-detection\">Site Web du fabricant<\/a><\/p>\n<\/div>\n<p>[\/vc_column_text][\/vc_column_inner][\/vc_row_inner][vc_row_inner equal_height=&#8221;yes&#8221; content_placement=&#8221;middle&#8221; gap=&#8221;35&#8243; el_class=&#8221;container&#8221; css=&#8221;.vc_custom_1533212107588{margin-bottom: 60px !important;}&#8221;][vc_column_inner width=&#8221;1\/2&#8243;][vc_single_image image=&#8221;5358&#8243; img_size=&#8221;full&#8221; alignment=&#8221;center&#8221;][\/vc_column_inner][vc_column_inner width=&#8221;1\/2&#8243;][vc_custom_heading text=&#8221;&#8221; font_container=&#8221;tag:h2|font_size:45px|text_align:left|color:%234367a1|line_height:45px&#8221; google_fonts=&#8221;font_family:Lato%3A100%2C100italic%2C300%2C300italic%2Cregular%2Citalic%2C700%2C700italic%2C900%2C900italic|font_style:300%20light%20regular%3A300%3Anormal&#8221; css=&#8221;.vc_custom_1533212241840{margin-bottom: 0px !important;}&#8221;][vc_custom_heading text=&#8221;UTC&#8221; font_container=&#8221;tag:h2|font_size:45px|text_align:left|color:%234367a1|line_height:45px&#8221; google_fonts=&#8221;font_family:Lato%3A100%2C100italic%2C300%2C300italic%2Cregular%2Citalic%2C700%2C700italic%2C900%2C900italic|font_style:700%20bold%20regular%3A700%3Anormal&#8221; css=&#8221;.vc_custom_1574244783838{margin-top: 0px !important;}&#8221;][vc_raw_html]JTIwJTBBJTIwJTIwJTNDZGl2JTIwY2xhc3MlM0QlMjJsaW5lLTMtMTAwLWF6dWwlMjIlMkYlM0UlM0MlMkZkaXYlM0UlMEElMjA=[\/vc_raw_html][vc_column_text]<\/p>\n<div align=\"justify\">\n<p>Les marques Aritech et Interlogix sont connues depuis plus de 30 ans pour la conception de technologies de d\u00e9tection.<\/p>\n<p><a href=\"https:\/\/fr.firesecurityproducts.com\/fr\/home\">Site Web du fabricant<\/a><\/p>\n<\/div>\n<p>[\/vc_column_text][\/vc_column_inner][\/vc_row_inner][vc_row_inner equal_height=&#8221;yes&#8221; content_placement=&#8221;middle&#8221; gap=&#8221;35&#8243; el_class=&#8221;container&#8221; css=&#8221;.vc_custom_1533212107588{margin-bottom: 60px !important;}&#8221;][vc_column_inner width=&#8221;1\/2&#8243;][vc_single_image image=&#8221;15888&#8243; img_size=&#8221;full&#8221; alignment=&#8221;center&#8221;][\/vc_column_inner][vc_column_inner width=&#8221;1\/2&#8243;][vc_custom_heading text=&#8221;&#8221; font_container=&#8221;tag:h2|font_size:45px|text_align:left|color:%234367a1|line_height:45px&#8221; google_fonts=&#8221;font_family:Lato%3A100%2C100italic%2C300%2C300italic%2Cregular%2Citalic%2C700%2C700italic%2C900%2C900italic|font_style:300%20light%20regular%3A300%3Anormal&#8221; css=&#8221;.vc_custom_1533212241840{margin-bottom: 0px !important;}&#8221;][vc_custom_heading text=&#8221;Honeywell&#8221; font_container=&#8221;tag:h2|font_size:45px|text_align:left|color:%234367a1|line_height:45px&#8221; google_fonts=&#8221;font_family:Lato%3A100%2C100italic%2C300%2C300italic%2Cregular%2Citalic%2C700%2C700italic%2C900%2C900italic|font_style:700%20bold%20regular%3A700%3Anormal&#8221; css=&#8221;.vc_custom_1600340779913{margin-top: 0px !important;}&#8221;][vc_raw_html]JTIwJTBBJTIwJTIwJTNDZGl2JTIwY2xhc3MlM0QlMjJsaW5lLTMtMTAwLWF6dWwlMjIlMkYlM0UlM0MlMkZkaXYlM0UlMEElMjA=[\/vc_raw_html][vc_column_text]<\/p>\n<div align=\"justify\">\n<p>Les syst\u00e8mes d&#8217;alarme anti-intrusion sont des panneaux de commande et des capteurs de mouvement enti\u00e8rement int\u00e9gr\u00e9s et peuvent \u00e9galement int\u00e9grer un contr\u00f4le d&#8217;acc\u00e8s avec l&#8217;ajout de modules de commande de porte. Ils comprennent la protection de l&#8217;environnement, les dispositifs de s\u00e9curit\u00e9 des personnes et les produits de protection du p\u00e9rim\u00e8tre, y compris les bris de verre, les capteurs sismiques et de choc. Certains des syst\u00e8mes ont une conception modulaire et diff\u00e9rentes options de communication, vous pouvez donc les adapter \u00e0 vos besoins. Vous pouvez choisir entre des solutions filaires, sans fil ou hybrides.<\/p>\n<p><a href=\"https:\/\/www.security.honeywell.com\/All-Categories\/intrusion\">Site Web du fabricant<\/a><\/p>\n<\/div>\n<p>[\/vc_column_text][\/vc_column_inner][\/vc_row_inner][\/vc_column][\/vc_row]<\/p>\n","protected":false},"excerpt":{"rendered":"<p>[vc_row parallax=&#8221;content-moving-fade&#8221; parallax_image=&#8221;3416&#8243; css=&#8221;.vc_custom_1527259384638{padding-top: 160px !important;padding-bottom: 220px !important;background-image: url(https:\/\/www.sensorpoint.pt\/wp-content\/uploads\/2018\/05\/intrusao.jpg?id=3897) !important;}&#8221;][vc_column][vc_custom_heading text=&#8221;Syst\u00e8mes de D\u00e9tection d&#8217;Intrusion&#8221; font_container=&#8221;tag:h1|font_size:44px|text_align:center|color:%23ffffff&#8221; use_theme_fonts=&#8221;yes&#8221; el_class=&#8221;section-heading&#8221;][\/vc_column][\/vc_row][vc_row css=&#8221;.vc_custom_1475934235598{padding-top: 80px !important;padding-bottom: 100px !important;background-color: #ffffff [&hellip;]<\/p>\n","protected":false},"author":1,"featured_media":0,"parent":0,"menu_order":0,"comment_status":"closed","ping_status":"closed","template":"","meta":{"advgb_blocks_editor_width":"","advgb_blocks_columns_visual_guide":"","footnotes":""},"class_list":["post-6780","page","type-page","status-publish","hentry"],"coauthors":[],"author_meta":{"author_link":"https:\/\/sp.inovamatic.com\/fr\/author\/miguelmailribeiro_h017r696\/","display_name":"admin"},"relative_dates":{"created":"Publi\u00e9 8 ans il y a","modified":"Mis \u00e0 jour 6 ans il y a"},"absolute_dates":{"created":"Publi\u00e9 le octobre 18, 2018","modified":"Mise \u00e0 jour le septembre 17, 2020"},"absolute_dates_time":{"created":"Publi\u00e9 le octobre 18, 2018 3:38 pm","modified":"Mise \u00e0 jour le septembre 17, 2020 12:08 pm"},"featured_img_caption":"","featured_img":false,"series_order":"","_links":{"self":[{"href":"https:\/\/sp.inovamatic.com\/fr\/wp-json\/wp\/v2\/pages\/6780","targetHints":{"allow":["GET"]}}],"collection":[{"href":"https:\/\/sp.inovamatic.com\/fr\/wp-json\/wp\/v2\/pages"}],"about":[{"href":"https:\/\/sp.inovamatic.com\/fr\/wp-json\/wp\/v2\/types\/page"}],"author":[{"embeddable":true,"href":"https:\/\/sp.inovamatic.com\/fr\/wp-json\/wp\/v2\/users\/1"}],"replies":[{"embeddable":true,"href":"https:\/\/sp.inovamatic.com\/fr\/wp-json\/wp\/v2\/comments?post=6780"}],"version-history":[{"count":8,"href":"https:\/\/sp.inovamatic.com\/fr\/wp-json\/wp\/v2\/pages\/6780\/revisions"}],"predecessor-version":[{"id":15939,"href":"https:\/\/sp.inovamatic.com\/fr\/wp-json\/wp\/v2\/pages\/6780\/revisions\/15939"}],"wp:attachment":[{"href":"https:\/\/sp.inovamatic.com\/fr\/wp-json\/wp\/v2\/media?parent=6780"}],"curies":[{"name":"wp","href":"https:\/\/api.w.org\/{rel}","templated":true}]}}