{"id":6774,"date":"2018-10-18T15:36:49","date_gmt":"2018-10-18T14:36:49","guid":{"rendered":"https:\/\/sensorpoint.pt\/systemes-de-detection-dincendie\/"},"modified":"2022-07-12T18:56:25","modified_gmt":"2022-07-12T17:56:25","slug":"systemes-de-detection-dincendie","status":"publish","type":"page","link":"https:\/\/sp.inovamatic.com\/fr\/systemes-de-detection-dincendie\/","title":{"rendered":"Syst\u00e8mes de D\u00e9tection d&#8217;Incendie"},"content":{"rendered":"<p>[vc_row parallax=&#8221;content-moving-fade&#8221; parallax_image=&#8221;3416&#8243; css=&#8221;.vc_custom_1527259623043{padding-top: 160px !important;padding-bottom: 220px !important;background-image: url(https:\/\/www.sensorpoint.pt\/wp-content\/uploads\/2018\/05\/fire-slider2.jpg?id=3901) !important;}&#8221;][vc_column][vc_custom_heading text=&#8221;Syst\u00e8mes de D\u00e9tection d&#8217;Incendie&#8221; font_container=&#8221;tag:h1|font_size:44px|text_align:center|color:%23ffffff&#8221; use_theme_fonts=&#8221;yes&#8221; el_class=&#8221;section-heading&#8221;][\/vc_column][\/vc_row][vc_row css=&#8221;.vc_custom_1475934235598{padding-top: 80px !important;padding-bottom: 100px !important;background-color: #ffffff !important;}&#8221;][vc_column][vc_row_inner el_class=&#8221;container&#8221; css=&#8221;.vc_custom_1475933788716{margin-bottom: 60px !important;}&#8221;][vc_column_inner][vc_custom_heading text=&#8221;Chaque jour, nous entendons parler d&#8217;entreprises et de familles qui voient le patrimoine qui leur a pris tant d&#8217;ann\u00e9es et d&#8217;efforts et qui, d&#8217;un moment \u00e0 l&#8217;autre, sont r\u00e9duites en cendres.<br \/>\nMais tout empire lorsque des vies sont perdues.<\/p>\n<p>Avec la mise en place d&#8217;un syst\u00e8me de d\u00e9tection d&#8217;incendie, ces cauchemars disparaissent.<\/p>\n<p>Un syst\u00e8me de d\u00e9tection d&#8217;incendie est responsable de la d\u00e9tection rapide et fiable d&#8217;un incendie \u00e0 un stade pr\u00e9coce. Ces syst\u00e8mes, en plus de d\u00e9clencher l&#8217;alarme, d\u00e9clenchent \u00e9galement une s\u00e9rie de processus d&#8217;activation emp\u00eachant la propagation du feu, tels que la compartimentation, l&#8217;activation de syst\u00e8mes d&#8217;extinction, etc.<\/p>\n<p>Notre gamme de produits convient \u00e0 la plupart des installations sur le march\u00e9, allant des installations petites \u00e0 grandes, des installations simples de vente au d\u00e9tail \u00e0 des installations industrielles plus complexes.&#8221; font_container=&#8221;tag:h4|text_align:left|color:%23999999|line_height:28px&#8221; use_theme_fonts=&#8221;yes&#8221;][\/vc_column_inner][\/vc_row_inner][vc_row_inner equal_height=&#8221;yes&#8221; content_placement=&#8221;middle&#8221; gap=&#8221;35&#8243; el_class=&#8221;container&#8221; css=&#8221;.vc_custom_1533212107588{margin-bottom: 60px !important;}&#8221;][vc_column_inner width=&#8221;1\/2&#8243;][vc_single_image image=&#8221;4789&#8243; img_size=&#8221;full&#8221; alignment=&#8221;center&#8221;][\/vc_column_inner][vc_column_inner width=&#8221;1\/2&#8243;][vc_custom_heading text=&#8221;Tyco&#8221; font_container=&#8221;tag:h2|font_size:45px|text_align:left|color:%234367a1|line_height:45px&#8221; google_fonts=&#8221;font_family:Lato%3A100%2C100italic%2C300%2C300italic%2Cregular%2Citalic%2C700%2C700italic%2C900%2C900italic|font_style:300%20light%20regular%3A300%3Anormal&#8221; css=&#8221;.vc_custom_1533212241840{margin-bottom: 0px !important;}&#8221;][vc_custom_heading text=&#8221;Simplex&#8221; font_container=&#8221;tag:h2|font_size:45px|text_align:left|color:%234367a1|line_height:45px&#8221; google_fonts=&#8221;font_family:Lato%3A100%2C100italic%2C300%2C300italic%2Cregular%2Citalic%2C700%2C700italic%2C900%2C900italic|font_style:700%20bold%20regular%3A700%3Anormal&#8221; css=&#8221;.vc_custom_1533212250391{margin-top: 0px !important;}&#8221;][vc_raw_html]JTIwJTBBJTIwJTIwJTNDZGl2JTIwY2xhc3MlM0QlMjJsaW5lLTMtMTAwLWF6dWwlMjIlMkYlM0UlM0MlMkZkaXYlM0UlMEElMjA=[\/vc_raw_html][vc_column_text]<\/p>\n<div align=\"justify\">\n<p>Il s&#8217;agit d&#8217;une soci\u00e9t\u00e9 centenaire d&#8217;Am\u00e9rique du Nord, qui fait actuellement partie du groupe Tyco, leader mondial dans la fabrication de syst\u00e8mes de d\u00e9tection d&#8217;incendie bas\u00e9s sur les normes UL.<\/p>\n<p>N&#8217;\u00e9tant pas un produit standard pour l&#8217;Europe, o\u00f9 le march\u00e9 exige d&#8217;autres normes, il s&#8217;agit d&#8217;une gamme de produits adapt\u00e9e aux march\u00e9s o\u00f9 les normes UL sont \u00e9galement requises ou plus facilement tol\u00e9r\u00e9es, tels que certains march\u00e9s des continents africain et asiatique o\u00f9 Sensorpoint fonctionne \u00e9galement.<\/p>\n<p><a href=\"https:\/\/simplex-fire.com\/en\/us\/Pages\/default.aspx\" target=\"_blank\" rel=\"noopener noreferrer\">Site Web du fabricant<\/a><\/p>\n<\/div>\n<p>[\/vc_column_text][\/vc_column_inner][\/vc_row_inner][vc_row_inner equal_height=&#8221;yes&#8221; content_placement=&#8221;middle&#8221; gap=&#8221;35&#8243; el_class=&#8221;container&#8221; css=&#8221;.vc_custom_1533212107588{margin-bottom: 60px !important;}&#8221;][vc_column_inner width=&#8221;1\/2&#8243;][vc_single_image image=&#8221;4784&#8243; img_size=&#8221;full&#8221; alignment=&#8221;center&#8221;][\/vc_column_inner][vc_column_inner width=&#8221;1\/2&#8243;][vc_custom_heading text=&#8221;Tyco&#8221; font_container=&#8221;tag:h2|font_size:45px|text_align:left|color:%234367a1|line_height:45px&#8221; google_fonts=&#8221;font_family:Lato%3A100%2C100italic%2C300%2C300italic%2Cregular%2Citalic%2C700%2C700italic%2C900%2C900italic|font_style:300%20light%20regular%3A300%3Anormal&#8221; css=&#8221;.vc_custom_1533212241840{margin-bottom: 0px !important;}&#8221;][vc_custom_heading text=&#8221;Zettler&#8221; font_container=&#8221;tag:h2|font_size:45px|text_align:left|color:%234367a1|line_height:45px&#8221; google_fonts=&#8221;font_family:Lato%3A100%2C100italic%2C300%2C300italic%2Cregular%2Citalic%2C700%2C700italic%2C900%2C900italic|font_style:700%20bold%20regular%3A700%3Anormal&#8221; css=&#8221;.vc_custom_1533212250391{margin-top: 0px !important;}&#8221;][vc_raw_html]JTIwJTBBJTIwJTIwJTNDZGl2JTIwY2xhc3MlM0QlMjJsaW5lLTMtMTAwLWF6dWwlMjIlMkYlM0UlM0MlMkZkaXYlM0UlMEElMjA=[\/vc_raw_html][vc_column_text]<\/p>\n<div align=\"justify\">\n<p>Avec plus de 100 ans d&#8217;exp\u00e9rience dans le d\u00e9veloppement de technologies pour la d\u00e9tection d&#8217;incendies, la marque la plus importante du groupe Tyco est destin\u00e9e au march\u00e9 europ\u00e9en.<\/p>\n<p>Actuellement, il produit une gamme compl\u00e8te de produits selon les normes EN54 et les certifications valables pour tous les pays europ\u00e9ens, y compris les plus exigeants, tels que les certifications LPCB, VdS et m\u00eame NF dans certaines de ses variantes, ce qui est \u00e9galement tr\u00e8s important dans les pays francophones en Afrique, march\u00e9s sur lesquels Sensorpoint op\u00e8re.<\/p>\n<p><a href=\"https:\/\/www.zettlerfire.com\/Index_FR.asp\" target=\"_blank\" rel=\"noopener noreferrer\">Site Web du fabricant<\/a><\/p>\n<\/div>\n<p>[\/vc_column_text][\/vc_column_inner][\/vc_row_inner][vc_row_inner equal_height=&#8221;yes&#8221; content_placement=&#8221;middle&#8221; gap=&#8221;35&#8243; el_class=&#8221;container&#8221; css=&#8221;.vc_custom_1533212107588{margin-bottom: 60px !important;}&#8221;][vc_column_inner width=&#8221;1\/2&#8243;][vc_single_image image=&#8221;4798&#8243; img_size=&#8221;full&#8221; alignment=&#8221;center&#8221;][\/vc_column_inner][vc_column_inner width=&#8221;1\/2&#8243;][vc_custom_heading text=&#8221;Tyco&#8221; font_container=&#8221;tag:h2|font_size:45px|text_align:left|color:%234367a1|line_height:45px&#8221; google_fonts=&#8221;font_family:Lato%3A100%2C100italic%2C300%2C300italic%2Cregular%2Citalic%2C700%2C700italic%2C900%2C900italic|font_style:300%20light%20regular%3A300%3Anormal&#8221; css=&#8221;.vc_custom_1533212241840{margin-bottom: 0px !important;}&#8221;][vc_custom_heading text=&#8221;Fireclass&#8221; font_container=&#8221;tag:h2|font_size:45px|text_align:left|color:%234367a1|line_height:45px&#8221; google_fonts=&#8221;font_family:Lato%3A100%2C100italic%2C300%2C300italic%2Cregular%2Citalic%2C700%2C700italic%2C900%2C900italic|font_style:700%20bold%20regular%3A700%3Anormal&#8221; css=&#8221;.vc_custom_1574242602063{margin-top: 0px !important;}&#8221;][vc_raw_html]JTIwJTBBJTIwJTIwJTNDZGl2JTIwY2xhc3MlM0QlMjJsaW5lLTMtMTAwLWF6dWwlMjIlMkYlM0UlM0MlMkZkaXYlM0UlMEElMjA=[\/vc_raw_html][vc_column_text]<\/p>\n<div align=\"justify\">\n<p>Malgr\u00e9 sa r\u00e9cente apparition sur le march\u00e9 europ\u00e9en, cette marque appartenant au groupe Tyco poss\u00e8de une vaste exp\u00e9rience dans la production de produits de s\u00e9curit\u00e9 incendie.<\/p>\n<p>La gamme de produits Fireclass a \u00e9t\u00e9 sp\u00e9cialement con\u00e7ue pour les syst\u00e8mes de petite et moyenne taille o\u00f9 les sp\u00e9cifications techniques ne sont pas tr\u00e8s exigeantes, mais leur qualit\u00e9 et leur fiabilit\u00e9 sont extr\u00eamement importantes.<\/p>\n<p><a href=\"https:\/\/fireclass.co.uk\/\" target=\"_blank\" rel=\"noopener noreferrer\">Site Web du fabricant<\/a><\/p>\n<\/div>\n<p>[\/vc_column_text][\/vc_column_inner][\/vc_row_inner][vc_row_inner equal_height=&#8221;yes&#8221; content_placement=&#8221;middle&#8221; gap=&#8221;35&#8243; el_class=&#8221;container&#8221; css=&#8221;.vc_custom_1533212107588{margin-bottom: 60px !important;}&#8221;][vc_column_inner width=&#8221;1\/2&#8243;][vc_single_image image=&#8221;4820&#8243; img_size=&#8221;full&#8221; alignment=&#8221;center&#8221;][\/vc_column_inner][vc_column_inner width=&#8221;1\/2&#8243;][vc_custom_heading text=&#8221;&#8221; font_container=&#8221;tag:h2|font_size:45px|text_align:left|color:%234367a1|line_height:45px&#8221; google_fonts=&#8221;font_family:Lato%3A100%2C100italic%2C300%2C300italic%2Cregular%2Citalic%2C700%2C700italic%2C900%2C900italic|font_style:300%20light%20regular%3A300%3Anormal&#8221; css=&#8221;.vc_custom_1533212241840{margin-bottom: 0px !important;}&#8221;][vc_custom_heading text=&#8221;Siemens&#8221; font_container=&#8221;tag:h2|font_size:45px|text_align:left|color:%234367a1|line_height:45px&#8221; google_fonts=&#8221;font_family:Lato%3A100%2C100italic%2C300%2C300italic%2Cregular%2Citalic%2C700%2C700italic%2C900%2C900italic|font_style:700%20bold%20regular%3A700%3Anormal&#8221; css=&#8221;.vc_custom_1533212250391{margin-top: 0px !important;}&#8221;][vc_raw_html]JTIwJTBBJTIwJTIwJTNDZGl2JTIwY2xhc3MlM0QlMjJsaW5lLTMtMTAwLWF6dWwlMjIlMkYlM0UlM0MlMkZkaXYlM0UlMEElMjA=[\/vc_raw_html][vc_column_text]<\/p>\n<div align=\"justify\">\n<p>Marque mondiale de produits de production et de gestion de l&#8217;\u00e9nergie, ainsi que la gestion de b\u00e2timents, est \u00e9galement reconnue pour ses syst\u00e8mes de s\u00e9curit\u00e9 incendie.<\/p>\n<p>Cette gamme de produits est largement bas\u00e9e sur les normes europ\u00e9ennes et les normes strictes de VdS poss\u00e8de une amplitude tr\u00e8s \u00e9tendue qui s\u2019adapte aux b\u00e2timents de toutes tailles.<\/p>\n<p><a href=\"https:\/\/www.buildingtechnologies.siemens.com\/bt\/global\/en\/firesafety\/fire-detection\/cerberus-pro-fire-safety-system\/Pages\/cerberus-pro.aspx\" target=\"_blank\" rel=\"noopener noreferrer\">Site Web du fabricant<\/a><\/p>\n<\/div>\n<p>[\/vc_column_text][\/vc_column_inner][\/vc_row_inner][vc_row_inner equal_height=&#8221;yes&#8221; content_placement=&#8221;middle&#8221; gap=&#8221;35&#8243; el_class=&#8221;container&#8221; css=&#8221;.vc_custom_1533212107588{margin-bottom: 60px !important;}&#8221;][vc_column_inner width=&#8221;1\/2&#8243;][vc_single_image image=&#8221;4821&#8243; img_size=&#8221;full&#8221; alignment=&#8221;center&#8221;][\/vc_column_inner][vc_column_inner width=&#8221;1\/2&#8243;][vc_custom_heading text=&#8221;&#8221; font_container=&#8221;tag:h2|font_size:45px|text_align:left|color:%234367a1|line_height:45px&#8221; google_fonts=&#8221;font_family:Lato%3A100%2C100italic%2C300%2C300italic%2Cregular%2Citalic%2C700%2C700italic%2C900%2C900italic|font_style:300%20light%20regular%3A300%3Anormal&#8221; css=&#8221;.vc_custom_1533212241840{margin-bottom: 0px !important;}&#8221;][vc_custom_heading text=&#8221;Aritech&#8221; font_container=&#8221;tag:h2|font_size:45px|text_align:left|color:%234367a1|line_height:45px&#8221; google_fonts=&#8221;font_family:Lato%3A100%2C100italic%2C300%2C300italic%2Cregular%2Citalic%2C700%2C700italic%2C900%2C900italic|font_style:700%20bold%20regular%3A700%3Anormal&#8221; css=&#8221;.vc_custom_1574243139455{margin-top: 0px !important;}&#8221;][vc_raw_html]JTIwJTBBJTIwJTIwJTNDZGl2JTIwY2xhc3MlM0QlMjJsaW5lLTMtMTAwLWF6dWwlMjIlMkYlM0UlM0MlMkZkaXYlM0UlMEElMjA=[\/vc_raw_html][vc_column_text]<\/p>\n<div align=\"justify\">\n<p>Marque de produits de s\u00e9curit\u00e9, du groupe nord-am\u00e9ricain UTC, qui int\u00e8gre un vaste portefeuille de produits r\u00e9ellement populaires dans le monde entier.<\/p>\n<p>Les syst\u00e8mes d\u2019intrusion d\u2019Aritech sont certes les plus largement utilis\u00e9s au monde, mais sa gamme de produits s\u2019\u00e9tend \u00e9galement aux syst\u00e8mes de contr\u00f4le d\u2019acc\u00e8s, de vid\u00e9osurveillance CCTV et de d\u00e9tection d\u2019incendie.<\/p>\n<p><a href=\"https:\/\/fr.firesecurityproducts.com\/fr\/home\" target=\"_blank\" rel=\"noopener noreferrer\">Site Web du fabricant<\/a><\/p>\n<\/div>\n<p>[\/vc_column_text][\/vc_column_inner][\/vc_row_inner][vc_row_inner equal_height=&#8221;yes&#8221; content_placement=&#8221;middle&#8221; gap=&#8221;35&#8243; el_class=&#8221;container&#8221; css=&#8221;.vc_custom_1533212107588{margin-bottom: 60px !important;}&#8221;][vc_column_inner width=&#8221;1\/2&#8243;][vc_single_image image=&#8221;5056&#8243; img_size=&#8221;full&#8221; alignment=&#8221;center&#8221;][\/vc_column_inner][vc_column_inner width=&#8221;1\/2&#8243;][vc_custom_heading text=&#8221;&#8221; font_container=&#8221;tag:h2|font_size:45px|text_align:left|color:%234367a1|line_height:45px&#8221; google_fonts=&#8221;font_family:Lato%3A100%2C100italic%2C300%2C300italic%2Cregular%2Citalic%2C700%2C700italic%2C900%2C900italic|font_style:300%20light%20regular%3A300%3Anormal&#8221; css=&#8221;.vc_custom_1533212241840{margin-bottom: 0px !important;}&#8221;][vc_custom_heading text=&#8221;Vesda&#8221; font_container=&#8221;tag:h2|font_size:45px|text_align:left|color:%234367a1|line_height:45px&#8221; google_fonts=&#8221;font_family:Lato%3A100%2C100italic%2C300%2C300italic%2Cregular%2Citalic%2C700%2C700italic%2C900%2C900italic|font_style:700%20bold%20regular%3A700%3Anormal&#8221; css=&#8221;.vc_custom_1574243057093{margin-top: 0px !important;}&#8221;][vc_raw_html]JTIwJTBBJTIwJTIwJTNDZGl2JTIwY2xhc3MlM0QlMjJsaW5lLTMtMTAwLWF6dWwlMjIlMkYlM0UlM0MlMkZkaXYlM0UlMEElMjA=[\/vc_raw_html][vc_column_text]<\/p>\n<div align=\"justify\">\n<p>Marque de produits de s\u00e9curit\u00e9, du groupe nord-am\u00e9ricain Honeywell, qui int\u00e8gre un vaste portefeuille de produits de d\u00e9tection d&#8217;incendie par Aspiration.<\/p>\n<p><a href=\"https:\/\/xtralis.com\/p.cfm?s=22&amp;p=538\" target=\"_blank\" rel=\"noopener noreferrer\">Site Web du fabricant<\/a><\/p>\n<\/div>\n<p>[\/vc_column_text][\/vc_column_inner][\/vc_row_inner][vc_row_inner equal_height=&#8221;yes&#8221; content_placement=&#8221;middle&#8221; gap=&#8221;35&#8243; el_class=&#8221;container&#8221; css=&#8221;.vc_custom_1533212107588{margin-bottom: 60px !important;}&#8221;][vc_column_inner width=&#8221;1\/2&#8243;][vc_single_image image=&#8221;5131&#8243; img_size=&#8221;full&#8221; alignment=&#8221;center&#8221;][\/vc_column_inner][vc_column_inner width=&#8221;1\/2&#8243;][vc_custom_heading text=&#8221;&#8221; font_container=&#8221;tag:h2|font_size:45px|text_align:left|color:%234367a1|line_height:45px&#8221; google_fonts=&#8221;font_family:Lato%3A100%2C100italic%2C300%2C300italic%2Cregular%2Citalic%2C700%2C700italic%2C900%2C900italic|font_style:300%20light%20regular%3A300%3Anormal&#8221; css=&#8221;.vc_custom_1533212241840{margin-bottom: 0px !important;}&#8221;][vc_custom_heading text=&#8221;OSID&#8221; font_container=&#8221;tag:h2|font_size:45px|text_align:left|color:%234367a1|line_height:45px&#8221; google_fonts=&#8221;font_family:Lato%3A100%2C100italic%2C300%2C300italic%2Cregular%2Citalic%2C700%2C700italic%2C900%2C900italic|font_style:700%20bold%20regular%3A700%3Anormal&#8221; css=&#8221;.vc_custom_1574243082020{margin-top: 0px !important;}&#8221;][vc_raw_html]JTIwJTBBJTIwJTIwJTNDZGl2JTIwY2xhc3MlM0QlMjJsaW5lLTMtMTAwLWF6dWwlMjIlMkYlM0UlM0MlMkZkaXYlM0UlMEElMjA=[\/vc_raw_html][vc_column_text]<\/p>\n<div align=\"justify\">\n<p>Marque de produits de s\u00e9curit\u00e9, du groupe nord-am\u00e9ricain Honeywell, qui int\u00e8gre un vaste portefeuille de produits de d\u00e9tection d&#8217;incendie avec des d\u00e9tecteurs lin\u00e9aires.<\/p>\n<p><a href=\"https:\/\/xtralis.com\/product_view.cfm?product_id=67\" target=\"_blank\" rel=\"noopener noreferrer\">Site Web du fabricant<\/a><\/p>\n<\/div>\n<p>[\/vc_column_text][\/vc_column_inner][\/vc_row_inner][vc_row_inner equal_height=&#8221;yes&#8221; content_placement=&#8221;middle&#8221; gap=&#8221;35&#8243; el_class=&#8221;container&#8221; css=&#8221;.vc_custom_1533212107588{margin-bottom: 60px !important;}&#8221;][vc_column_inner width=&#8221;1\/2&#8243;][vc_single_image image=&#8221;15850&#8243; img_size=&#8221;full&#8221; alignment=&#8221;center&#8221;][\/vc_column_inner][vc_column_inner width=&#8221;1\/2&#8243;][vc_custom_heading text=&#8221;Honeywell&#8221; font_container=&#8221;tag:h2|font_size:45px|text_align:left|color:%234367a1|line_height:45px&#8221; google_fonts=&#8221;font_family:Lato%3A100%2C100italic%2C300%2C300italic%2Cregular%2Citalic%2C700%2C700italic%2C900%2C900italic|font_style:300%20light%20regular%3A300%3Anormal&#8221; css=&#8221;.vc_custom_1600341014306{margin-bottom: 0px !important;}&#8221;][vc_custom_heading text=&#8221;ESSER&#8221; font_container=&#8221;tag:h2|font_size:45px|text_align:left|color:%234367a1|line_height:45px&#8221; google_fonts=&#8221;font_family:Lato%3A100%2C100italic%2C300%2C300italic%2Cregular%2Citalic%2C700%2C700italic%2C900%2C900italic|font_style:700%20bold%20regular%3A700%3Anormal&#8221; css=&#8221;.vc_custom_1600341032377{margin-top: 0px !important;}&#8221;][vc_raw_html]JTIwJTBBJTIwJTIwJTNDZGl2JTIwY2xhc3MlM0QlMjJsaW5lLTMtMTAwLWF6dWwlMjIlMkYlM0UlM0MlMkZkaXYlM0UlMEElMjA=[\/vc_raw_html][vc_column_text]<\/p>\n<div align=\"justify\">\n<p>Esser by Honeywell d\u00e9veloppe des solutions innovantes et efficaces pour assurer la s\u00e9curit\u00e9 des personnes.<\/p>\n<p>Cette vocation pour la s\u00e9curit\u00e9 et la pr\u00e9vention nous permet de fournir des r\u00e9ponses qui s&#8217;adaptent facilement et efficacement aux contraintes des milieux les plus exigeants et les plus r\u00e9glement\u00e9s.<\/p>\n<p>Les syst\u00e8mes de s\u00e9curit\u00e9 incendie Esser by Honeywell se distinguent ainsi par leur modularit\u00e9, leur capacit\u00e9 d&#8217;extension, leur grande fiabilit\u00e9 dans la d\u00e9tection incendie. Ils offrent, par leur ouverture, une r\u00e9elle autonomie dans l&#8217;installation et la maintenance des produits.<\/p>\n<p>Ces atouts nous permettent notamment de respecter notre ligne de conduite, \u00e0 savoir mettre en ad\u00e9quation nos technologies avec les besoins de nos clients.<\/p>\n<p><a href=\"https:\/\/www.esser-systems.com\/en\/index\/\" target=\"_blank\" rel=\"noopener noreferrer\">Site Web du fabricant<\/a><\/p>\n<\/div>\n<p>[\/vc_column_text][\/vc_column_inner][\/vc_row_inner][vc_row_inner equal_height=&#8221;yes&#8221; content_placement=&#8221;middle&#8221; gap=&#8221;35&#8243; el_class=&#8221;container&#8221; css=&#8221;.vc_custom_1533212107588{margin-bottom: 60px !important;}&#8221;][vc_column_inner width=&#8221;1\/2&#8243;][vc_single_image image=&#8221;15855&#8243; img_size=&#8221;full&#8221; alignment=&#8221;center&#8221;][\/vc_column_inner][vc_column_inner width=&#8221;1\/2&#8243;][vc_custom_heading text=&#8221;Honeywell&#8221; font_container=&#8221;tag:h2|font_size:45px|text_align:left|color:%234367a1|line_height:45px&#8221; google_fonts=&#8221;font_family:Lato%3A100%2C100italic%2C300%2C300italic%2Cregular%2Citalic%2C700%2C700italic%2C900%2C900italic|font_style:300%20light%20regular%3A300%3Anormal&#8221; css=&#8221;.vc_custom_1600341014306{margin-bottom: 0px !important;}&#8221;][vc_custom_heading text=&#8221;NOTIFIER&#8221; font_container=&#8221;tag:h2|font_size:45px|text_align:left|color:%234367a1|line_height:45px&#8221; google_fonts=&#8221;font_family:Lato%3A100%2C100italic%2C300%2C300italic%2Cregular%2Citalic%2C700%2C700italic%2C900%2C900italic|font_style:700%20bold%20regular%3A700%3Anormal&#8221; css=&#8221;.vc_custom_1600341275923{margin-top: 0px !important;}&#8221;][vc_raw_html]JTIwJTBBJTIwJTIwJTNDZGl2JTIwY2xhc3MlM0QlMjJsaW5lLTMtMTAwLWF6dWwlMjIlMkYlM0UlM0MlMkZkaXYlM0UlMEElMjA=[\/vc_raw_html][vc_column_text]<\/p>\n<div align=\"justify\">\n<p>NOTIFIER by Honeywell, qui fait partie de Honeywell International Inc, un groupe riche de plus de 500 compagnies, est l&#8217;un des plus importants fabricants de syst\u00e8mes de d\u00e9tection incendie dans le monde.Test image<\/p>\n<p>NOTIFIER est un pionier dans le d\u00e9veloppement de syst\u00e8me sophistiqu\u00e9 et \u00e9volu\u00e9 de d\u00e9tection incendie, partant de simples produits conventionnels jusqu&#8217;aux grands syst\u00e8mes intelligents en r\u00e9seau.<\/p>\n<p>NOTIFIER by Honeywell est attentifs aux normes de qualit\u00e9 des services et des produits en accordance avec les besoins du march\u00e9 de la protection de la vie. Bien s\u00fbr nos produits sont certifi\u00e9s suivant les marques de qualit\u00e9 comme le BOSEC, VdS ou LPCB.<\/p>\n<p><a href=\"https:\/\/www.notifierfiresystems.co.uk\/\" target=\"_blank\" rel=\"noopener noreferrer\">Site Web du fabricant<\/a><\/p>\n<\/div>\n<p>[\/vc_column_text][\/vc_column_inner][\/vc_row_inner][vc_row_inner equal_height=&#8221;yes&#8221; content_placement=&#8221;middle&#8221; gap=&#8221;35&#8243; el_class=&#8221;container&#8221; css=&#8221;.vc_custom_1533212107588{margin-bottom: 60px !important;}&#8221;][vc_column_inner width=&#8221;1\/2&#8243;][vc_single_image image=&#8221;15860&#8243; img_size=&#8221;full&#8221; alignment=&#8221;center&#8221;][\/vc_column_inner][vc_column_inner width=&#8221;1\/2&#8243;][vc_custom_heading text=&#8221;Honeywell&#8221; font_container=&#8221;tag:h2|font_size:45px|text_align:left|color:%234367a1|line_height:45px&#8221; google_fonts=&#8221;font_family:Lato%3A100%2C100italic%2C300%2C300italic%2Cregular%2Citalic%2C700%2C700italic%2C900%2C900italic|font_style:300%20light%20regular%3A300%3Anormal&#8221; css=&#8221;.vc_custom_1600341014306{margin-bottom: 0px !important;}&#8221;][vc_custom_heading text=&#8221;Morley&#8221; font_container=&#8221;tag:h2|font_size:45px|text_align:left|color:%234367a1|line_height:45px&#8221; google_fonts=&#8221;font_family:Lato%3A100%2C100italic%2C300%2C300italic%2Cregular%2Citalic%2C700%2C700italic%2C900%2C900italic|font_style:700%20bold%20regular%3A700%3Anormal&#8221; css=&#8221;.vc_custom_1600341388519{margin-top: 0px !important;}&#8221;][vc_raw_html]JTIwJTBBJTIwJTIwJTNDZGl2JTIwY2xhc3MlM0QlMjJsaW5lLTMtMTAwLWF6dWwlMjIlMkYlM0UlM0MlMkZkaXYlM0UlMEElMjA=[\/vc_raw_html][vc_column_text]<\/p>\n<div align=\"justify\">\n<p>Morley-IAS by Honeywell, fait partie du groupe international Honeywell, un groupe riche de plus de 500 entreprises. Morley-IAS se positionne parmi les marques pr\u00e9dominantes dans le domaine de la d\u00e9tection incendie avec son centre de d\u00e9veloppement et de production situ\u00e9 en Angleterre.<br \/>\nMorley-IAS se diff\u00e9rencie par sa grande flexibilit\u00e9, leur haute qualit\u00e9, leur facilit\u00e9 d&#8217;installation et surtout d&#8217;utilisation.<br \/>\nChaque produit est d\u00e9velopp\u00e9 sur base des nouvelles technologies, dans le cadre des normes europ\u00e9ennes et locales en vigueur et est certifi\u00e9 en cons\u00e9quence.<\/p>\n<p>Nos produits sont estampill\u00e9s CE, Bosec, VdS, LPCB, etc.<br \/>\nLa gamme Morley-IAS comporte des syst\u00e8mes conventionnels et des syst\u00e8mes intelligents mont\u00e9s en r\u00e9seau. Cette large gamme offre la libert\u00e9 de concevoir des syst\u00e8mes parfaitement adapt\u00e9s aux besoins.<\/p>\n<p><a href=\"https:\/\/www.morley-ias.co.uk\/\" target=\"_blank\" rel=\"noopener noreferrer\">Site Web du fabricant<\/a><\/p>\n<\/div>\n<p>[\/vc_column_text][\/vc_column_inner][\/vc_row_inner][\/vc_column][\/vc_row]<\/p>\n","protected":false},"excerpt":{"rendered":"<p>[vc_row parallax=&#8221;content-moving-fade&#8221; parallax_image=&#8221;3416&#8243; css=&#8221;.vc_custom_1527259623043{padding-top: 160px !important;padding-bottom: 220px !important;background-image: url(https:\/\/www.sensorpoint.pt\/wp-content\/uploads\/2018\/05\/fire-slider2.jpg?id=3901) !important;}&#8221;][vc_column][vc_custom_heading text=&#8221;Syst\u00e8mes de D\u00e9tection d&#8217;Incendie&#8221; font_container=&#8221;tag:h1|font_size:44px|text_align:center|color:%23ffffff&#8221; use_theme_fonts=&#8221;yes&#8221; el_class=&#8221;section-heading&#8221;][\/vc_column][\/vc_row][vc_row css=&#8221;.vc_custom_1475934235598{padding-top: 80px !important;padding-bottom: 100px !important;background-color: #ffffff [&hellip;]<\/p>\n","protected":false},"author":1,"featured_media":0,"parent":0,"menu_order":0,"comment_status":"closed","ping_status":"closed","template":"","meta":{"advgb_blocks_editor_width":"","advgb_blocks_columns_visual_guide":"","footnotes":""},"class_list":["post-6774","page","type-page","status-publish","hentry"],"coauthors":[],"author_meta":{"author_link":"https:\/\/sp.inovamatic.com\/fr\/author\/miguelmailribeiro_h017r696\/","display_name":"admin"},"relative_dates":{"created":"Publi\u00e9 8 ans il y a","modified":"Mis \u00e0 jour 4 ans il y a"},"absolute_dates":{"created":"Publi\u00e9 le octobre 18, 2018","modified":"Mise \u00e0 jour le juillet 12, 2022"},"absolute_dates_time":{"created":"Publi\u00e9 le octobre 18, 2018 3:36 pm","modified":"Mise \u00e0 jour le juillet 12, 2022 6:56 pm"},"featured_img_caption":"","featured_img":false,"series_order":"","_links":{"self":[{"href":"https:\/\/sp.inovamatic.com\/fr\/wp-json\/wp\/v2\/pages\/6774","targetHints":{"allow":["GET"]}}],"collection":[{"href":"https:\/\/sp.inovamatic.com\/fr\/wp-json\/wp\/v2\/pages"}],"about":[{"href":"https:\/\/sp.inovamatic.com\/fr\/wp-json\/wp\/v2\/types\/page"}],"author":[{"embeddable":true,"href":"https:\/\/sp.inovamatic.com\/fr\/wp-json\/wp\/v2\/users\/1"}],"replies":[{"embeddable":true,"href":"https:\/\/sp.inovamatic.com\/fr\/wp-json\/wp\/v2\/comments?post=6774"}],"version-history":[{"count":9,"href":"https:\/\/sp.inovamatic.com\/fr\/wp-json\/wp\/v2\/pages\/6774\/revisions"}],"predecessor-version":[{"id":15941,"href":"https:\/\/sp.inovamatic.com\/fr\/wp-json\/wp\/v2\/pages\/6774\/revisions\/15941"}],"wp:attachment":[{"href":"https:\/\/sp.inovamatic.com\/fr\/wp-json\/wp\/v2\/media?parent=6774"}],"curies":[{"name":"wp","href":"https:\/\/api.w.org\/{rel}","templated":true}]}}