{"id":6769,"date":"2018-10-18T15:35:17","date_gmt":"2018-10-18T14:35:17","guid":{"rendered":"https:\/\/sensorpoint.pt\/systemes-de-detection-de-gaz\/"},"modified":"2020-08-27T13:12:30","modified_gmt":"2020-08-27T12:12:30","slug":"systemes-de-detection-de-gaz","status":"publish","type":"page","link":"https:\/\/sp.inovamatic.com\/fr\/systemes-de-detection-de-gaz\/","title":{"rendered":"Syst\u00e8mes de D\u00e9tection de Gaz"},"content":{"rendered":"<p>[vc_row parallax=&#8221;content-moving-fade&#8221; parallax_image=&#8221;3416&#8243; css=&#8221;.vc_custom_1528304825565{padding-top: 160px !important;padding-bottom: 220px !important;background-image: url(https:\/\/www.sensorpoint.pt\/wp-content\/uploads\/2018\/06\/gas.jpg?id=4070) !important;}&#8221;][vc_column][vc_custom_heading text=&#8221;Syst\u00e8mes de D\u00e9tection de Gaz&#8221; font_container=&#8221;tag:h1|font_size:44px|text_align:center|color:%23ffffff&#8221; use_theme_fonts=&#8221;yes&#8221; el_class=&#8221;section-heading&#8221;][\/vc_column][\/vc_row][vc_row css=&#8221;.vc_custom_1475934235598{padding-top: 80px !important;padding-bottom: 100px !important;background-color: #ffffff !important;}&#8221;][vc_column][vc_row_inner el_class=&#8221;container&#8221; css=&#8221;.vc_custom_1475933788716{margin-bottom: 60px !important;}&#8221;][vc_column_inner][vc_custom_heading text=&#8221;Les syst\u00e8mes de d\u00e9tection de gaz couvrent toutes les activit\u00e9s de la vie humaine, des usines aux parkings, des restaurants aux h\u00f4tels. Tout environnement qui peut avoir un manque potentiel d&#8217;oxyg\u00e8ne ou la pr\u00e9sence d&#8217;un gaz toxique ou explosif n\u00e9cessite une d\u00e9tection de gaz et d&#8217;un syst\u00e8me d&#8217;alarme pour la s\u00e9curit\u00e9 des personnes. Les syst\u00e8mes de d\u00e9tection de gaz peut \u00eatre plus simple ou plus sophistiqu\u00e9 en fonction de leur application.<br \/>\nSensorpoint propose dans ses gammes de produits des solutions de d\u00e9tection de gaz allant des applications domestiques aux solutions industrielles, avec un haut niveau de s\u00e9curit\u00e9 et des atmosph\u00e8res potentiellement explosives.&#8221; font_container=&#8221;tag:h4|text_align:justify|color:%23999999|line_height:28px&#8221; use_theme_fonts=&#8221;yes&#8221;][\/vc_column_inner][\/vc_row_inner][vc_row_inner equal_height=&#8221;yes&#8221; content_placement=&#8221;middle&#8221; gap=&#8221;35&#8243; el_class=&#8221;container&#8221; css=&#8221;.vc_custom_1533212107588{margin-bottom: 60px !important;}&#8221;][vc_column_inner width=&#8221;1\/2&#8243;][vc_single_image image=&#8221;14929&#8243; img_size=&#8221;full&#8221; alignment=&#8221;center&#8221;][\/vc_column_inner][vc_column_inner width=&#8221;1\/2&#8243;][vc_custom_heading text=&#8221;&#8221; font_container=&#8221;tag:h2|font_size:45px|text_align:left|color:%234367a1|line_height:45px&#8221; google_fonts=&#8221;font_family:Lato%3A100%2C100italic%2C300%2C300italic%2Cregular%2Citalic%2C700%2C700italic%2C900%2C900italic|font_style:300%20light%20regular%3A300%3Anormal&#8221; css=&#8221;.vc_custom_1533212241840{margin-bottom: 0px !important;}&#8221;][vc_custom_heading text=&#8221;DURAN&#8221; font_container=&#8221;tag:h2|font_size:45px|text_align:left|color:%234367a1|line_height:45px&#8221; google_fonts=&#8221;font_family:Lato%3A100%2C100italic%2C300%2C300italic%2Cregular%2Citalic%2C700%2C700italic%2C900%2C900italic|font_style:700%20bold%20regular%3A700%3Anormal&#8221; css=&#8221;.vc_custom_1574876882591{margin-top: 0px !important;}&#8221;][vc_raw_html]JTIwJTBBJTIwJTIwJTNDZGl2JTIwY2xhc3MlM0QlMjJsaW5lLTMtMTAwLWF6dWwlMjIlMkYlM0UlM0MlMkZkaXYlM0UlMEElMjA=[\/vc_raw_html][vc_column_text]<\/p>\n<div align=\"justify\">\n<p>Entreprise de plus de 30 ans d&#8217;exp\u00e9rience, sp\u00e9cialis\u00e9e dans la conception et la fabrication de syst\u00e8mes de d\u00e9tection du monoxyde de carbone et d&#8217;autres gaz toxiques et explosifs.<\/p>\n<p><a href=\"http:\/\/www.duranelectronica.com\/english\/gas-detection\/\" target=\"_blank\" rel=\"noopener noreferrer\">Site Web du fabricant<\/a><\/p>\n<\/div>\n<p>[\/vc_column_text][\/vc_column_inner][\/vc_row_inner][vc_row_inner equal_height=&#8221;yes&#8221; content_placement=&#8221;middle&#8221; gap=&#8221;35&#8243; el_class=&#8221;container&#8221; css=&#8221;.vc_custom_1533212107588{margin-bottom: 60px !important;}&#8221;][vc_column_inner width=&#8221;1\/2&#8243;][vc_single_image image=&#8221;14917&#8243; img_size=&#8221;full&#8221; alignment=&#8221;center&#8221;][\/vc_column_inner][vc_column_inner width=&#8221;1\/2&#8243;][vc_custom_heading text=&#8221;&#8221; font_container=&#8221;tag:h2|font_size:45px|text_align:left|color:%234367a1|line_height:45px&#8221; google_fonts=&#8221;font_family:Lato%3A100%2C100italic%2C300%2C300italic%2Cregular%2Citalic%2C700%2C700italic%2C900%2C900italic|font_style:300%20light%20regular%3A300%3Anormal&#8221; css=&#8221;.vc_custom_1533212241840{margin-bottom: 0px !important;}&#8221;][vc_custom_heading text=&#8221;Sensitron&#8221; font_container=&#8221;tag:h2|font_size:45px|text_align:left|color:%234367a1|line_height:45px&#8221; google_fonts=&#8221;font_family:Lato%3A100%2C100italic%2C300%2C300italic%2Cregular%2Citalic%2C700%2C700italic%2C900%2C900italic|font_style:700%20bold%20regular%3A700%3Anormal&#8221; css=&#8221;.vc_custom_1534165224044{margin-top: 0px !important;}&#8221;][vc_raw_html]JTIwJTBBJTIwJTIwJTNDZGl2JTIwY2xhc3MlM0QlMjJsaW5lLTMtMTAwLWF6dWwlMjIlMkYlM0UlM0MlMkZkaXYlM0UlMEElMjA=[\/vc_raw_html][vc_column_text]<\/p>\n<div align=\"justify\">\n<p>Soci\u00e9t\u00e9 cr\u00e9\u00e9e en 1988 avec la mission de devenir une r\u00e9f\u00e9rence internationale pour la d\u00e9tection de gaz industriels toxiques et inflammables.<\/p>\n<p>Bas\u00e9e \u00e0 Cornaredo, Milan, Italie, cette soci\u00e9t\u00e9 s\u2019engage depuis des ann\u00e9es dans la recherche et le d\u00e9veloppement de d\u00e9tecteurs de gaz inflammables et toxiques et est rapidement devenue l\u2019un des leaders du march\u00e9 europ\u00e9en.<\/p>\n<p><a href=\"https:\/\/www.sensitron.it\/en\/\" target=\"_blank\" rel=\"noopener noreferrer\">Site Web du fabricant<\/a><\/p>\n<\/div>\n<p>[\/vc_column_text][\/vc_column_inner][\/vc_row_inner][vc_row_inner equal_height=&#8221;yes&#8221; content_placement=&#8221;middle&#8221; gap=&#8221;35&#8243; el_class=&#8221;container&#8221; css=&#8221;.vc_custom_1533212107588{margin-bottom: 60px !important;}&#8221;][vc_column_inner width=&#8221;1\/2&#8243;][vc_single_image image=&#8221;14909&#8243; img_size=&#8221;full&#8221; alignment=&#8221;center&#8221;][\/vc_column_inner][vc_column_inner width=&#8221;1\/2&#8243;][vc_custom_heading text=&#8221;&#8221; font_container=&#8221;tag:h2|font_size:45px|text_align:left|color:%234367a1|line_height:45px&#8221; google_fonts=&#8221;font_family:Lato%3A100%2C100italic%2C300%2C300italic%2Cregular%2Citalic%2C700%2C700italic%2C900%2C900italic|font_style:300%20light%20regular%3A300%3Anormal&#8221; css=&#8221;.vc_custom_1533212241840{margin-bottom: 0px !important;}&#8221;][vc_custom_heading text=&#8221;Dega&#8221; font_container=&#8221;tag:h2|font_size:45px|text_align:left|color:%234367a1|line_height:45px&#8221; google_fonts=&#8221;font_family:Lato%3A100%2C100italic%2C300%2C300italic%2Cregular%2Citalic%2C700%2C700italic%2C900%2C900italic|font_style:700%20bold%20regular%3A700%3Anormal&#8221; css=&#8221;.vc_custom_1598528402549{margin-top: 0px !important;}&#8221;][vc_raw_html]JTIwJTBBJTIwJTIwJTNDZGl2JTIwY2xhc3MlM0QlMjJsaW5lLTMtMTAwLWF6dWwlMjIlMkYlM0UlM0MlMkZkaXYlM0UlMEElMjA=[\/vc_raw_html][vc_column_text]<\/p>\n<div align=\"justify\">\n<p>Dega est l&#8217;un des principaux fabricants de syst\u00e8mes de d\u00e9tection de gaz et de capteurs environnementaux et se sp\u00e9cialise dans les composants de la plus haute qualit\u00e9.<\/p>\n<p><a href=\"https:\/\/www.dega.cz\/en\/\" target=\"_blank\" rel=\"noopener noreferrer\">Site Web du fabricant<\/a><\/p>\n<\/div>\n<p>[\/vc_column_text][\/vc_column_inner][\/vc_row_inner][\/vc_column][\/vc_row]<\/p>\n","protected":false},"excerpt":{"rendered":"<p>[vc_row parallax=&#8221;content-moving-fade&#8221; parallax_image=&#8221;3416&#8243; css=&#8221;.vc_custom_1528304825565{padding-top: 160px !important;padding-bottom: 220px !important;background-image: url(https:\/\/www.sensorpoint.pt\/wp-content\/uploads\/2018\/06\/gas.jpg?id=4070) !important;}&#8221;][vc_column][vc_custom_heading text=&#8221;Syst\u00e8mes de D\u00e9tection de Gaz&#8221; font_container=&#8221;tag:h1|font_size:44px|text_align:center|color:%23ffffff&#8221; use_theme_fonts=&#8221;yes&#8221; el_class=&#8221;section-heading&#8221;][\/vc_column][\/vc_row][vc_row css=&#8221;.vc_custom_1475934235598{padding-top: 80px !important;padding-bottom: 100px !important;background-color: [&hellip;]<\/p>\n","protected":false},"author":1,"featured_media":0,"parent":0,"menu_order":0,"comment_status":"closed","ping_status":"closed","template":"","meta":{"advgb_blocks_editor_width":"","advgb_blocks_columns_visual_guide":"","footnotes":""},"class_list":["post-6769","page","type-page","status-publish","hentry"],"coauthors":[],"author_meta":{"author_link":"https:\/\/sp.inovamatic.com\/fr\/author\/miguelmailribeiro_h017r696\/","display_name":"admin"},"relative_dates":{"created":"Publi\u00e9 8 ans il y a","modified":"Mis \u00e0 jour 6 ans il y a"},"absolute_dates":{"created":"Publi\u00e9 le octobre 18, 2018","modified":"Mise \u00e0 jour le ao\u00fbt 27, 2020"},"absolute_dates_time":{"created":"Publi\u00e9 le octobre 18, 2018 3:35 pm","modified":"Mise \u00e0 jour le ao\u00fbt 27, 2020 1:12 pm"},"featured_img_caption":"","featured_img":false,"series_order":"","_links":{"self":[{"href":"https:\/\/sp.inovamatic.com\/fr\/wp-json\/wp\/v2\/pages\/6769","targetHints":{"allow":["GET"]}}],"collection":[{"href":"https:\/\/sp.inovamatic.com\/fr\/wp-json\/wp\/v2\/pages"}],"about":[{"href":"https:\/\/sp.inovamatic.com\/fr\/wp-json\/wp\/v2\/types\/page"}],"author":[{"embeddable":true,"href":"https:\/\/sp.inovamatic.com\/fr\/wp-json\/wp\/v2\/users\/1"}],"replies":[{"embeddable":true,"href":"https:\/\/sp.inovamatic.com\/fr\/wp-json\/wp\/v2\/comments?post=6769"}],"version-history":[{"count":7,"href":"https:\/\/sp.inovamatic.com\/fr\/wp-json\/wp\/v2\/pages\/6769\/revisions"}],"predecessor-version":[{"id":15441,"href":"https:\/\/sp.inovamatic.com\/fr\/wp-json\/wp\/v2\/pages\/6769\/revisions\/15441"}],"wp:attachment":[{"href":"https:\/\/sp.inovamatic.com\/fr\/wp-json\/wp\/v2\/media?parent=6769"}],"curies":[{"name":"wp","href":"https:\/\/api.w.org\/{rel}","templated":true}]}}