{"id":6767,"date":"2018-10-18T15:34:36","date_gmt":"2018-10-18T14:34:36","guid":{"rendered":"https:\/\/sensorpoint.pt\/systemes-de-communication-durgence\/"},"modified":"2022-07-12T14:59:31","modified_gmt":"2022-07-12T13:59:31","slug":"systemes-de-communication-durgence","status":"publish","type":"page","link":"https:\/\/sp.inovamatic.com\/fr\/systemes-de-communication-durgence\/","title":{"rendered":"Syst\u00e8mes de communication d&#8217;urgence"},"content":{"rendered":"<p>[vc_row parallax=&#8221;content-moving-fade&#8221; parallax_image=&#8221;3416&#8243; css=&#8221;.vc_custom_1527259959584{padding-top: 160px !important;padding-bottom: 220px !important;background-image: url(https:\/\/www.sensorpoint.pt\/wp-content\/uploads\/2018\/05\/medicall1.jpg?id=3909) !important;}&#8221;][vc_column][vc_custom_heading text=&#8221;Syst\u00e8mes de communication d&#8217;urgence&#8221; font_container=&#8221;tag:h1|font_size:44px|text_align:center|color:%23ffffff&#8221; use_theme_fonts=&#8221;yes&#8221; el_class=&#8221;section-heading&#8221;][\/vc_column][\/vc_row][vc_row css=&#8221;.vc_custom_1475934235598{padding-top: 80px !important;padding-bottom: 100px !important;background-color: #ffffff !important;}&#8221;][vc_column][vc_row_inner el_class=&#8221;container&#8221; css=&#8221;.vc_custom_1475933788716{margin-bottom: 60px !important;}&#8221;][vc_column_inner][vc_custom_heading text=&#8221;Syst\u00e8me de communication d&#8217;urgence pour h\u00f4pitaux, maisons, prisons et h\u00f4tels.<\/p>\n<p>La recherche de soins m\u00e9dicaux ou d&#8217;assistance aux personnes \u00e2g\u00e9es a consid\u00e9rablement augment\u00e9 ces derni\u00e8res ann\u00e9es. Cette demande croissante de services s&#8217;accompagne \u00e9galement d&#8217;un niveau d&#8217;exigence plus \u00e9lev\u00e9 concernant la qualit\u00e9 des services fournis et l&#8217;attention accord\u00e9e aux clients.<\/p>\n<p>Nos syst\u00e8mes de communication d&#8217;urgence sont une r\u00e9ponse claire \u00e0 cette demande car ils permettent une interactivit\u00e9 enti\u00e8re entre les clients et les m\u00e9decins ou les assistants.<\/p>\n<p>Adapt\u00e9 aux h\u00f4tels ces syst\u00e8mes vous permettent de contr\u00f4ler rapidement et en toute s\u00e9curit\u00e9 les demandes d&#8217;assistance \u00e0 la client\u00e8le, en particulier dans les cas o\u00f9 ils ont une mobilit\u00e9 r\u00e9duite.&#8221; font_container=&#8221;tag:h4|text_align:justify|color:%23999999|line_height:28px&#8221; use_theme_fonts=&#8221;yes&#8221;][\/vc_column_inner][\/vc_row_inner][vc_row_inner equal_height=&#8221;yes&#8221; content_placement=&#8221;middle&#8221; gap=&#8221;35&#8243; el_class=&#8221;container&#8221; css=&#8221;.vc_custom_1533212107588{margin-bottom: 60px !important;}&#8221;][vc_column_inner width=&#8221;1\/2&#8243;][vc_single_image image=&#8221;5466&#8243; img_size=&#8221;full&#8221; alignment=&#8221;center&#8221;][\/vc_column_inner][vc_column_inner width=&#8221;1\/2&#8243;][vc_custom_heading text=&#8221;Tyco&#8221; font_container=&#8221;tag:h2|font_size:45px|text_align:left|color:%234367a1|line_height:45px&#8221; google_fonts=&#8221;font_family:Lato%3A100%2C100italic%2C300%2C300italic%2Cregular%2Citalic%2C700%2C700italic%2C900%2C900italic|font_style:300%20light%20regular%3A300%3Anormal&#8221; css=&#8221;.vc_custom_1533212241840{margin-bottom: 0px !important;}&#8221;][vc_custom_heading text=&#8221;800 Zettler m\u00e9dical&#8221; font_container=&#8221;tag:h2|font_size:45px|text_align:left|color:%234367a1|line_height:45px&#8221; google_fonts=&#8221;font_family:Lato%3A100%2C100italic%2C300%2C300italic%2Cregular%2Citalic%2C700%2C700italic%2C900%2C900italic|font_style:700%20bold%20regular%3A700%3Anormal&#8221; css=&#8221;.vc_custom_1534170682013{margin-top: 0px !important;}&#8221;][vc_raw_html]PGRpdiBjbGFzcz0ibGluZS0zLTEwMC1henVsIj48L2Rpdj4=[\/vc_raw_html][vc_column_text]<\/p>\n<div align=\"justify\">\n<p>Le syst\u00e8me Zettler \u00ae medicalal \u00ae 800 est con\u00e7u pour fournir une fiabilit\u00e9, une souplesse, une clart\u00e9, une pr\u00e9cision et une rapidit\u00e9 maximales aux communications entre le personnel soignant et les patients. La grande souplesse de la technologie de r\u00e9seau d&#8217;exploitation locale (LON \u00ae) permet \u00e0 toutes les parties du syst\u00e8me d&#8217;\u00eatre connect\u00e9s les uns aux autres par le biais d&#8217;un c\u00e2ble r\u00e9seau unique qui permet au syst\u00e8me d&#8217;\u00eatre \u00e9largi de mani\u00e8re modulaire \u00e0 tout moment .<\/p>\n<p><a href=\"https:\/\/www.carecom-solutions.com\/\" target=\"_blank\" rel=\"noopener noreferrer\">Page fabricant<\/a><\/p>\n<\/div>\n<p>[\/vc_column_text][\/vc_column_inner][\/vc_row_inner][\/vc_column][\/vc_row]<\/p>\n","protected":false},"excerpt":{"rendered":"<p>[vc_row parallax=&#8221;content-moving-fade&#8221; parallax_image=&#8221;3416&#8243; css=&#8221;.vc_custom_1527259959584{padding-top: 160px !important;padding-bottom: 220px !important;background-image: url(https:\/\/www.sensorpoint.pt\/wp-content\/uploads\/2018\/05\/medicall1.jpg?id=3909) !important;}&#8221;][vc_column][vc_custom_heading text=&#8221;Syst\u00e8mes de communication d&#8217;urgence&#8221; font_container=&#8221;tag:h1|font_size:44px|text_align:center|color:%23ffffff&#8221; use_theme_fonts=&#8221;yes&#8221; el_class=&#8221;section-heading&#8221;][\/vc_column][\/vc_row][vc_row css=&#8221;.vc_custom_1475934235598{padding-top: 80px !important;padding-bottom: 100px !important;background-color: #ffffff [&hellip;]<\/p>\n","protected":false},"author":1,"featured_media":0,"parent":0,"menu_order":0,"comment_status":"closed","ping_status":"closed","template":"","meta":{"advgb_blocks_editor_width":"","advgb_blocks_columns_visual_guide":"","footnotes":""},"class_list":["post-6767","page","type-page","status-publish","hentry"],"coauthors":[],"author_meta":{"author_link":"https:\/\/sp.inovamatic.com\/fr\/author\/miguelmailribeiro_h017r696\/","display_name":"admin"},"relative_dates":{"created":"Publi\u00e9 8 ans il y a","modified":"Mis \u00e0 jour 4 ans il y a"},"absolute_dates":{"created":"Publi\u00e9 le octobre 18, 2018","modified":"Mise \u00e0 jour le juillet 12, 2022"},"absolute_dates_time":{"created":"Publi\u00e9 le octobre 18, 2018 3:34 pm","modified":"Mise \u00e0 jour le juillet 12, 2022 2:59 pm"},"featured_img_caption":"","featured_img":false,"series_order":"","_links":{"self":[{"href":"https:\/\/sp.inovamatic.com\/fr\/wp-json\/wp\/v2\/pages\/6767","targetHints":{"allow":["GET"]}}],"collection":[{"href":"https:\/\/sp.inovamatic.com\/fr\/wp-json\/wp\/v2\/pages"}],"about":[{"href":"https:\/\/sp.inovamatic.com\/fr\/wp-json\/wp\/v2\/types\/page"}],"author":[{"embeddable":true,"href":"https:\/\/sp.inovamatic.com\/fr\/wp-json\/wp\/v2\/users\/1"}],"replies":[{"embeddable":true,"href":"https:\/\/sp.inovamatic.com\/fr\/wp-json\/wp\/v2\/comments?post=6767"}],"version-history":[{"count":138,"href":"https:\/\/sp.inovamatic.com\/fr\/wp-json\/wp\/v2\/pages\/6767\/revisions"}],"predecessor-version":[{"id":16968,"href":"https:\/\/sp.inovamatic.com\/fr\/wp-json\/wp\/v2\/pages\/6767\/revisions\/16968"}],"wp:attachment":[{"href":"https:\/\/sp.inovamatic.com\/fr\/wp-json\/wp\/v2\/media?parent=6767"}],"curies":[{"name":"wp","href":"https:\/\/api.w.org\/{rel}","templated":true}]}}