{"id":6761,"date":"2018-10-18T15:33:45","date_gmt":"2018-10-18T14:33:45","guid":{"rendered":"https:\/\/sensorpoint.pt\/systeme-dinspection\/"},"modified":"2020-09-17T12:23:37","modified_gmt":"2020-09-17T11:23:37","slug":"systemes-dinspection","status":"publish","type":"page","link":"https:\/\/sp.inovamatic.com\/fr\/systemes-dinspection\/","title":{"rendered":"Syst\u00e8mes d&#8217;Inspection"},"content":{"rendered":"<p>[vc_row parallax=&#8221;content-moving-fade&#8221; parallax_image=&#8221;4077&#8243; css=&#8221;.vc_custom_1528715565230{padding-top: 160px !important;padding-bottom: 220px !important;}&#8221;][vc_column][vc_custom_heading text=&#8221;Syst\u00e8mes d&#8217;Inspection&#8221; font_container=&#8221;tag:h1|font_size:44px|text_align:center|color:%23ffffff&#8221; use_theme_fonts=&#8221;yes&#8221; el_class=&#8221;section-heading&#8221;][\/vc_column][\/vc_row][vc_row css=&#8221;.vc_custom_1475934235598{padding-top: 80px !important;padding-bottom: 100px !important;background-color: #ffffff !important;}&#8221;][vc_column][vc_row_inner el_class=&#8221;container&#8221; css=&#8221;.vc_custom_1475933788716{margin-bottom: 60px !important;}&#8221;][vc_column_inner][vc_custom_heading text=&#8221;Les d\u00e9fis auxquels sont actuellement soumis les services de s\u00e9curit\u00e9 ont \u00e9t\u00e9 utilis\u00e9s pour contr\u00f4ler et inspecter des personnes et des objets dans un nombre croissant de b\u00e2timents, des terminaux de transport aux salles de spectacles ou aux stades.&#8221; font_container=&#8221;tag:h4|text_align:justify|color:%23999999|line_height:28px&#8221; use_theme_fonts=&#8221;yes&#8221;][\/vc_column_inner][\/vc_row_inner][vc_row_inner equal_height=&#8221;yes&#8221; content_placement=&#8221;middle&#8221; gap=&#8221;35&#8243; el_class=&#8221;container&#8221; css=&#8221;.vc_custom_1533212107588{margin-bottom: 60px !important;}&#8221;][vc_column_inner width=&#8221;1\/2&#8243;][vc_single_image image=&#8221;5391&#8243; img_size=&#8221;full&#8221; alignment=&#8221;center&#8221;][\/vc_column_inner][vc_column_inner width=&#8221;1\/2&#8243;][vc_custom_heading text=&#8221;&#8221; font_container=&#8221;tag:h2|font_size:45px|text_align:left|color:%234367a1|line_height:45px&#8221; google_fonts=&#8221;font_family:Lato%3A100%2C100italic%2C300%2C300italic%2Cregular%2Citalic%2C700%2C700italic%2C900%2C900italic|font_style:300%20light%20regular%3A300%3Anormal&#8221; css=&#8221;.vc_custom_1534176015700{margin-bottom: 0px !important;}&#8221;][vc_custom_heading text=&#8221;Analyse de v\u00e9hicules&#8221; font_container=&#8221;tag:h2|font_size:45px|text_align:left|color:%234367a1|line_height:45px&#8221; google_fonts=&#8221;font_family:Lato%3A100%2C100italic%2C300%2C300italic%2Cregular%2Citalic%2C700%2C700italic%2C900%2C900italic|font_style:700%20bold%20regular%3A700%3Anormal&#8221; css=&#8221;.vc_custom_1574088796177{margin-top: 0px !important;}&#8221;][vc_raw_html]JTIwJTBBJTIwJTIwJTNDZGl2JTIwY2xhc3MlM0QlMjJsaW5lLTMtMTAwLWF6dWwlMjIlMkYlM0UlM0MlMkZkaXYlM0UlMEElMjA=[\/vc_raw_html][vc_column_text]<\/p>\n<div align=\"justify\">\n<p>Inspection et analyse compl\u00e8te contre la contrebande et la traite des personnes.<\/p>\n<p><a href=\"http:\/\/en.all-tags.com\/\">Site Web du fabricant<\/a><\/div>\n<p>[\/vc_column_text][\/vc_column_inner][\/vc_row_inner][vc_row_inner equal_height=&#8221;yes&#8221; content_placement=&#8221;middle&#8221; gap=&#8221;35&#8243; el_class=&#8221;container&#8221; css=&#8221;.vc_custom_1533212107588{margin-bottom: 60px !important;}&#8221;][vc_column_inner width=&#8221;1\/2&#8243;][vc_single_image image=&#8221;5425&#8243; img_size=&#8221;full&#8221; alignment=&#8221;center&#8221;][\/vc_column_inner][vc_column_inner width=&#8221;1\/2&#8243;][vc_custom_heading text=&#8221;&#8221; font_container=&#8221;tag:h2|font_size:45px|text_align:left|color:%234367a1|line_height:45px&#8221; google_fonts=&#8221;font_family:Lato%3A100%2C100italic%2C300%2C300italic%2Cregular%2Citalic%2C700%2C700italic%2C900%2C900italic|font_style:300%20light%20regular%3A300%3Anormal&#8221; css=&#8221;.vc_custom_1534176058505{margin-bottom: 0px !important;}&#8221;][vc_custom_heading text=&#8221;D\u00e9tecteurs d&#8217;explosifs et de stup\u00e9fiants&#8221; font_container=&#8221;tag:h2|font_size:45px|text_align:left|color:%234367a1|line_height:45px&#8221; google_fonts=&#8221;font_family:Lato%3A100%2C100italic%2C300%2C300italic%2Cregular%2Citalic%2C700%2C700italic%2C900%2C900italic|font_style:700%20bold%20regular%3A700%3Anormal&#8221; css=&#8221;.vc_custom_1574088825872{margin-top: 0px !important;}&#8221;][vc_raw_html]JTIwJTBBJTIwJTIwJTNDZGl2JTIwY2xhc3MlM0QlMjJsaW5lLTMtMTAwLWF6dWwlMjIlMkYlM0UlM0MlMkZkaXYlM0UlMEElMjA=[\/vc_raw_html][vc_column_text]<\/p>\n<div align=\"justify\">\n<p>Inspection et analyse pour la d\u00e9tection d&#8217;explosifs et de stup\u00e9fiants.<\/p>\n<p><a href=\"http:\/\/en.all-tags.com\/\">Site Web du fabricant<\/a><\/div>\n<p>[\/vc_column_text][\/vc_column_inner][\/vc_row_inner][vc_row_inner equal_height=&#8221;yes&#8221; content_placement=&#8221;middle&#8221; gap=&#8221;35&#8243; el_class=&#8221;container&#8221; css=&#8221;.vc_custom_1533212107588{margin-bottom: 60px !important;}&#8221;][vc_column_inner width=&#8221;1\/2&#8243;][vc_single_image image=&#8221;5416&#8243; img_size=&#8221;full&#8221; alignment=&#8221;center&#8221;][\/vc_column_inner][vc_column_inner width=&#8221;1\/2&#8243;][vc_custom_heading text=&#8221;&#8221; font_container=&#8221;tag:h2|font_size:45px|text_align:left|color:%234367a1|line_height:45px&#8221; google_fonts=&#8221;font_family:Lato%3A100%2C100italic%2C300%2C300italic%2Cregular%2Citalic%2C700%2C700italic%2C900%2C900italic|font_style:300%20light%20regular%3A300%3Anormal&#8221; css=&#8221;.vc_custom_1534176069689{margin-bottom: 0px !important;}&#8221;][vc_custom_heading text=&#8221;Portique de d\u00e9tection des masses m\u00e9talliques&#8221; font_container=&#8221;tag:h2|font_size:45px|text_align:left|color:%234367a1|line_height:45px&#8221; google_fonts=&#8221;font_family:Lato%3A100%2C100italic%2C300%2C300italic%2Cregular%2Citalic%2C700%2C700italic%2C900%2C900italic|font_style:700%20bold%20regular%3A700%3Anormal&#8221; css=&#8221;.vc_custom_1574089165856{margin-top: 0px !important;}&#8221;][vc_raw_html]JTIwJTBBJTIwJTIwJTNDZGl2JTIwY2xhc3MlM0QlMjJsaW5lLTMtMTAwLWF6dWwlMjIlMkYlM0UlM0MlMkZkaXYlM0UlMEElMjA=[\/vc_raw_html][vc_column_text]<\/p>\n<div align=\"justify\">\n<p>D\u00e9tection de m\u00e9taux pour les espaces commerciaux, les a\u00e9roports et les entreprises.<\/p>\n<p><a href=\"http:\/\/en.all-tags.com\/\">Site Web du fabricant<\/a><\/div>\n<p>[\/vc_column_text][\/vc_column_inner][\/vc_row_inner][vc_row_inner equal_height=&#8221;yes&#8221; content_placement=&#8221;middle&#8221; gap=&#8221;35&#8243; el_class=&#8221;container&#8221; css=&#8221;.vc_custom_1533212107588{margin-bottom: 60px !important;}&#8221;][vc_column_inner width=&#8221;1\/2&#8243;][vc_single_image image=&#8221;5417&#8243; img_size=&#8221;full&#8221; alignment=&#8221;center&#8221;][\/vc_column_inner][vc_column_inner width=&#8221;1\/2&#8243;][vc_custom_heading text=&#8221;&#8221; font_container=&#8221;tag:h2|font_size:45px|text_align:left|color:%234367a1|line_height:45px&#8221; google_fonts=&#8221;font_family:Lato%3A100%2C100italic%2C300%2C300italic%2Cregular%2Citalic%2C700%2C700italic%2C900%2C900italic|font_style:300%20light%20regular%3A300%3Anormal&#8221; css=&#8221;.vc_custom_1533212241840{margin-bottom: 0px !important;}&#8221;][vc_custom_heading text=&#8221;D\u00e9tecteur de m\u00e9taux manuel&#8221; font_container=&#8221;tag:h2|font_size:45px|text_align:left|color:%234367a1|line_height:45px&#8221; google_fonts=&#8221;font_family:Lato%3A100%2C100italic%2C300%2C300italic%2Cregular%2Citalic%2C700%2C700italic%2C900%2C900italic|font_style:700%20bold%20regular%3A700%3Anormal&#8221; css=&#8221;.vc_custom_1574089195449{margin-top: 0px !important;}&#8221;][vc_raw_html]JTIwJTBBJTIwJTIwJTNDZGl2JTIwY2xhc3MlM0QlMjJsaW5lLTMtMTAwLWF6dWwlMjIlMkYlM0UlM0MlMkZkaXYlM0UlMEElMjA=[\/vc_raw_html][vc_column_text]<\/p>\n<div align=\"justify\">\n<p>D\u00e9tection de m\u00e9taux pour toutes les situations quotidiennes.<\/p>\n<p><a href=\"http:\/\/en.all-tags.com\/\">Site Web du fabricant<\/a><\/div>\n<p>[\/vc_column_text][\/vc_column_inner][\/vc_row_inner][vc_row_inner equal_height=&#8221;yes&#8221; content_placement=&#8221;middle&#8221; gap=&#8221;35&#8243; el_class=&#8221;container&#8221; css=&#8221;.vc_custom_1533212107588{margin-bottom: 60px !important;}&#8221;][vc_column_inner width=&#8221;1\/2&#8243;][vc_single_image image=&#8221;5399&#8243; img_size=&#8221;full&#8221; alignment=&#8221;center&#8221;][\/vc_column_inner][vc_column_inner width=&#8221;1\/2&#8243;][vc_custom_heading text=&#8221;&#8221; font_container=&#8221;tag:h2|font_size:45px|text_align:left|color:%234367a1|line_height:45px&#8221; google_fonts=&#8221;font_family:Lato%3A100%2C100italic%2C300%2C300italic%2Cregular%2Citalic%2C700%2C700italic%2C900%2C900italic|font_style:300%20light%20regular%3A300%3Anormal&#8221; css=&#8221;.vc_custom_1533212241840{margin-bottom: 0px !important;}&#8221;][vc_custom_heading text=&#8221;D\u00e9tecteur d&#8217;armes&#8221; font_container=&#8221;tag:h2|font_size:45px|text_align:left|color:%234367a1|line_height:45px&#8221; google_fonts=&#8221;font_family:Lato%3A100%2C100italic%2C300%2C300italic%2Cregular%2Citalic%2C700%2C700italic%2C900%2C900italic|font_style:700%20bold%20regular%3A700%3Anormal&#8221; css=&#8221;.vc_custom_1574089248831{margin-top: 0px !important;}&#8221;][vc_raw_html]JTIwJTBBJTIwJTIwJTNDZGl2JTIwY2xhc3MlM0QlMjJsaW5lLTMtMTAwLWF6dWwlMjIlMkYlM0UlM0MlMkZkaXYlM0UlMEElMjA=[\/vc_raw_html][vc_column_text]<\/p>\n<div align=\"justify\">\n<p>Les syst\u00e8mes de d\u00e9tection des armes \u00e0 feu pour les \u00e9v\u00e9nements peuvent \u00eatre fixes ou amovibles.<\/p>\n<p><a href=\"http:\/\/en.all-tags.com\/\">Site Web du fabricant<\/a><\/div>\n<p>[\/vc_column_text][\/vc_column_inner][\/vc_row_inner][vc_row_inner equal_height=&#8221;yes&#8221; content_placement=&#8221;middle&#8221; gap=&#8221;35&#8243; el_class=&#8221;container&#8221; css=&#8221;.vc_custom_1533212107588{margin-bottom: 60px !important;}&#8221;][vc_column_inner width=&#8221;1\/2&#8243;][vc_single_image image=&#8221;5408&#8243; img_size=&#8221;full&#8221; alignment=&#8221;center&#8221;][\/vc_column_inner][vc_column_inner width=&#8221;1\/2&#8243;][vc_custom_heading text=&#8221;&#8221; font_container=&#8221;tag:h2|font_size:45px|text_align:left|color:%234367a1|line_height:45px&#8221; google_fonts=&#8221;font_family:Lato%3A100%2C100italic%2C300%2C300italic%2Cregular%2Citalic%2C700%2C700italic%2C900%2C900italic|font_style:300%20light%20regular%3A300%3Anormal&#8221; css=&#8221;.vc_custom_1533212241840{margin-bottom: 0px !important;}&#8221;][vc_custom_heading text=&#8221;D\u00e9tecteur d&#8217;objets dangereux amovible&#8221; font_container=&#8221;tag:h2|font_size:45px|text_align:left|color:%234367a1|line_height:45px&#8221; google_fonts=&#8221;font_family:Lato%3A100%2C100italic%2C300%2C300italic%2Cregular%2Citalic%2C700%2C700italic%2C900%2C900italic|font_style:700%20bold%20regular%3A700%3Anormal&#8221; css=&#8221;.vc_custom_1574089277662{margin-top: 0px !important;}&#8221;][vc_raw_html]JTIwJTBBJTIwJTIwJTNDZGl2JTIwY2xhc3MlM0QlMjJsaW5lLTMtMTAwLWF6dWwlMjIlMkYlM0UlM0MlMkZkaXYlM0UlMEElMjA=[\/vc_raw_html][vc_column_text]<\/p>\n<div align=\"justify\">\n<p>D\u00e9tection \u00e0 appliquer en milieu hospitalier.<\/p>\n<p><a href=\"http:\/\/en.all-tags.com\/\">Site Web du fabricant<\/a><\/div>\n<p>[\/vc_column_text][\/vc_column_inner][\/vc_row_inner][vc_row_inner equal_height=&#8221;yes&#8221; content_placement=&#8221;middle&#8221; gap=&#8221;35&#8243; el_class=&#8221;container&#8221; css=&#8221;.vc_custom_1533212107588{margin-bottom: 60px !important;}&#8221;][vc_column_inner width=&#8221;1\/2&#8243;][vc_single_image image=&#8221;5402&#8243; img_size=&#8221;full&#8221; alignment=&#8221;center&#8221;][\/vc_column_inner][vc_column_inner width=&#8221;1\/2&#8243;][vc_custom_heading text=&#8221;&#8221; font_container=&#8221;tag:h2|font_size:45px|text_align:left|color:%234367a1|line_height:45px&#8221; google_fonts=&#8221;font_family:Lato%3A100%2C100italic%2C300%2C300italic%2Cregular%2Citalic%2C700%2C700italic%2C900%2C900italic|font_style:300%20light%20regular%3A300%3Anormal&#8221; css=&#8221;.vc_custom_1533212241840{margin-bottom: 0px !important;}&#8221;][vc_custom_heading text=&#8221;Scanner de conteneur&#8221; font_container=&#8221;tag:h2|font_size:45px|text_align:left|color:%234367a1|line_height:45px&#8221; google_fonts=&#8221;font_family:Lato%3A100%2C100italic%2C300%2C300italic%2Cregular%2Citalic%2C700%2C700italic%2C900%2C900italic|font_style:700%20bold%20regular%3A700%3Anormal&#8221; css=&#8221;.vc_custom_1574089309094{margin-top: 0px !important;}&#8221;][vc_raw_html]JTIwJTBBJTIwJTIwJTNDZGl2JTIwY2xhc3MlM0QlMjJsaW5lLTMtMTAwLWF6dWwlMjIlMkYlM0UlM0MlMkZkaXYlM0UlMEElMjA=[\/vc_raw_html][vc_column_text]<\/p>\n<div align=\"justify\">\n<p>Inspection et analyse de conteneurs pour les ports et les grandes entreprises.<\/p>\n<p><a href=\"http:\/\/en.all-tags.com\/\">Site Web du fabricant<\/a><\/div>\n<p>[\/vc_column_text][\/vc_column_inner][\/vc_row_inner][vc_row_inner equal_height=&#8221;yes&#8221; content_placement=&#8221;middle&#8221; gap=&#8221;35&#8243; el_class=&#8221;container&#8221; css=&#8221;.vc_custom_1533212107588{margin-bottom: 60px !important;}&#8221;][vc_column_inner width=&#8221;1\/2&#8243;][vc_single_image image=&#8221;5460&#8243; img_size=&#8221;full&#8221; alignment=&#8221;center&#8221;][\/vc_column_inner][vc_column_inner width=&#8221;1\/2&#8243;][vc_custom_heading text=&#8221;&#8221; font_container=&#8221;tag:h2|font_size:45px|text_align:left|color:%234367a1|line_height:45px&#8221; google_fonts=&#8221;font_family:Lato%3A100%2C100italic%2C300%2C300italic%2Cregular%2Citalic%2C700%2C700italic%2C900%2C900italic|font_style:300%20light%20regular%3A300%3Anormal&#8221; css=&#8221;.vc_custom_1533212241840{margin-bottom: 0px !important;}&#8221;][vc_custom_heading text=&#8221;Scanner de bagages&#8221; font_container=&#8221;tag:h2|font_size:45px|text_align:left|color:%234367a1|line_height:45px&#8221; google_fonts=&#8221;font_family:Lato%3A100%2C100italic%2C300%2C300italic%2Cregular%2Citalic%2C700%2C700italic%2C900%2C900italic|font_style:700%20bold%20regular%3A700%3Anormal&#8221; css=&#8221;.vc_custom_1574089343951{margin-top: 0px !important;}&#8221;][vc_raw_html]JTIwJTBBJTIwJTIwJTNDZGl2JTIwY2xhc3MlM0QlMjJsaW5lLTMtMTAwLWF6dWwlMjIlMkYlM0UlM0MlMkZkaXYlM0UlMEElMjA=[\/vc_raw_html][vc_column_text]<\/p>\n<div align=\"justify\">\n<p>Inspection et analyse de bagages pour les ports, les a\u00e9roports, les ambassades et les \u00e9v\u00e9nements.<\/p>\n<p><a href=\"http:\/\/en.all-tags.com\/\">Site Web du fabricant<\/a><\/div>\n<p>[\/vc_column_text][\/vc_column_inner][\/vc_row_inner][vc_row_inner equal_height=&#8221;yes&#8221; content_placement=&#8221;middle&#8221; gap=&#8221;35&#8243; el_class=&#8221;container&#8221; css=&#8221;.vc_custom_1533212107588{margin-bottom: 60px !important;}&#8221;][vc_column_inner width=&#8221;1\/2&#8243;][vc_single_image image=&#8221;5413&#8243; img_size=&#8221;full&#8221; alignment=&#8221;center&#8221;][\/vc_column_inner][vc_column_inner width=&#8221;1\/2&#8243;][vc_custom_heading text=&#8221;&#8221; font_container=&#8221;tag:h2|font_size:45px|text_align:left|color:%234367a1|line_height:45px&#8221; google_fonts=&#8221;font_family:Lato%3A100%2C100italic%2C300%2C300italic%2Cregular%2Citalic%2C700%2C700italic%2C900%2C900italic|font_style:300%20light%20regular%3A300%3Anormal&#8221; css=&#8221;.vc_custom_1533212241840{margin-bottom: 0px !important;}&#8221;][vc_custom_heading text=&#8221;Scanner de v\u00e9hicule&#8221; font_container=&#8221;tag:h2|font_size:45px|text_align:left|color:%234367a1|line_height:45px&#8221; google_fonts=&#8221;font_family:Lato%3A100%2C100italic%2C300%2C300italic%2Cregular%2Citalic%2C700%2C700italic%2C900%2C900italic|font_style:700%20bold%20regular%3A700%3Anormal&#8221; css=&#8221;.vc_custom_1574089383359{margin-top: 0px !important;}&#8221;][vc_raw_html]JTIwJTBBJTIwJTIwJTNDZGl2JTIwY2xhc3MlM0QlMjJsaW5lLTMtMTAwLWF6dWwlMjIlMkYlM0UlM0MlMkZkaXYlM0UlMEElMjA=[\/vc_raw_html][vc_column_text]<\/p>\n<div align=\"justify\">\n<p>Analyse et inspection de v\u00e9hicules pour les ports, les a\u00e9roports et les grandes entreprises.<\/p>\n<p><a href=\"http:\/\/en.all-tags.com\/\">Site Web du fabricant<\/a><\/div>\n<p>[\/vc_column_text][\/vc_column_inner][\/vc_row_inner][vc_row_inner equal_height=&#8221;yes&#8221; content_placement=&#8221;middle&#8221; gap=&#8221;35&#8243; el_class=&#8221;container&#8221; css=&#8221;.vc_custom_1533212107588{margin-bottom: 60px !important;}&#8221;][vc_column_inner width=&#8221;1\/2&#8243;][vc_single_image image=&#8221;5412&#8243; img_size=&#8221;full&#8221; alignment=&#8221;center&#8221;][\/vc_column_inner][vc_column_inner width=&#8221;1\/2&#8243;][vc_custom_heading text=&#8221;&#8221; font_container=&#8221;tag:h2|font_size:45px|text_align:left|color:%234367a1|line_height:45px&#8221; google_fonts=&#8221;font_family:Lato%3A100%2C100italic%2C300%2C300italic%2Cregular%2Citalic%2C700%2C700italic%2C900%2C900italic|font_style:300%20light%20regular%3A300%3Anormal&#8221; css=&#8221;.vc_custom_1533212241840{margin-bottom: 0px !important;}&#8221;][vc_custom_heading text=&#8221;Scanner de liquides dangereux&#8221; font_container=&#8221;tag:h2|font_size:45px|text_align:left|color:%234367a1|line_height:45px&#8221; google_fonts=&#8221;font_family:Lato%3A100%2C100italic%2C300%2C300italic%2Cregular%2Citalic%2C700%2C700italic%2C900%2C900italic|font_style:700%20bold%20regular%3A700%3Anormal&#8221; css=&#8221;.vc_custom_1574089413070{margin-top: 0px !important;}&#8221;][vc_raw_html]JTIwJTBBJTIwJTIwJTNDZGl2JTIwY2xhc3MlM0QlMjJsaW5lLTMtMTAwLWF6dWwlMjIlMkYlM0UlM0MlMkZkaXYlM0UlMEElMjA=[\/vc_raw_html][vc_column_text]<\/p>\n<div align=\"justify\">\n<p>Inspection et analyse de liquides dans les a\u00e9roports et les \u00e9v\u00e9nements.<\/p>\n<p><a href=\"http:\/\/en.all-tags.com\/\">Site Web du fabricant<\/a><\/div>\n<p>[\/vc_column_text][\/vc_column_inner][\/vc_row_inner][\/vc_column][\/vc_row]<\/p>\n","protected":false},"excerpt":{"rendered":"<p>[vc_row parallax=&#8221;content-moving-fade&#8221; parallax_image=&#8221;4077&#8243; css=&#8221;.vc_custom_1528715565230{padding-top: 160px !important;padding-bottom: 220px !important;}&#8221;][vc_column][vc_custom_heading text=&#8221;Syst\u00e8mes d&#8217;Inspection&#8221; font_container=&#8221;tag:h1|font_size:44px|text_align:center|color:%23ffffff&#8221; use_theme_fonts=&#8221;yes&#8221; el_class=&#8221;section-heading&#8221;][\/vc_column][\/vc_row][vc_row css=&#8221;.vc_custom_1475934235598{padding-top: 80px !important;padding-bottom: 100px !important;background-color: #ffffff !important;}&#8221;][vc_column][vc_row_inner el_class=&#8221;container&#8221; css=&#8221;.vc_custom_1475933788716{margin-bottom: 60px [&hellip;]<\/p>\n","protected":false},"author":1,"featured_media":0,"parent":0,"menu_order":0,"comment_status":"closed","ping_status":"closed","template":"","meta":{"advgb_blocks_editor_width":"","advgb_blocks_columns_visual_guide":"","footnotes":""},"class_list":["post-6761","page","type-page","status-publish","hentry"],"coauthors":[],"author_meta":{"author_link":"https:\/\/sp.inovamatic.com\/fr\/author\/miguelmailribeiro_h017r696\/","display_name":"admin"},"relative_dates":{"created":"Publi\u00e9 8 ans il y a","modified":"Mis \u00e0 jour 6 ans il y a"},"absolute_dates":{"created":"Publi\u00e9 le octobre 18, 2018","modified":"Mise \u00e0 jour le septembre 17, 2020"},"absolute_dates_time":{"created":"Publi\u00e9 le octobre 18, 2018 3:33 pm","modified":"Mise \u00e0 jour le septembre 17, 2020 12:23 pm"},"featured_img_caption":"","featured_img":false,"series_order":"","_links":{"self":[{"href":"https:\/\/sp.inovamatic.com\/fr\/wp-json\/wp\/v2\/pages\/6761","targetHints":{"allow":["GET"]}}],"collection":[{"href":"https:\/\/sp.inovamatic.com\/fr\/wp-json\/wp\/v2\/pages"}],"about":[{"href":"https:\/\/sp.inovamatic.com\/fr\/wp-json\/wp\/v2\/types\/page"}],"author":[{"embeddable":true,"href":"https:\/\/sp.inovamatic.com\/fr\/wp-json\/wp\/v2\/users\/1"}],"replies":[{"embeddable":true,"href":"https:\/\/sp.inovamatic.com\/fr\/wp-json\/wp\/v2\/comments?post=6761"}],"version-history":[{"count":8,"href":"https:\/\/sp.inovamatic.com\/fr\/wp-json\/wp\/v2\/pages\/6761\/revisions"}],"predecessor-version":[{"id":15942,"href":"https:\/\/sp.inovamatic.com\/fr\/wp-json\/wp\/v2\/pages\/6761\/revisions\/15942"}],"wp:attachment":[{"href":"https:\/\/sp.inovamatic.com\/fr\/wp-json\/wp\/v2\/media?parent=6761"}],"curies":[{"name":"wp","href":"https:\/\/api.w.org\/{rel}","templated":true}]}}