{"id":6743,"date":"2018-10-18T15:29:09","date_gmt":"2018-10-18T14:29:09","guid":{"rendered":"https:\/\/sensorpoint.pt\/reconnaissance-de-linscription\/"},"modified":"2022-07-12T14:59:33","modified_gmt":"2022-07-12T13:59:33","slug":"reconnaissance-de-linscription","status":"publish","type":"page","link":"https:\/\/sp.inovamatic.com\/fr\/reconnaissance-de-linscription\/","title":{"rendered":"Reconnaissance de l&#8217;inscription"},"content":{"rendered":"<p>[vc_row parallax=&#8221;content-moving-fade&#8221; parallax_image=&#8221;3416&#8243; css=&#8221;.vc_custom_1527260070509{padding-top: 160px !important;padding-bottom: 220px !important;background-image: url(https:\/\/www.sensorpoint.pt\/wp-content\/uploads\/2018\/05\/matriculas2.jpg?id=3915) !important;}&#8221;][vc_column][vc_custom_heading text=&#8221;Reconnaissance de l&#8217;inscription&#8221; font_container=&#8221;tag:h1|font_size:44px|text_align:center|color:%23ffffff&#8221; use_theme_fonts=&#8221;yes&#8221; el_class=&#8221;section-heading&#8221;][\/vc_column][\/vc_row][vc_row css=&#8221;.vc_custom_1475934235598{padding-top: 80px !important;padding-bottom: 100px !important;background-color: #ffffff !important;}&#8221;][vc_column][vc_row_inner el_class=&#8221;container&#8221; css=&#8221;.vc_custom_1475933788716{margin-bottom: 60px !important;}&#8221;][vc_column_inner][vc_custom_heading text=&#8221;La reconnaissance des plaques d&#8217;immatriculation est une m\u00e9thode de reconnaissance optique des caract\u00e8res permettant de capturer des images et de reconna\u00eetre les plaques d&#8217;immatriculation des v\u00e9hicules. Ces syst\u00e8mes peuvent \u00eatre bas\u00e9s sur des cam\u00e9ras CCTV existantes ou des chambres \u00e0 r\u00e9solution renforc\u00e9e d\u00e9di\u00e9es uniquement \u00e0 cet effet.<\/p>\n<p>Les applications de ces syst\u00e8mes peuvent \u00eatre bas\u00e9es sur la gestion d&#8217;une liste blanche d&#8217;inscriptions pour, par exemple, contr\u00f4ler l&#8217;acc\u00e8s aux automobiles; ou une liste noire afin de cr\u00e9er des alertes pour la pr\u00e9sence d&#8217;utilisateurs potentiels associ\u00e9s \u00e0 des pratiques anti-sociales.&#8221; font_container=&#8221;tag:h4|text_align:left|color:%23999999|line_height:28px&#8221; use_theme_fonts=&#8221;yes&#8221;]<\/p>\n<p><center><iframe loading=\"lazy\" title=\"victor and VideoEdge Version 5.0\" width=\"667\" height=\"375\" src=\"https:\/\/www.youtube.com\/embed\/ansZ2MqGxHA?feature=oembed\" frameborder=\"0\" allow=\"accelerometer; autoplay; encrypted-media; gyroscope; picture-in-picture\" allowfullscreen><\/iframe><\/p>\n<p><\/center>[\/vc_column_inner][\/vc_row_inner][\/vc_column][\/vc_row]<\/p>\n","protected":false},"excerpt":{"rendered":"<p>[vc_row parallax=&#8221;content-moving-fade&#8221; parallax_image=&#8221;3416&#8243; css=&#8221;.vc_custom_1527260070509{padding-top: 160px !important;padding-bottom: 220px !important;background-image: url(https:\/\/www.sensorpoint.pt\/wp-content\/uploads\/2018\/05\/matriculas2.jpg?id=3915) !important;}&#8221;][vc_column][vc_custom_heading text=&#8221;Reconnaissance de l&#8217;inscription&#8221; font_container=&#8221;tag:h1|font_size:44px|text_align:center|color:%23ffffff&#8221; use_theme_fonts=&#8221;yes&#8221; el_class=&#8221;section-heading&#8221;][\/vc_column][\/vc_row][vc_row css=&#8221;.vc_custom_1475934235598{padding-top: 80px !important;padding-bottom: 100px !important;background-color: #ffffff !important;}&#8221;][vc_column][vc_row_inner [&hellip;]<\/p>\n","protected":false},"author":1,"featured_media":0,"parent":0,"menu_order":0,"comment_status":"closed","ping_status":"closed","template":"","meta":{"advgb_blocks_editor_width":"","advgb_blocks_columns_visual_guide":"","footnotes":""},"class_list":["post-6743","page","type-page","status-publish","hentry"],"coauthors":[],"author_meta":{"author_link":"https:\/\/sp.inovamatic.com\/fr\/author\/miguelmailribeiro_h017r696\/","display_name":"admin"},"relative_dates":{"created":"Publi\u00e9 8 ans il y a","modified":"Mis \u00e0 jour 4 ans il y a"},"absolute_dates":{"created":"Publi\u00e9 le octobre 18, 2018","modified":"Mise \u00e0 jour le juillet 12, 2022"},"absolute_dates_time":{"created":"Publi\u00e9 le octobre 18, 2018 3:29 pm","modified":"Mise \u00e0 jour le juillet 12, 2022 2:59 pm"},"featured_img_caption":"","featured_img":false,"series_order":"","_links":{"self":[{"href":"https:\/\/sp.inovamatic.com\/fr\/wp-json\/wp\/v2\/pages\/6743","targetHints":{"allow":["GET"]}}],"collection":[{"href":"https:\/\/sp.inovamatic.com\/fr\/wp-json\/wp\/v2\/pages"}],"about":[{"href":"https:\/\/sp.inovamatic.com\/fr\/wp-json\/wp\/v2\/types\/page"}],"author":[{"embeddable":true,"href":"https:\/\/sp.inovamatic.com\/fr\/wp-json\/wp\/v2\/users\/1"}],"replies":[{"embeddable":true,"href":"https:\/\/sp.inovamatic.com\/fr\/wp-json\/wp\/v2\/comments?post=6743"}],"version-history":[{"count":12,"href":"https:\/\/sp.inovamatic.com\/fr\/wp-json\/wp\/v2\/pages\/6743\/revisions"}],"predecessor-version":[{"id":16984,"href":"https:\/\/sp.inovamatic.com\/fr\/wp-json\/wp\/v2\/pages\/6743\/revisions\/16984"}],"wp:attachment":[{"href":"https:\/\/sp.inovamatic.com\/fr\/wp-json\/wp\/v2\/media?parent=6743"}],"curies":[{"name":"wp","href":"https:\/\/api.w.org\/{rel}","templated":true}]}}