{"id":6729,"date":"2018-10-18T15:24:52","date_gmt":"2018-10-18T14:24:52","guid":{"rendered":"https:\/\/sensorpoint.pt\/chargement-de-vehicules-electriques\/"},"modified":"2022-07-12T14:59:33","modified_gmt":"2022-07-12T13:59:33","slug":"chargement-de-vehicules-electriques","status":"publish","type":"page","link":"https:\/\/sp.inovamatic.com\/fr\/chargement-de-vehicules-electriques\/","title":{"rendered":"Chargement des v\u00e9hicules \u00e9lectriques"},"content":{"rendered":"<p>[vc_row parallax=&#8221;content-moving-fade&#8221; parallax_image=&#8221;3416&#8243; css=&#8221;.vc_custom_1527260132812{padding-top: 160px !important;padding-bottom: 220px !important;background-image: url(https:\/\/www.sensorpoint.pt\/wp-content\/uploads\/2018\/05\/carros-electricos2-1.jpg?id=3918) !important;}&#8221;][vc_column][vc_custom_heading text=&#8221;Chargement des v\u00e9hicules \u00e9lectriques&#8221; font_container=&#8221;tag:h1|font_size:44px|text_align:center|color:%23ffffff&#8221; use_theme_fonts=&#8221;yes&#8221; el_class=&#8221;section-heading&#8221;][\/vc_column][\/vc_row][vc_row css=&#8221;.vc_custom_1475934235598{padding-top: 80px !important;padding-bottom: 100px !important;background-color: #ffffff !important;}&#8221;][vc_column][vc_row_inner el_class=&#8221;container&#8221; css=&#8221;.vc_custom_1475933788716{margin-bottom: 60px !important;}&#8221;][vc_column_inner][vc_custom_heading text=&#8221;Sensorpoint vend un ensemble de syst\u00e8mes et de solutions con\u00e7us pour faciliter la recharge des v\u00e9hicules aliment\u00e9s par l&#8217;\u00e9lectricit\u00e9. Rechargez-le dans diff\u00e9rentes situations, telles que les routes publiques, parking public, parking priv\u00e9 avec plusieurs utilisateurs ou pour les utilisateurs individuels.<\/p>\n<p>C&#8217;est un syst\u00e8me de fret innovateur. L&#8217;utilisateur peut utiliser la station de mani\u00e8re autonome, en utilisant juste par exemple une carte rechargeable.<\/p>\n<p>Les syst\u00e8mes sont pr\u00eats \u00e0 assurer une s\u00e9curit\u00e9 maximale pour les utilisateurs et le vandalisme.&#8221; font_container=&#8221;tag:h4|text_align:justify|color:%23999999|line_height:28px&#8221; use_theme_fonts=&#8221;yes&#8221;][\/vc_column_inner][\/vc_row_inner][vc_row_inner equal_height=&#8221;yes&#8221; content_placement=&#8221;middle&#8221; gap=&#8221;35&#8243; el_class=&#8221;container&#8221; css=&#8221;.vc_custom_1533212107588{margin-bottom: 60px !important;}&#8221;][vc_column_inner width=&#8221;1\/2&#8243;][vc_single_image image=&#8221;5377&#8243; img_size=&#8221;full&#8221; alignment=&#8221;center&#8221;][\/vc_column_inner][vc_column_inner width=&#8221;1\/2&#8243;][vc_custom_heading text=&#8221;&#8221; font_container=&#8221;tag:h2|font_size:45px|text_align:left|color:%234367a1|line_height:45px&#8221; google_fonts=&#8221;font_family:Lato%3A100%2C100italic%2C300%2C300italic%2Cregular%2Citalic%2C700%2C700italic%2C900%2C900italic|font_style:300%20light%20regular%3A300%3Anormal&#8221; css=&#8221;.vc_custom_1533212241840{margin-bottom: 0px !important;}&#8221;][vc_custom_heading text=&#8221;Circontrol, le&#8221; font_container=&#8221;tag:h2|font_size:45px|text_align:left|color:%234367a1|line_height:45px&#8221; google_fonts=&#8221;font_family:Lato%3A100%2C100italic%2C300%2C300italic%2Cregular%2Citalic%2C700%2C700italic%2C900%2C900italic|font_style:700%20bold%20regular%3A700%3Anormal&#8221; css=&#8221;.vc_custom_1534171852337{margin-top: 0px !important;}&#8221;][vc_raw_html]PGRpdiBjbGFzcz0ibGluZS0zLTEwMC1henVsIj48L2Rpdj4=[\/vc_raw_html][vc_column_text]<\/p>\n<div align=\"justify\">\n<p>Des solutions con\u00e7ues pour \u00eatre install\u00e9es dans des espaces publics (centres commerciaux, a\u00e9roports, zones de service&#8230;) et priv\u00e9es (entreprises avec flotte de v\u00e9hicules \u00e9lectriques, arr\u00eat de taxi, etc.) o\u00f9 les v\u00e9hicules doivent toujours \u00eatre disponibles en moins de Une demi-heure.<\/p>\n<p><a href=\"https:\/\/circontrol.com\/\" target=\"_blank\" rel=\"noopener noreferrer\">Page fabricant<\/a><\/div>\n<p>[\/vc_column_text][\/vc_column_inner][\/vc_row_inner][\/vc_column][\/vc_row]<\/p>\n","protected":false},"excerpt":{"rendered":"<p>[vc_row parallax=&#8221;content-moving-fade&#8221; parallax_image=&#8221;3416&#8243; css=&#8221;.vc_custom_1527260132812{padding-top: 160px !important;padding-bottom: 220px !important;background-image: url(https:\/\/www.sensorpoint.pt\/wp-content\/uploads\/2018\/05\/carros-electricos2-1.jpg?id=3918) !important;}&#8221;][vc_column][vc_custom_heading text=&#8221;Chargement des v\u00e9hicules \u00e9lectriques&#8221; font_container=&#8221;tag:h1|font_size:44px|text_align:center|color:%23ffffff&#8221; use_theme_fonts=&#8221;yes&#8221; el_class=&#8221;section-heading&#8221;][\/vc_column][\/vc_row][vc_row css=&#8221;.vc_custom_1475934235598{padding-top: 80px !important;padding-bottom: 100px !important;background-color: #ffffff [&hellip;]<\/p>\n","protected":false},"author":1,"featured_media":0,"parent":0,"menu_order":0,"comment_status":"closed","ping_status":"closed","template":"","meta":{"advgb_blocks_editor_width":"","advgb_blocks_columns_visual_guide":"","footnotes":""},"class_list":["post-6729","page","type-page","status-publish","hentry"],"coauthors":[],"author_meta":{"author_link":"https:\/\/sp.inovamatic.com\/fr\/author\/miguelmailribeiro_h017r696\/","display_name":"admin"},"relative_dates":{"created":"Publi\u00e9 8 ans il y a","modified":"Mis \u00e0 jour 4 ans il y a"},"absolute_dates":{"created":"Publi\u00e9 le octobre 18, 2018","modified":"Mise \u00e0 jour le juillet 12, 2022"},"absolute_dates_time":{"created":"Publi\u00e9 le octobre 18, 2018 3:24 pm","modified":"Mise \u00e0 jour le juillet 12, 2022 2:59 pm"},"featured_img_caption":"","featured_img":false,"series_order":"","_links":{"self":[{"href":"https:\/\/sp.inovamatic.com\/fr\/wp-json\/wp\/v2\/pages\/6729","targetHints":{"allow":["GET"]}}],"collection":[{"href":"https:\/\/sp.inovamatic.com\/fr\/wp-json\/wp\/v2\/pages"}],"about":[{"href":"https:\/\/sp.inovamatic.com\/fr\/wp-json\/wp\/v2\/types\/page"}],"author":[{"embeddable":true,"href":"https:\/\/sp.inovamatic.com\/fr\/wp-json\/wp\/v2\/users\/1"}],"replies":[{"embeddable":true,"href":"https:\/\/sp.inovamatic.com\/fr\/wp-json\/wp\/v2\/comments?post=6729"}],"version-history":[{"count":10,"href":"https:\/\/sp.inovamatic.com\/fr\/wp-json\/wp\/v2\/pages\/6729\/revisions"}],"predecessor-version":[{"id":16977,"href":"https:\/\/sp.inovamatic.com\/fr\/wp-json\/wp\/v2\/pages\/6729\/revisions\/16977"}],"wp:attachment":[{"href":"https:\/\/sp.inovamatic.com\/fr\/wp-json\/wp\/v2\/media?parent=6729"}],"curies":[{"name":"wp","href":"https:\/\/api.w.org\/{rel}","templated":true}]}}