{"id":6709,"date":"2018-10-18T15:19:04","date_gmt":"2018-10-18T14:19:04","guid":{"rendered":"https:\/\/sensorpoint.pt\/controle-dacces\/"},"modified":"2020-09-17T11:58:07","modified_gmt":"2020-09-17T10:58:07","slug":"controle-dacces","status":"publish","type":"page","link":"https:\/\/sp.inovamatic.com\/fr\/controle-dacces\/","title":{"rendered":"Contr\u00f4le d&#8217;Acc\u00e8s"},"content":{"rendered":"<p>[vc_row parallax=&#8221;content-moving-fade&#8221; parallax_image=&#8221;3416&#8243; css=&#8221;.vc_custom_1527256828994{padding-top: 160px !important;padding-bottom: 220px !important;background-image: url(https:\/\/www.sensorpoint.pt\/wp-content\/uploads\/2018\/05\/acessos-2.jpg?id=3883) !important;}&#8221;][vc_column][vc_custom_heading text=&#8221;Contr\u00f4le d&#8217;Acc\u00e8s&#8221; font_container=&#8221;tag:h1|font_size:44px|text_align:center|color:%23ffffff&#8221; use_theme_fonts=&#8221;yes&#8221; el_class=&#8221;section-heading&#8221;][\/vc_column][\/vc_row][vc_row css=&#8221;.vc_custom_1475934235598{padding-top: 80px !important;padding-bottom: 100px !important;background-color: #ffffff !important;}&#8221;][vc_column][vc_row_inner el_class=&#8221;container&#8221; css=&#8221;.vc_custom_1475933788716{margin-bottom: 60px !important;}&#8221;][vc_column_inner][vc_custom_heading text=&#8221;Actuellement, les syst\u00e8mes de contr\u00f4le d&#8217;acc\u00e8s \u00e9lectronique doivent aller bien au-del\u00e0 de la simple fonction de verrouillage ou de d\u00e9verrouillage des portes.<br \/>\nVotre entreprise a besoin d&#8217;une solution de s\u00e9curit\u00e9 qui vous donne tout le contr\u00f4le et toutes les informations n\u00e9cessaires pour que vous puissiez la g\u00e9rer plus efficacement.<\/p>\n<p>Nos syst\u00e8mes de contr\u00f4le d&#8217;acc\u00e8s peuvent vous aider \u00e0 vous assurer que seules les personnes autoris\u00e9es ont acc\u00e8s aux zones r\u00e9serv\u00e9es de votre entreprise, \u00e9tant, la gestion des acc\u00e8s, un outil non seulement pour la s\u00e9curit\u00e9, mais \u00e9galement pour la gestion.<\/p>\n<p>Les caract\u00e9ristiques des syst\u00e8mes de contr\u00f4le d&#8217;acc\u00e8s pr\u00e9sentent de nombreuses avantages pour tous les secteurs d&#8217;activit\u00e9, des syst\u00e8mes autonomes les plus simples au clavier aux plus complexes en r\u00e9seau et contr\u00f4l\u00e9s par la biom\u00e9trie.&#8221; font_container=&#8221;tag:h4|text_align:justify|color:%23999999|line_height:28px&#8221; use_theme_fonts=&#8221;yes&#8221;][\/vc_column_inner][\/vc_row_inner][vc_row_inner equal_height=&#8221;yes&#8221; content_placement=&#8221;middle&#8221; gap=&#8221;35&#8243; el_class=&#8221;container&#8221; css=&#8221;.vc_custom_1533212107588{margin-bottom: 60px !important;}&#8221;][vc_column_inner width=&#8221;1\/2&#8243;][vc_single_image image=&#8221;5289&#8243; img_size=&#8221;full&#8221; alignment=&#8221;center&#8221;][\/vc_column_inner][vc_column_inner width=&#8221;1\/2&#8243;][vc_custom_heading text=&#8221;Tyco&#8221; font_container=&#8221;tag:h2|font_size:45px|text_align:left|color:%234367a1|line_height:45px&#8221; google_fonts=&#8221;font_family:Lato%3A100%2C100italic%2C300%2C300italic%2Cregular%2Citalic%2C700%2C700italic%2C900%2C900italic|font_style:300%20light%20regular%3A300%3Anormal&#8221; css=&#8221;.vc_custom_1533212241840{margin-bottom: 0px !important;}&#8221;][vc_custom_heading text=&#8221;Kantech&#8221; font_container=&#8221;tag:h2|font_size:45px|text_align:left|color:%234367a1|line_height:45px&#8221; google_fonts=&#8221;font_family:Lato%3A100%2C100italic%2C300%2C300italic%2Cregular%2Citalic%2C700%2C700italic%2C900%2C900italic|font_style:700%20bold%20regular%3A700%3Anormal&#8221; css=&#8221;.vc_custom_1574079384557{margin-top: 0px !important;}&#8221;][vc_raw_html]JTIwJTIwJTNDZGl2JTIwY2xhc3MlM0QlMjJsaW5lLTMtMTAwLWF6dWwlMjIlMkYlM0UlM0MlMkZkaXYlM0UlMEE=[\/vc_raw_html][vc_column_text]<\/p>\n<div align=\"justify\">\n<p>Fond\u00e9e en 1986, la soci\u00e9t\u00e9 Kantech Tyco Security Products con\u00e7oit et d\u00e9veloppe des technologies de contr\u00f4le d\u2019acc\u00e8s.<\/p>\n<p>Les solutions Kantech constituent une solution de base compacte pour les petites entreprises, et des solutions logicielles EntraPass et les contr\u00f4leurs de porte puissants offrent les fonctionnalit\u00e9s ad\u00e9quates pour les applications \u00e0 l&#8217;\u00e9chelle de l&#8217;entreprise.<\/p>\n<p>Les solutions Kantech peuvent \u00eatre facilement interconnect\u00e9es avec les syst\u00e8mes vid\u00e9o analytiques American Dynamics afin de fournir une solution int\u00e9gr\u00e9e de contr\u00f4le vid\u00e9o et de contr\u00f4le d&#8217;acc\u00e8s.<\/p>\n<p>Kantech offre \u00e9galement une int\u00e9gration imm\u00e9diate aux syst\u00e8mes de d\u00e9tection d&#8217;intrusion. Tous interconnect\u00e9s \u00e0 partir d&#8217;un logiciel unifi\u00e9.<\/p>\n<p><a href=\"https:\/\/www.kantech.com\/fr\/default.aspx\">Site Web du fabricant<\/a><\/p>\n<\/div>\n<p>[\/vc_column_text][\/vc_column_inner][\/vc_row_inner][vc_row_inner equal_height=&#8221;yes&#8221; content_placement=&#8221;middle&#8221; gap=&#8221;35&#8243; el_class=&#8221;container&#8221; css=&#8221;.vc_custom_1533212107588{margin-bottom: 60px !important;}&#8221;][vc_column_inner width=&#8221;1\/2&#8243;][vc_single_image image=&#8221;5290&#8243; img_size=&#8221;full&#8221; alignment=&#8221;center&#8221;][\/vc_column_inner][vc_column_inner width=&#8221;1\/2&#8243;][vc_custom_heading text=&#8221;Tyco&#8221; font_container=&#8221;tag:h2|font_size:45px|text_align:left|color:%234367a1|line_height:45px&#8221; google_fonts=&#8221;font_family:Lato%3A100%2C100italic%2C300%2C300italic%2Cregular%2Citalic%2C700%2C700italic%2C900%2C900italic|font_style:300%20light%20regular%3A300%3Anormal&#8221; css=&#8221;.vc_custom_1533212241840{margin-bottom: 0px !important;}&#8221;][vc_custom_heading text=&#8221;Software House&#8221; font_container=&#8221;tag:h2|font_size:45px|text_align:left|color:%234367a1|line_height:45px&#8221; google_fonts=&#8221;font_family:Lato%3A100%2C100italic%2C300%2C300italic%2Cregular%2Citalic%2C700%2C700italic%2C900%2C900italic|font_style:700%20bold%20regular%3A700%3Anormal&#8221; css=&#8221;.vc_custom_1574079604461{margin-top: 0px !important;}&#8221;][vc_raw_html]JTIwJTIwJTNDZGl2JTIwY2xhc3MlM0QlMjJsaW5lLTMtMTAwLWF6dWwlMjIlMkYlM0UlM0MlMkZkaXYlM0UlMEE=[\/vc_raw_html][vc_column_text]<\/p>\n<div align=\"justify\">\n<p>Lorsque les plus grandes entreprises de la liste Fortune 500, des gouvernements ou toute autre grande entreprise se pr\u00e9occupent de probl\u00e8mes de s\u00e9curit\u00e9 critiques et ont besoin d\u2019une solution fiable dans leurs op\u00e9rations quotidiennes, ils se tournent souvent vers Software House.<\/p>\n<p>Software House est une soci\u00e9t\u00e9 du groupe Tyco et ses technologies de contr\u00f4le d&#8217;acc\u00e8s sont install\u00e9es lors d&#8217;\u00e9v\u00e9nements majeurs dans le monde entier.<\/p>\n<p><a href=\"http:\/\/www.swhouse.com\/Default.aspx\">Site Web du fabricant<\/a><\/p>\n<\/div>\n<p>[\/vc_column_text][\/vc_column_inner][\/vc_row_inner][vc_row_inner equal_height=&#8221;yes&#8221; content_placement=&#8221;middle&#8221; gap=&#8221;35&#8243; el_class=&#8221;container&#8221; css=&#8221;.vc_custom_1533212107588{margin-bottom: 60px !important;}&#8221;][vc_column_inner width=&#8221;1\/2&#8243;][vc_single_image image=&#8221;5285&#8243; img_size=&#8221;full&#8221; alignment=&#8221;center&#8221;][\/vc_column_inner][vc_column_inner width=&#8221;1\/2&#8243;][vc_custom_heading text=&#8221;Tyco&#8221; font_container=&#8221;tag:h2|font_size:45px|text_align:left|color:%234367a1|line_height:45px&#8221; google_fonts=&#8221;font_family:Lato%3A100%2C100italic%2C300%2C300italic%2Cregular%2Citalic%2C700%2C700italic%2C900%2C900italic|font_style:300%20light%20regular%3A300%3Anormal&#8221; css=&#8221;.vc_custom_1533212241840{margin-bottom: 0px !important;}&#8221;][vc_custom_heading text=&#8221;CEM Systems&#8221; font_container=&#8221;tag:h2|font_size:45px|text_align:left|color:%234367a1|line_height:45px&#8221; google_fonts=&#8221;font_family:Lato%3A100%2C100italic%2C300%2C300italic%2Cregular%2Citalic%2C700%2C700italic%2C900%2C900italic|font_style:700%20bold%20regular%3A700%3Anormal&#8221; css=&#8221;.vc_custom_1574079667444{margin-top: 0px !important;}&#8221;][vc_raw_html]JTIwJTIwJTNDZGl2JTIwY2xhc3MlM0QlMjJsaW5lLTMtMTAwLWF6dWwlMjIlMkYlM0UlM0MlMkZkaXYlM0UlMEE=[\/vc_raw_html][vc_column_text]<\/p>\n<div align=\"justify\">\n<p>CEM Systems est une soci\u00e9t\u00e9 du groupe Tyco qui fabrique des syst\u00e8mes de contr\u00f4le d&#8217;acc\u00e8s et de gestion de la s\u00e9curit\u00e9.<\/p>\n<p>Avec plus de 25 ans d&#8217;exp\u00e9rience dans le secteur de la s\u00e9curit\u00e9 et de l&#8217;informatique, CEM fabrique le mat\u00e9riel et les logiciels du syst\u00e8me de contr\u00f4le d&#8217;acc\u00e8s. Cela offre des niveaux de flexibilit\u00e9 uniques dans le choix d&#8217;une solution de contr\u00f4le d&#8217;acc\u00e8s compl\u00e8te r\u00e9pondant \u00e0 vos besoins de s\u00e9curit\u00e9.<\/p>\n<p>Les syst\u00e8mes de CEM Systems prot\u00e8gent la plupart des grands a\u00e9roports du monde.<\/p>\n<p><a href=\"https:\/\/www.cemsys.com\/\">Site Web du fabricant<\/a><\/p>\n<\/div>\n<p>[\/vc_column_text][\/vc_column_inner][\/vc_row_inner][vc_row_inner equal_height=&#8221;yes&#8221; content_placement=&#8221;middle&#8221; gap=&#8221;35&#8243; el_class=&#8221;container&#8221; css=&#8221;.vc_custom_1533212107588{margin-bottom: 60px !important;}&#8221;][vc_column_inner width=&#8221;1\/2&#8243;][vc_single_image image=&#8221;5287&#8243; img_size=&#8221;full&#8221; alignment=&#8221;center&#8221;][\/vc_column_inner][vc_column_inner width=&#8221;1\/2&#8243;][vc_custom_heading text=&#8221;&#8221; font_container=&#8221;tag:h2|font_size:45px|text_align:left|color:%234367a1|line_height:45px&#8221; google_fonts=&#8221;font_family:Lato%3A100%2C100italic%2C300%2C300italic%2Cregular%2Citalic%2C700%2C700italic%2C900%2C900italic|font_style:300%20light%20regular%3A300%3Anormal&#8221; css=&#8221;.vc_custom_1533212241840{margin-bottom: 0px !important;}&#8221;][vc_custom_heading text=&#8221;HID Global&#8221; font_container=&#8221;tag:h2|font_size:45px|text_align:left|color:%234367a1|line_height:45px&#8221; google_fonts=&#8221;font_family:Lato%3A100%2C100italic%2C300%2C300italic%2Cregular%2Citalic%2C700%2C700italic%2C900%2C900italic|font_style:700%20bold%20regular%3A700%3Anormal&#8221; css=&#8221;.vc_custom_1574079747724{margin-top: 0px !important;}&#8221;][vc_raw_html]JTIwJTIwJTNDZGl2JTIwY2xhc3MlM0QlMjJsaW5lLTMtMTAwLWF6dWwlMjIlMkYlM0UlM0MlMkZkaXYlM0UlMEE=[\/vc_raw_html][vc_column_text]<\/p>\n<div align=\"justify\">\n<p>Chaque jour, des millions de personnes dans plus de 100 pays utilisent des produits et des services pour acc\u00e9der en toute s\u00e9curit\u00e9 au lieu de travail.<\/p>\n<p>Plus de 2 milliards d&#8217;\u00e9l\u00e9ments devant \u00eatre identifi\u00e9s, v\u00e9rifi\u00e9s et suivis sont connect\u00e9s via la technologie de HID.<\/p>\n<p><a href=\"https:\/\/www.hidglobal.fr\/\">Site Web du fabricant<\/a><\/p>\n<\/div>\n<p>[\/vc_column_text][\/vc_column_inner][\/vc_row_inner][vc_row_inner equal_height=&#8221;yes&#8221; content_placement=&#8221;middle&#8221; gap=&#8221;35&#8243; el_class=&#8221;container&#8221; css=&#8221;.vc_custom_1533212107588{margin-bottom: 60px !important;}&#8221;][vc_column_inner width=&#8221;1\/2&#8243;][vc_single_image image=&#8221;5288&#8243; img_size=&#8221;full&#8221; alignment=&#8221;center&#8221;][\/vc_column_inner][vc_column_inner width=&#8221;1\/2&#8243;][vc_custom_heading text=&#8221;&#8221; font_container=&#8221;tag:h2|font_size:45px|text_align:left|color:%234367a1|line_height:45px&#8221; google_fonts=&#8221;font_family:Lato%3A100%2C100italic%2C300%2C300italic%2Cregular%2Citalic%2C700%2C700italic%2C900%2C900italic|font_style:300%20light%20regular%3A300%3Anormal&#8221; css=&#8221;.vc_custom_1533212241840{margin-bottom: 0px !important;}&#8221;][vc_custom_heading text=&#8221;Honeywell&#8221; font_container=&#8221;tag:h2|font_size:45px|text_align:left|color:%234367a1|line_height:45px&#8221; google_fonts=&#8221;font_family:Lato%3A100%2C100italic%2C300%2C300italic%2Cregular%2Citalic%2C700%2C700italic%2C900%2C900italic|font_style:700%20bold%20regular%3A700%3Anormal&#8221; css=&#8221;.vc_custom_1534165840909{margin-top: 0px !important;}&#8221;][vc_raw_html]JTIwJTIwJTNDZGl2JTIwY2xhc3MlM0QlMjJsaW5lLTMtMTAwLWF6dWwlMjIlMkYlM0UlM0MlMkZkaXYlM0UlMEE=[\/vc_raw_html][vc_column_text]<\/p>\n<div align=\"justify\">\n<p>Une des solutions les plus utilis\u00e9es lorsque nous voulons un contr\u00f4le d\u2019intrusion avec un contr\u00f4le d\u2019acc\u00e8s professionnel.<\/p>\n<p><a href=\"https:\/\/www.security.honeywell.com\/uk\/products\/intruder\/control-panels\/accessories\/galaxydimension\/\">Site Web du fabricant<\/a><\/p>\n<\/div>\n<p>[\/vc_column_text][\/vc_column_inner][\/vc_row_inner][vc_row_inner equal_height=&#8221;yes&#8221; content_placement=&#8221;middle&#8221; gap=&#8221;35&#8243; el_class=&#8221;container&#8221; css=&#8221;.vc_custom_1533212107588{margin-bottom: 60px !important;}&#8221;][vc_column_inner width=&#8221;1\/2&#8243;][vc_single_image image=&#8221;5291&#8243; img_size=&#8221;full&#8221; alignment=&#8221;center&#8221;][\/vc_column_inner][vc_column_inner width=&#8221;1\/2&#8243;][vc_custom_heading text=&#8221;&#8221; font_container=&#8221;tag:h2|font_size:45px|text_align:left|color:%234367a1|line_height:45px&#8221; google_fonts=&#8221;font_family:Lato%3A100%2C100italic%2C300%2C300italic%2Cregular%2Citalic%2C700%2C700italic%2C900%2C900italic|font_style:300%20light%20regular%3A300%3Anormal&#8221; css=&#8221;.vc_custom_1533212241840{margin-bottom: 0px !important;}&#8221;][vc_custom_heading text=&#8221;UTC&#8221; font_container=&#8221;tag:h2|font_size:45px|text_align:left|color:%234367a1|line_height:45px&#8221; google_fonts=&#8221;font_family:Lato%3A100%2C100italic%2C300%2C300italic%2Cregular%2Citalic%2C700%2C700italic%2C900%2C900italic|font_style:700%20bold%20regular%3A700%3Anormal&#8221; css=&#8221;.vc_custom_1574079885739{margin-top: 0px !important;}&#8221;][vc_raw_html]JTIwJTIwJTNDZGl2JTIwY2xhc3MlM0QlMjJsaW5lLTMtMTAwLWF6dWwlMjIlMkYlM0UlM0MlMkZkaXYlM0UlMEE=[\/vc_raw_html][vc_column_text]<\/p>\n<div align=\"justify\">\n<p>L&#8217;une des marques de contr\u00f4le d&#8217;acc\u00e8s les plus populaires au Portugal. Solutions test\u00e9es et professionnelles.<\/p>\n<p><a href=\"https:\/\/fr.firesecurityproducts.com\/fr\/home\">Site Web du fabricant<\/a><\/p>\n<\/div>\n<p>[\/vc_column_text][\/vc_column_inner][\/vc_row_inner][vc_row_inner equal_height=&#8221;yes&#8221; content_placement=&#8221;middle&#8221; gap=&#8221;35&#8243; el_class=&#8221;container&#8221; css=&#8221;.vc_custom_1533212107588{margin-bottom: 60px !important;}&#8221;][vc_column_inner width=&#8221;1\/2&#8243;][vc_single_image image=&#8221;5292&#8243; img_size=&#8221;full&#8221; alignment=&#8221;center&#8221;][\/vc_column_inner][vc_column_inner width=&#8221;1\/2&#8243;][vc_custom_heading text=&#8221;&#8221; font_container=&#8221;tag:h2|font_size:45px|text_align:left|color:%234367a1|line_height:45px&#8221; google_fonts=&#8221;font_family:Lato%3A100%2C100italic%2C300%2C300italic%2Cregular%2Citalic%2C700%2C700italic%2C900%2C900italic|font_style:300%20light%20regular%3A300%3Anormal&#8221; css=&#8221;.vc_custom_1533212241840{margin-bottom: 0px !important;}&#8221;][vc_custom_heading text=&#8221;Vanderbilt&#8221; font_container=&#8221;tag:h2|font_size:45px|text_align:left|color:%234367a1|line_height:45px&#8221; google_fonts=&#8221;font_family:Lato%3A100%2C100italic%2C300%2C300italic%2Cregular%2Citalic%2C700%2C700italic%2C900%2C900italic|font_style:700%20bold%20regular%3A700%3Anormal&#8221; css=&#8221;.vc_custom_1534166071664{margin-top: 0px !important;}&#8221;][vc_raw_html]JTIwJTIwJTNDZGl2JTIwY2xhc3MlM0QlMjJsaW5lLTMtMTAwLWF6dWwlMjIlMkYlM0UlM0MlMkZkaXYlM0UlMEE=[\/vc_raw_html][vc_column_text]<\/p>\n<div align=\"justify\">\n<p>Lors de l&#8217;achat de Siemens Security, Vanderbilt disposait d&#8217;une excellente solution de contr\u00f4le d&#8217;acc\u00e8s.<\/p>\n<p><a href=\"https:\/\/vanderbiltindustries.com\/fr\">Site Web du fabricant<\/a><\/p>\n<\/div>\n<p>[\/vc_column_text][\/vc_column_inner][\/vc_row_inner][vc_row_inner equal_height=&#8221;yes&#8221; content_placement=&#8221;middle&#8221; gap=&#8221;35&#8243; el_class=&#8221;container&#8221; css=&#8221;.vc_custom_1533212107588{margin-bottom: 60px !important;}&#8221;][vc_column_inner width=&#8221;1\/2&#8243;][vc_single_image image=&#8221;15878&#8243; img_size=&#8221;full&#8221; alignment=&#8221;center&#8221;][\/vc_column_inner][vc_column_inner width=&#8221;1\/2&#8243;][vc_custom_heading text=&#8221;&#8221; font_container=&#8221;tag:h2|font_size:45px|text_align:left|color:%234367a1|line_height:45px&#8221; google_fonts=&#8221;font_family:Lato%3A100%2C100italic%2C300%2C300italic%2Cregular%2Citalic%2C700%2C700italic%2C900%2C900italic|font_style:300%20light%20regular%3A300%3Anormal&#8221; css=&#8221;.vc_custom_1533212241840{margin-bottom: 0px !important;}&#8221;][vc_custom_heading text=&#8221;Honeywell&#8221; font_container=&#8221;tag:h2|font_size:45px|text_align:left|color:%234367a1|line_height:45px&#8221; google_fonts=&#8221;font_family:Lato%3A100%2C100italic%2C300%2C300italic%2Cregular%2Citalic%2C700%2C700italic%2C900%2C900italic|font_style:700%20bold%20regular%3A700%3Anormal&#8221; css=&#8221;.vc_custom_1600256108138{margin-top: 0px !important;}&#8221;][vc_raw_html]JTIwJTIwJTNDZGl2JTIwY2xhc3MlM0QlMjJsaW5lLTMtMTAwLWF6dWwlMjIlMkYlM0UlM0MlMkZkaXYlM0UlMEE=[\/vc_raw_html][vc_column_text]<\/p>\n<div align=\"justify\">\n<p>En tant que d\u00e9veloppeur leader de solutions de contr\u00f4le d&#8217;acc\u00e8s, notre gamme de produits va du contr\u00f4le d&#8217;acc\u00e8s \u00e0 porte unique et du contr\u00f4le d&#8217;acc\u00e8s autonome h\u00e9berg\u00e9 sur le Web aux syst\u00e8mes int\u00e9gr\u00e9s capables de g\u00e9rer des milliers de portes et de points de surveillance d&#8217;alarme dans le monde.<\/p>\n<p><a href=\"https:\/\/www.security.honeywell.com\/All-Categories\/access-control-systems\">Site Web du fabricant<\/a><\/p>\n<\/div>\n<p>[\/vc_column_text][\/vc_column_inner][\/vc_row_inner][\/vc_column][\/vc_row]<\/p>\n","protected":false},"excerpt":{"rendered":"<p>[vc_row parallax=&#8221;content-moving-fade&#8221; parallax_image=&#8221;3416&#8243; css=&#8221;.vc_custom_1527256828994{padding-top: 160px !important;padding-bottom: 220px !important;background-image: url(https:\/\/www.sensorpoint.pt\/wp-content\/uploads\/2018\/05\/acessos-2.jpg?id=3883) !important;}&#8221;][vc_column][vc_custom_heading text=&#8221;Contr\u00f4le d&#8217;Acc\u00e8s&#8221; font_container=&#8221;tag:h1|font_size:44px|text_align:center|color:%23ffffff&#8221; use_theme_fonts=&#8221;yes&#8221; el_class=&#8221;section-heading&#8221;][\/vc_column][\/vc_row][vc_row css=&#8221;.vc_custom_1475934235598{padding-top: 80px !important;padding-bottom: 100px !important;background-color: #ffffff !important;}&#8221;][vc_column][vc_row_inner el_class=&#8221;container&#8221; [&hellip;]<\/p>\n","protected":false},"author":1,"featured_media":0,"parent":0,"menu_order":0,"comment_status":"closed","ping_status":"closed","template":"","meta":{"advgb_blocks_editor_width":"","advgb_blocks_columns_visual_guide":"","footnotes":""},"class_list":["post-6709","page","type-page","status-publish","hentry"],"coauthors":[],"author_meta":{"author_link":"https:\/\/sp.inovamatic.com\/fr\/author\/miguelmailribeiro_h017r696\/","display_name":"admin"},"relative_dates":{"created":"Publi\u00e9 8 ans il y a","modified":"Mis \u00e0 jour 6 ans il y a"},"absolute_dates":{"created":"Publi\u00e9 le octobre 18, 2018","modified":"Mise \u00e0 jour le septembre 17, 2020"},"absolute_dates_time":{"created":"Publi\u00e9 le octobre 18, 2018 3:19 pm","modified":"Mise \u00e0 jour le septembre 17, 2020 11:58 am"},"featured_img_caption":"","featured_img":false,"series_order":"","_links":{"self":[{"href":"https:\/\/sp.inovamatic.com\/fr\/wp-json\/wp\/v2\/pages\/6709","targetHints":{"allow":["GET"]}}],"collection":[{"href":"https:\/\/sp.inovamatic.com\/fr\/wp-json\/wp\/v2\/pages"}],"about":[{"href":"https:\/\/sp.inovamatic.com\/fr\/wp-json\/wp\/v2\/types\/page"}],"author":[{"embeddable":true,"href":"https:\/\/sp.inovamatic.com\/fr\/wp-json\/wp\/v2\/users\/1"}],"replies":[{"embeddable":true,"href":"https:\/\/sp.inovamatic.com\/fr\/wp-json\/wp\/v2\/comments?post=6709"}],"version-history":[{"count":13,"href":"https:\/\/sp.inovamatic.com\/fr\/wp-json\/wp\/v2\/pages\/6709\/revisions"}],"predecessor-version":[{"id":15937,"href":"https:\/\/sp.inovamatic.com\/fr\/wp-json\/wp\/v2\/pages\/6709\/revisions\/15937"}],"wp:attachment":[{"href":"https:\/\/sp.inovamatic.com\/fr\/wp-json\/wp\/v2\/media?parent=6709"}],"curies":[{"name":"wp","href":"https:\/\/api.w.org\/{rel}","templated":true}]}}