{"id":6611,"date":"2018-10-17T14:54:22","date_gmt":"2018-10-17T13:54:22","guid":{"rendered":"https:\/\/sensorpoint.pt\/detail\/"},"modified":"2022-07-12T14:59:20","modified_gmt":"2022-07-12T13:59:20","slug":"detail","status":"publish","type":"page","link":"https:\/\/sp.inovamatic.com\/fr\/detail\/","title":{"rendered":"D\u00e9tail"},"content":{"rendered":"<p>[vc_row parallax=&#8221;content-moving-fade&#8221; parallax_image=&#8221;3416&#8243; css=&#8221;.vc_custom_1527255409085{padding-top: 160px !important;padding-bottom: 220px !important;background-image: url(https:\/\/www.sensorpoint.pt\/wp-content\/uploads\/2018\/05\/retalho.jpg?id=3721) !important;}&#8221;][vc_column][vc_custom_heading text=&#8221;D\u00e9tail&#8221; font_container=&#8221;tag:h1|font_size:44px|text_align:center|color:%23ffffff&#8221; use_theme_fonts=&#8221;yes&#8221; el_class=&#8221;section-heading&#8221;][\/vc_column][\/vc_row][vc_row css=&#8221;.vc_custom_1475934235598{padding-top: 80px !important;padding-bottom: 100px !important;background-color: #ffffff !important;}&#8221;][vc_column][vc_row_inner el_class=&#8221;container&#8221; css=&#8221;.vc_custom_1475933788716{margin-bottom: 60px !important;}&#8221;][vc_column_inner][vc_custom_heading text=&#8221;Le secteur de la vente au d\u00e9tail est tr\u00e8s comp\u00e9titif et sensible aux changements rapides dus \u00e0 des \u00e9v\u00e9nements \u00e9chappant \u00e0 son contr\u00f4le.<\/p>\n<p>Au Portugal, des millions d&#8217;euros sont perdus chaque ann\u00e9e par les commer\u00e7ants qui sont souvent confront\u00e9s aux d\u00e9fis li\u00e9s aux multiples risques auxquels ils sont soumis, tels que la fraude, le vandalisme, les incendies et les vols internes et externes.<\/p>\n<p>Chacun de ces risques peut \u00eatre \u00e9vit\u00e9 en introduisant des syst\u00e8mes sp\u00e9cifiques et en op\u00e9rant des int\u00e9gralement.<\/p>\n<p>Qu&#8217;il s&#8217;agisse d&#8217;une cha\u00eene internationale ou d&#8217;un petit d\u00e9taillant, Sensorpoint est le fournisseur de solutions de s\u00e9curit\u00e9 qui travailleront avec vous dans l&#8217;\u00e9laboration de programmes de pr\u00e9vention des sinistres, vous permettant d&#8217;identifier comment ils se produisent, ce qui rend plus facile \u00e0 D\u00e9tection des suspects et minimisation de leur exposition \u00e0 ce risque.&#8221; font_container=&#8221;tag:h4|text_align:justify|color:%23999999|line_height:28px&#8221; use_theme_fonts=&#8221;yes&#8221;][\/vc_column_inner]<\/p>\n<p><a href=\"https:\/\/sensorpoint.pt\/fr\/chargement-de-vehicules-electriques\/\"><img decoding=\"async\" src=\"https:\/\/sensorpoint.pt\/wp-content\/uploads\/2018\/08\/carregamento_electricos-02.png\"alt=\"Carregamento Carros\" style=\"padding-left:10px;width:70px;height:60px;\"\"><\/a> <a href=\"https:\/\/sensorpoint.pt\/fr\/systemes-de-detection-dintrusion\/\"><img decoding=\"async\" src=\"https:\/\/sensorpoint.pt\/wp-content\/uploads\/2018\/08\/deteccao_intrusao-02.png\" alt=\"Dete\u00e7\u00e3o de Intrus\u00e3o\" style=\"width:60px;height:60px;\"\"><\/a> <a href=\"https:\/\/sensorpoint.pt\/fr\/videosurveillance\/\"><img decoding=\"async\" src=\"https:\/\/sensorpoint.pt\/wp-content\/uploads\/2018\/08\/cctv-02.png\" alt=\"CCTV\" style=\"width:60px;height:60px;\"\" ><\/a> <a href=\"https:\/\/sensorpoint.pt\/fr\/gestion-des-parking\/\"><img decoding=\"async\" src=\"https:\/\/sensorpoint.pt\/wp-content\/uploads\/2018\/08\/gestao_parques-02.png\" alt=\"Gest\u00e3o de Parques de Estacionamento\" style=\"width:60px;height:60px;\"\"><\/a> <a href=\"https:\/\/sensorpoint.pt\/fr\/systemes-de-detection-dincendie\/\"><img decoding=\"async\" src=\"https:\/\/sensorpoint.pt\/wp-content\/uploads\/2018\/08\/deteccao_incendio-02.png\" alt=\"Dete\u00e7\u00e3o de Inc\u00eandio\"style=\"width:60px;height:60px;\"\"><\/a> <a href=\"https:\/\/sensorpoint.pt\/fr\/systemes-de-detection-de-gaz\/\"><img decoding=\"async\" src=\"https:\/\/sensorpoint.pt\/wp-content\/uploads\/2018\/08\/deteccao_gases-02.png\" alt=\"Dete\u00e7\u00e3o de G\u00e1s\"style=\"width:60px;height:60px;\"\"><\/a> <a href=\"https:\/\/sensorpoint.pt\/fr\/controle-dacces\/\"><img decoding=\"async\" src=\"https:\/\/sensorpoint.pt\/wp-content\/uploads\/2018\/08\/controlo_acessos-02.png\" alt=\"Controlo de Acessos\"style=\"width:60px;height:60px;\"\"><\/a> <a href=\"https:\/\/sensorpoint.pt\/fr\/systemes-de-communication-durgence\/\"><img decoding=\"async\" src=\"https:\/\/sensorpoint.pt\/wp-content\/uploads\/2018\/08\/comunicacoes_emergencia-02.png\" alt=\"Sistemas de Comunica\u00e7\u00e3o de Emerg\u00eancia\"style=\"width:60px;height:60px;\"\"><\/a> <a href=\"https:\/\/sensorpoint.pt\/sistema-de-inspecao\/\"><img decoding=\"async\" src=\"https:\/\/sensorpoint.pt\/wp-content\/uploads\/2018\/08\/sistemas_inspeccao-02.png\" alt=\"Sistemas de Inspec\u00e7\u00e3o\"style=\"width:60px;height:60px;\"\"><\/a> <a href=\"https:\/\/sensorpoint.pt\/fr\/systemes-sonores-ambiants-et-evacuation-vocale\/\"><img decoding=\"async\" src=\"https:\/\/sensorpoint.pt\/wp-content\/uploads\/2018\/08\/sistemas_alarme_voz-02.png\" alt=\"Sistemas de Som\"style=\"width:60px;height:60px;\"\"><\/a> <a href=\"https:\/\/sensorpoint.pt\/sistema-de-extincao-para-hotte-de-cozinha\/\"><img decoding=\"async\" src=\"https:\/\/sensorpoint.pt\/wp-content\/uploads\/2018\/08\/sistema_extincao_hotte_cozinha-02.png\" alt=\"Sistemas de Extin\u00e7\u00e3o para Hotte de Cozinha\"style=\"width:60px;height:60px;\"\"><\/a> <a href=\"https:\/\/sensorpoint.pt\/fr\/systemes-dextinction-automatique-dincendie\/\"><img decoding=\"async\" src=\"https:\/\/sensorpoint.pt\/wp-content\/uploads\/2018\/08\/sistema_extincao_automatica-02.png\" alt=\"Sistemas de Extin\u00e7\u00e3o Autom\u00e1tica de Inc\u00eandios\"style=\"width:60px;height:60px;\"\"><\/a> <a href=\"https:\/\/sensorpoint.pt\/sistema-de-extincao-por-agua\/\"><img decoding=\"async\" src=\"https:\/\/sensorpoint.pt\/wp-content\/uploads\/2018\/08\/sistema_extincao_agua-02.png\" alt=\"Sistemas de Extin\u00e7\u00e3o por \u00c1gua\"style=\"width:60px;height:60px;\"\"><\/a> <a href=\"https:\/\/sensorpoint.pt\/fr\/systemes-sonores-ambiants-et-evacuation-vocale\/\"><img decoding=\"async\" src=\"https:\/\/sensorpoint.pt\/wp-content\/uploads\/2018\/08\/sistema_som-02.png\" alt=\"Sistemas de Som\"style=\"width:60px;height:60px;\"\"><\/a> <a href=\"https:\/\/sensorpoint.pt\/fr\/reconnaissance-de-linscription\/\"><img decoding=\"async\" src=\"https:\/\/sensorpoint.pt\/wp-content\/uploads\/2018\/08\/reconhecimento_matriculas-02.png\" alt=\"Reconhecimento de Matriculas\"style=\"width:60px;height:60px;\"\"><\/a> <a href=\"https:\/\/sensorpoint.pt\/fr\/eclairage-solaire\/\"><img decoding=\"async\" src=\"https:\/\/sensorpoint.pt\/wp-content\/uploads\/2018\/08\/iluminacao_solar-02.png\" alt=\"Ilumina\u00e7\u00e3o Solar\"style=\"width:60px;height:60px;\"\"><\/a><\/p>\n<p>[\/vc_row_inner][\/vc_column][\/vc_row]<\/p>\n","protected":false},"excerpt":{"rendered":"<p>[vc_row parallax=&#8221;content-moving-fade&#8221; parallax_image=&#8221;3416&#8243; css=&#8221;.vc_custom_1527255409085{padding-top: 160px !important;padding-bottom: 220px !important;background-image: url(https:\/\/www.sensorpoint.pt\/wp-content\/uploads\/2018\/05\/retalho.jpg?id=3721) !important;}&#8221;][vc_column][vc_custom_heading text=&#8221;D\u00e9tail&#8221; font_container=&#8221;tag:h1|font_size:44px|text_align:center|color:%23ffffff&#8221; use_theme_fonts=&#8221;yes&#8221; el_class=&#8221;section-heading&#8221;][\/vc_column][\/vc_row][vc_row css=&#8221;.vc_custom_1475934235598{padding-top: 80px !important;padding-bottom: 100px !important;background-color: #ffffff !important;}&#8221;][vc_column][vc_row_inner el_class=&#8221;container&#8221; css=&#8221;.vc_custom_1475933788716{margin-bottom: [&hellip;]<\/p>\n","protected":false},"author":1,"featured_media":0,"parent":0,"menu_order":0,"comment_status":"closed","ping_status":"closed","template":"","meta":{"advgb_blocks_editor_width":"","advgb_blocks_columns_visual_guide":"","footnotes":""},"class_list":["post-6611","page","type-page","status-publish","hentry"],"coauthors":[],"author_meta":{"author_link":"https:\/\/sp.inovamatic.com\/fr\/author\/miguelmailribeiro_h017r696\/","display_name":"admin"},"relative_dates":{"created":"Publi\u00e9 8 ans il y a","modified":"Mis \u00e0 jour 4 ans il y a"},"absolute_dates":{"created":"Publi\u00e9 le octobre 17, 2018","modified":"Mise \u00e0 jour le juillet 12, 2022"},"absolute_dates_time":{"created":"Publi\u00e9 le octobre 17, 2018 2:54 pm","modified":"Mise \u00e0 jour le juillet 12, 2022 2:59 pm"},"featured_img_caption":"","featured_img":false,"series_order":"","_links":{"self":[{"href":"https:\/\/sp.inovamatic.com\/fr\/wp-json\/wp\/v2\/pages\/6611","targetHints":{"allow":["GET"]}}],"collection":[{"href":"https:\/\/sp.inovamatic.com\/fr\/wp-json\/wp\/v2\/pages"}],"about":[{"href":"https:\/\/sp.inovamatic.com\/fr\/wp-json\/wp\/v2\/types\/page"}],"author":[{"embeddable":true,"href":"https:\/\/sp.inovamatic.com\/fr\/wp-json\/wp\/v2\/users\/1"}],"replies":[{"embeddable":true,"href":"https:\/\/sp.inovamatic.com\/fr\/wp-json\/wp\/v2\/comments?post=6611"}],"version-history":[{"count":149,"href":"https:\/\/sp.inovamatic.com\/fr\/wp-json\/wp\/v2\/pages\/6611\/revisions"}],"predecessor-version":[{"id":16916,"href":"https:\/\/sp.inovamatic.com\/fr\/wp-json\/wp\/v2\/pages\/6611\/revisions\/16916"}],"wp:attachment":[{"href":"https:\/\/sp.inovamatic.com\/fr\/wp-json\/wp\/v2\/media?parent=6611"}],"curies":[{"name":"wp","href":"https:\/\/api.w.org\/{rel}","templated":true}]}}