{"id":6585,"date":"2018-10-16T17:24:41","date_gmt":"2018-10-16T16:24:41","guid":{"rendered":"https:\/\/sensorpoint.pt\/maison\/nos-services\/"},"modified":"2019-12-10T15:13:16","modified_gmt":"2019-12-10T15:13:16","slug":"nos-services","status":"publish","type":"page","link":"https:\/\/sp.inovamatic.com\/fr\/maison\/nos-services\/","title":{"rendered":"NOS SERVICES"},"content":{"rendered":"<p>[vc_row][vc_column offset=&#8221;vc_hidden-sm vc_hidden-xs&#8221;][vc_empty_space height=&#8221;50px&#8221;][\/vc_column][\/vc_row][vc_row][vc_column width=&#8221;1\/3&#8243; css=&#8221;.vc_custom_1464440316240{padding-right: 25px !important;padding-left: 0px !important;}&#8221;]<div class=\"key-icon-box icon-default icon-top  kd-animated fadeInUp \" style=\"background-color: transparent;\" ><i class=\"vc_li vc_li-user\" ><\/i> <h4 class=\"service-heading\" >Formation<\/h4><p >Nous d\u00e9veloppons des actions de formation ainsi que des \u00e9v\u00e9nements d'entreprise dans les domaines de comp\u00e9tence dans lesquels nous op\u00e9rons.<\/p><\/div>[\/vc_column][vc_column width=&#8221;1\/3&#8243; css=&#8221;.vc_custom_1464440309063{padding-right: 15px !important;padding-left: 15px !important;}&#8221;]<div class=\"key-icon-box icon-default icon-top  kd-animated fadeInUp \" style=\"background-color: transparent;\" data-animation-delay=200><i class=\"vc_li vc_li-data\" ><\/i> <h4 class=\"service-heading\" >Soutien aux concepteurs<\/h4><p >Nous r\u00e9alisons un service comp\u00e9tent pour aider les concepteurs et les architectes \u00e0 sp\u00e9cifier nos produits avec le savoir-faire de notre d\u00e9partement d'ing\u00e9nierie et de planification.<\/p><\/div>[\/vc_column][vc_column width=&#8221;1\/3&#8243; css=&#8221;.vc_custom_1464440322686{padding-right: 0px !important;padding-left: 25px !important;}&#8221;]<div class=\"key-icon-box icon-default icon-top  kd-animated fadeInUp \" style=\"background-color: transparent;\" data-animation-delay=400><i class=\"vc_li vc_li-note\" ><\/i> <h4 class=\"service-heading\" >Maintenance<\/h4><p >Nous avons une \u00e9quipe sp\u00e9cialis\u00e9e pour fournir des services de maintenance pr\u00e9ventive et corrective dans le domaine des syst\u00e8mes de s\u00e9curit\u00e9.<\/p><\/div>[\/vc_column][\/vc_row][vc_row][vc_column offset=&#8221;vc_hidden-sm vc_hidden-xs&#8221;][vc_empty_space height=&#8221;70px&#8221;][\/vc_column][\/vc_row][vc_row][vc_column width=&#8221;1\/3&#8243; css=&#8221;.vc_custom_1464440332510{padding-right: 25px !important;padding-left: 0px !important;}&#8221;]<div class=\"key-icon-box icon-default icon-top  kd-animated fadeInUp \" style=\"background-color: transparent;\" ><i class=\"vc_li vc_li-study\" ><\/i> <h4 class=\"service-heading\" >Support technique<\/h4><p >Afin de garantir la conformit\u00e9 et les exigences de la l\u00e9gislation en vigueur, nous fournissons un service de conseil technique, capable de pr\u00e9ciser les meilleurs moyens de d\u00e9veloppement et de r\u00e9alisation des travaux.<\/p><\/div>[\/vc_column][vc_column width=&#8221;1\/3&#8243;]<div class=\"key-icon-box icon-default icon-top  kd-animated fadeInUp \" style=\"background-color: transparent;\" data-animation-delay=200><i class=\"vc_li vc_li-display\" ><\/i> <h4 class=\"service-heading\" >Approvisionnement et exportation<\/h4><p >Par une approche pragmatique et innovante, bas\u00e9e sur l\u2019optimisation du mod\u00e8le d\u2019achat, nous fournissons des services d\u2019achat et d\u2019exportation de tous types d\u2019articles et de biens, d\u2019\u00e9quipements et de mat\u00e9riaux.<\/p><\/div>[\/vc_column][vc_column width=&#8221;1\/3&#8243; css=&#8221;.vc_custom_1464440344902{padding-right: 0px !important;padding-left: 25px !important;}&#8221;]<div class=\"key-icon-box icon-default icon-top  kd-animated fadeInUp \" style=\"background-color: transparent;\" data-animation-delay=200><i class=\"vc_li vc_li-display\" ><\/i> <h4 class=\"service-heading\" >Assistance \u00e0 distance<\/h4><p >Gr\u00e2ce \u00e0 des outils permettant d'acc\u00e9der aux syst\u00e8mes rapidement et \u00e0 distance, il est possible de r\u00e9soudre des probl\u00e8mes sans avoir \u00e0 passer du temps sur des trajets.<\/p><\/div>[\/vc_column][\/vc_row]<\/p>\n","protected":false},"excerpt":{"rendered":"<p>[vc_row][vc_column offset=&#8221;vc_hidden-sm vc_hidden-xs&#8221;][vc_empty_space height=&#8221;50px&#8221;][\/vc_column][\/vc_row][vc_row][vc_column width=&#8221;1\/3&#8243; css=&#8221;.vc_custom_1464440316240{padding-right: 25px !important;padding-left: 0px !important;}&#8221;][\/vc_column][vc_column width=&#8221;1\/3&#8243; css=&#8221;.vc_custom_1464440309063{padding-right: 15px !important;padding-left: 15px !important;}&#8221;][\/vc_column][vc_column width=&#8221;1\/3&#8243; css=&#8221;.vc_custom_1464440322686{padding-right: 0px !important;padding-left: 25px !important;}&#8221;][\/vc_column][\/vc_row][vc_row][vc_column offset=&#8221;vc_hidden-sm [&hellip;]<\/p>\n","protected":false},"author":2,"featured_media":0,"parent":6441,"menu_order":9,"comment_status":"closed","ping_status":"closed","template":"","meta":{"advgb_blocks_editor_width":"","advgb_blocks_columns_visual_guide":"","footnotes":""},"class_list":["post-6585","page","type-page","status-publish","hentry"],"coauthors":[],"author_meta":{"author_link":"https:\/\/sp.inovamatic.com\/fr\/author\/admin\/","display_name":"admin"},"relative_dates":{"created":"Publi\u00e9 8 ans il y a","modified":"Mis \u00e0 jour 6 ans il y a"},"absolute_dates":{"created":"Publi\u00e9 le octobre 16, 2018","modified":"Mise \u00e0 jour le d\u00e9cembre 10, 2019"},"absolute_dates_time":{"created":"Publi\u00e9 le octobre 16, 2018 5:24 pm","modified":"Mise \u00e0 jour le d\u00e9cembre 10, 2019 3:13 pm"},"featured_img_caption":"","featured_img":false,"series_order":"","_links":{"self":[{"href":"https:\/\/sp.inovamatic.com\/fr\/wp-json\/wp\/v2\/pages\/6585","targetHints":{"allow":["GET"]}}],"collection":[{"href":"https:\/\/sp.inovamatic.com\/fr\/wp-json\/wp\/v2\/pages"}],"about":[{"href":"https:\/\/sp.inovamatic.com\/fr\/wp-json\/wp\/v2\/types\/page"}],"author":[{"embeddable":true,"href":"https:\/\/sp.inovamatic.com\/fr\/wp-json\/wp\/v2\/users\/2"}],"replies":[{"embeddable":true,"href":"https:\/\/sp.inovamatic.com\/fr\/wp-json\/wp\/v2\/comments?post=6585"}],"version-history":[{"count":4,"href":"https:\/\/sp.inovamatic.com\/fr\/wp-json\/wp\/v2\/pages\/6585\/revisions"}],"predecessor-version":[{"id":8088,"href":"https:\/\/sp.inovamatic.com\/fr\/wp-json\/wp\/v2\/pages\/6585\/revisions\/8088"}],"up":[{"embeddable":true,"href":"https:\/\/sp.inovamatic.com\/fr\/wp-json\/wp\/v2\/pages\/6441"}],"wp:attachment":[{"href":"https:\/\/sp.inovamatic.com\/fr\/wp-json\/wp\/v2\/media?parent=6585"}],"curies":[{"name":"wp","href":"https:\/\/api.w.org\/{rel}","templated":true}]}}