{"id":6575,"date":"2018-10-16T15:32:33","date_gmt":"2018-10-16T14:32:33","guid":{"rendered":"https:\/\/sensorpoint.pt\/maison\/stats\/"},"modified":"2022-07-12T14:32:49","modified_gmt":"2022-07-12T13:32:49","slug":"stats","status":"publish","type":"page","link":"https:\/\/sp.inovamatic.com\/fr\/maison\/stats\/","title":{"rendered":"Sensorpoint"},"content":{"rendered":"<p>[vc_row][vc_column][vc_row_inner el_class=&#8221;container&#8221;][vc_column_inner css=&#8221;.vc_custom_1475852593155{padding-right: 30px !important;}&#8221;][vc_custom_heading text=&#8221;QUI SOMMES-NOUS?&#8221; font_container=&#8221;tag:h4|text_align:left|color:%23ffffff&#8221; use_theme_fonts=&#8221;yes&#8221; el_class=&#8221;service-heading&#8221; css=&#8221;.vc_custom_1574417380071{padding-top: 10px !important;}&#8221;][vc_custom_heading text=&#8221;Sensorpoint est une soci\u00e9t\u00e9 qui se distingue du reste de l&#8217;industrie en d\u00e9veloppant son activit\u00e9 tout au long du cycle de vie d&#8217;une installation.<br \/>\nSensorpoint a dans son ADN la capacit\u00e9 de concevoir et de mettre en \u0153uvre des syst\u00e8mes bas\u00e9s sur l&#8217;analyse de risque et la continuit\u00e9 d&#8217;activit\u00e9 des op\u00e9rations de ses clients, offrant des solutions personnalis\u00e9es et rentables. La performance des solutions est surveill\u00e9e en permanence, garantissant le respect de leurs performances.<br \/>\nAinsi, Sensorpoint propose un ensemble de solutions et de services con\u00e7us pour r\u00e9pondre aux besoins de protection de votre entreprise et vous accompagner dans sa croissance et son \u00e9volution.<br \/>\nNotre offre comprend une large gamme de solutions et de services con\u00e7us pour vous offrir la meilleure solution de s\u00e9curit\u00e9 pour votre entreprise.&#8221; font_container=&#8221;tag:p|font_size:14px|text_align:justify|color:rgba(255%2C255%2C255%2C0.9)|line_height:25px&#8221; use_theme_fonts=&#8221;yes&#8221; css=&#8221;.vc_custom_1574417363918{padding-top: 10px !important;}&#8221;][\/vc_column_inner][\/vc_row_inner][\/vc_column][\/vc_row]<\/p>\n","protected":false},"excerpt":{"rendered":"<p>[vc_row][vc_column][vc_row_inner el_class=&#8221;container&#8221;][vc_column_inner css=&#8221;.vc_custom_1475852593155{padding-right: 30px !important;}&#8221;][vc_custom_heading text=&#8221;QUI SOMMES-NOUS?&#8221; font_container=&#8221;tag:h4|text_align:left|color:%23ffffff&#8221; use_theme_fonts=&#8221;yes&#8221; el_class=&#8221;service-heading&#8221; css=&#8221;.vc_custom_1574417380071{padding-top: 10px !important;}&#8221;][vc_custom_heading text=&#8221;Sensorpoint est une soci\u00e9t\u00e9 qui se distingue du reste de [&hellip;]<\/p>\n","protected":false},"author":2,"featured_media":5736,"parent":6441,"menu_order":6,"comment_status":"closed","ping_status":"closed","template":"","meta":{"advgb_blocks_editor_width":"","advgb_blocks_columns_visual_guide":"","footnotes":""},"class_list":["post-6575","page","type-page","status-publish","has-post-thumbnail","hentry"],"coauthors":[],"author_meta":{"author_link":"https:\/\/sp.inovamatic.com\/fr\/author\/admin\/","display_name":"admin"},"relative_dates":{"created":"Publi\u00e9 8 ans il y a","modified":"Mis \u00e0 jour 4 ans il y a"},"absolute_dates":{"created":"Publi\u00e9 le octobre 16, 2018","modified":"Mise \u00e0 jour le juillet 12, 2022"},"absolute_dates_time":{"created":"Publi\u00e9 le octobre 16, 2018 3:32 pm","modified":"Mise \u00e0 jour le juillet 12, 2022 2:32 pm"},"featured_img_caption":"Businesspeople discussing in office","featured_img":"https:\/\/sp.inovamatic.com\/wp-content\/uploads\/2018\/05\/quem-somos.jpg","series_order":"","_links":{"self":[{"href":"https:\/\/sp.inovamatic.com\/fr\/wp-json\/wp\/v2\/pages\/6575","targetHints":{"allow":["GET"]}}],"collection":[{"href":"https:\/\/sp.inovamatic.com\/fr\/wp-json\/wp\/v2\/pages"}],"about":[{"href":"https:\/\/sp.inovamatic.com\/fr\/wp-json\/wp\/v2\/types\/page"}],"author":[{"embeddable":true,"href":"https:\/\/sp.inovamatic.com\/fr\/wp-json\/wp\/v2\/users\/2"}],"replies":[{"embeddable":true,"href":"https:\/\/sp.inovamatic.com\/fr\/wp-json\/wp\/v2\/comments?post=6575"}],"version-history":[{"count":5,"href":"https:\/\/sp.inovamatic.com\/fr\/wp-json\/wp\/v2\/pages\/6575\/revisions"}],"predecessor-version":[{"id":16789,"href":"https:\/\/sp.inovamatic.com\/fr\/wp-json\/wp\/v2\/pages\/6575\/revisions\/16789"}],"up":[{"embeddable":true,"href":"https:\/\/sp.inovamatic.com\/fr\/wp-json\/wp\/v2\/pages\/6441"}],"wp:featuredmedia":[{"embeddable":true,"href":"https:\/\/sp.inovamatic.com\/fr\/wp-json\/wp\/v2\/media\/5736"}],"wp:attachment":[{"href":"https:\/\/sp.inovamatic.com\/fr\/wp-json\/wp\/v2\/media?parent=6575"}],"curies":[{"name":"wp","href":"https:\/\/api.w.org\/{rel}","templated":true}]}}