{"id":16423,"date":"2022-08-24T11:56:07","date_gmt":"2022-08-24T10:56:07","guid":{"rendered":"https:\/\/sensorpoint.pt\/?page_id=16423"},"modified":"2022-10-12T12:44:40","modified_gmt":"2022-10-12T11:44:40","slug":"technologies-de-linformation","status":"publish","type":"page","link":"https:\/\/sp.inovamatic.com\/fr\/technologies-de-linformation\/","title":{"rendered":"Technologies de L&#8217;Information"},"content":{"rendered":"<p>[vc_row parallax=&#8221;content-moving-fade&#8221; parallax_image=&#8221;3416&#8243; css=&#8221;.vc_custom_1527260392257{padding-top: 160px !important;padding-bottom: 220px !important;background-image: url(https:\/\/sensorpoint.pt\/wp-content\/uploads\/2022\/06\/tecnologias-de-informacao-1.jpg?id=3927) !important;}&#8221;][vc_column][vc_custom_heading text=&#8221;Technologies de L&#8217;Information&#8221; font_container=&#8221;tag:h1|font_size:44px|text_align:center|color:%23ffffff&#8221; use_theme_fonts=&#8221;yes&#8221; el_class=&#8221;section-heading&#8221;][\/vc_column][\/vc_row][vc_row css=&#8221;.vc_custom_1475934235598{padding-top: 80px !important;padding-bottom: 100px !important;background-color: #ffffff !important;}&#8221;][vc_column][vc_row_inner el_class=&#8221;container&#8221; css=&#8221;.vc_custom_1475933788716{margin-bottom: 60px !important;}&#8221;][vc_column_inner][vc_custom_heading text=&#8221;L&#8217;activit\u00e9 informatique qui va de la production, la communication, le stockage et la s\u00e9curit\u00e9 de l&#8217;information est transversale \u00e0 tous les domaines de l&#8217;activit\u00e9 humaine.<br \/>\nDes infrastructures d&#8217;information fiables et s\u00e9curis\u00e9es sont actuellement le plus grand d\u00e9fi pour les entreprises modernes et la s\u00e9curit\u00e9 de leurs informations dans le cyberespace est aussi importante, voire plus importante que leur propre s\u00e9curit\u00e9 physique.&#8221; font_container=&#8221;tag:h4|text_align:justify|color:%23999999|line_height:28px&#8221; use_theme_fonts=&#8221;yes&#8221;][\/vc_column_inner][\/vc_row_inner][vc_row_inner equal_height=&#8221;yes&#8221; content_placement=&#8221;middle&#8221; gap=&#8221;35&#8243; el_class=&#8221;container&#8221; css=&#8221;.vc_custom_1533212107588{margin-bottom: 60px !important;}&#8221;][vc_column_inner width=&#8221;1\/2&#8243;][vc_single_image image=&#8221;16425&#8243; img_size=&#8221;full&#8221; alignment=&#8221;center&#8221;][\/vc_column_inner][vc_column_inner width=&#8221;1\/2&#8243;][vc_custom_heading text=&#8221;&#8221; font_container=&#8221;tag:h2|font_size:45px|text_align:left|color:%234367a1|line_height:45px&#8221; google_fonts=&#8221;font_family:Lato%3A100%2C100italic%2C300%2C300italic%2Cregular%2Citalic%2C700%2C700italic%2C900%2C900italic|font_style:300%20light%20regular%3A300%3Anormal&#8221; css=&#8221;.vc_custom_1533212241840{margin-bottom: 0px !important;}&#8221;][vc_custom_heading text=&#8221;DELL&#8221; font_container=&#8221;tag:h2|font_size:45px|text_align:left|color:%234367a1|line_height:45px&#8221; google_fonts=&#8221;font_family:Lato%3A100%2C100italic%2C300%2C300italic%2Cregular%2Citalic%2C700%2C700italic%2C900%2C900italic|font_style:700%20bold%20regular%3A700%3Anormal&#8221; css=&#8221;.vc_custom_1656405407558{margin-top: 0px !important;}&#8221;][vc_raw_html]PGRpdiBjbGFzcz0ibGluZS0zLTEwMC1henVsIj48L2Rpdj4=[\/vc_raw_html][vc_column_text]<\/p>\n<div align=\"justify\">\n<p>Dell est la plus grande soci\u00e9t\u00e9 de distribution d&#8217;ordinateurs aux \u00c9tats-Unis. La soci\u00e9t\u00e9 d\u00e9veloppe et fabrique une large gamme de produits informatiques, allant des ordinateurs personnels aux serveurs, en passant par le stockage, les p\u00e9riph\u00e9riques et les accessoires.<\/p>\n<p><a href=\"https:\/\/www.dell.com\/pt-pt\/dt\/index.htm\" target=\"_blank\" rel=\"noopener noreferrer\">Site Web du fabricant<\/a><\/div>\n<p>[\/vc_column_text][\/vc_column_inner][\/vc_row_inner][vc_row_inner equal_height=&#8221;yes&#8221; content_placement=&#8221;middle&#8221; gap=&#8221;35&#8243; el_class=&#8221;container&#8221; css=&#8221;.vc_custom_1533212107588{margin-bottom: 60px !important;}&#8221;][vc_column_inner width=&#8221;1\/2&#8243;][vc_single_image image=&#8221;16430&#8243; img_size=&#8221;full&#8221; alignment=&#8221;center&#8221;][\/vc_column_inner][vc_column_inner width=&#8221;1\/2&#8243;][vc_custom_heading text=&#8221;&#8221; font_container=&#8221;tag:h2|font_size:45px|text_align:left|color:%234367a1|line_height:45px&#8221; google_fonts=&#8221;font_family:Lato%3A100%2C100italic%2C300%2C300italic%2Cregular%2Citalic%2C700%2C700italic%2C900%2C900italic|font_style:300%20light%20regular%3A300%3Anormal&#8221; css=&#8221;.vc_custom_1533212241840{margin-bottom: 0px !important;}&#8221;][vc_custom_heading text=&#8221;CISCO&#8221; font_container=&#8221;tag:h2|font_size:45px|text_align:left|color:%234367a1|line_height:45px&#8221; google_fonts=&#8221;font_family:Lato%3A100%2C100italic%2C300%2C300italic%2Cregular%2Citalic%2C700%2C700italic%2C900%2C900italic|font_style:700%20bold%20regular%3A700%3Anormal&#8221; css=&#8221;.vc_custom_1656405600730{margin-top: 0px !important;}&#8221;][vc_raw_html]PGRpdiBjbGFzcz0ibGluZS0zLTEwMC1henVsIj48L2Rpdj4=[\/vc_raw_html][vc_column_text]<\/p>\n<div align=\"justify\">\n<p>Lorsque le protocole Internet est devenu le mod\u00e8le de communication standard, Cisco a pris les devants et est devenu le premier fabricant mondial de routeurs et de commutateurs. La soci\u00e9t\u00e9 d\u00e9veloppe et fabrique actuellement, en plus des routeurs et des commutateurs, une gamme plus compl\u00e8te de produits bas\u00e9s sur ce m\u00eame protocole, \u00e0 savoir des t\u00e9l\u00e9phones IP et des points d&#8217;acc\u00e8s WiFi.<\/p>\n<p><a href=\"https:\/\/www.cisco.com\/c\/pt_pt\/index.html\" target=\"_blank\" rel=\"noopener noreferrer\">Site Web du fabricant<\/a><\/div>\n<p>[\/vc_column_text][\/vc_column_inner][\/vc_row_inner][vc_row_inner equal_height=&#8221;yes&#8221; content_placement=&#8221;middle&#8221; gap=&#8221;35&#8243; el_class=&#8221;container&#8221; css=&#8221;.vc_custom_1533212107588{margin-bottom: 60px !important;}&#8221;][vc_column_inner width=&#8221;1\/2&#8243;][vc_single_image image=&#8221;17857&#8243; img_size=&#8221;full&#8221; alignment=&#8221;center&#8221;][\/vc_column_inner][vc_column_inner width=&#8221;1\/2&#8243;][vc_custom_heading text=&#8221;&#8221; font_container=&#8221;tag:h2|font_size:45px|text_align:left|color:%234367a1|line_height:45px&#8221; google_fonts=&#8221;font_family:Lato%3A100%2C100italic%2C300%2C300italic%2Cregular%2Citalic%2C700%2C700italic%2C900%2C900italic|font_style:300%20light%20regular%3A300%3Anormal&#8221; css=&#8221;.vc_custom_1533212241840{margin-bottom: 0px !important;}&#8221;][vc_custom_heading text=&#8221;IBM&#8221; font_container=&#8221;tag:h2|font_size:45px|text_align:left|color:%234367a1|line_height:45px&#8221; google_fonts=&#8221;font_family:Lato%3A100%2C100italic%2C300%2C300italic%2Cregular%2Citalic%2C700%2C700italic%2C900%2C900italic|font_style:700%20bold%20regular%3A700%3Anormal&#8221; css=&#8221;.vc_custom_1665575078119{margin-top: 0px !important;}&#8221;][vc_raw_html]PGRpdiBjbGFzcz0ibGluZS0zLTEwMC1henVsIj48L2Rpdj4=[\/vc_raw_html][vc_column_text]<\/p>\n<div align=\"justify\">\n<p>Avec plus de 100 ans d&#8217;histoire, IBM est la plus grande entreprise mondiale dans le domaine des technologies de l&#8217;information.<br \/>\nLa soci\u00e9t\u00e9 produit du mat\u00e9riel, des logiciels et fournit des services d&#8217;infrastructure, de s\u00e9curit\u00e9 et de stockage de donn\u00e9es.<\/p>\n<p><a href=\"https:\/\/www.ibm.com\/pt-en\" target=\"_blank\" rel=\"noopener noreferrer\">Site Web du fabricant<\/a><\/div>\n<p>[\/vc_column_text][\/vc_column_inner][\/vc_row_inner][\/vc_column][\/vc_row]<\/p>\n","protected":false},"excerpt":{"rendered":"<p>[vc_row parallax=&#8221;content-moving-fade&#8221; parallax_image=&#8221;3416&#8243; css=&#8221;.vc_custom_1527260392257{padding-top: 160px !important;padding-bottom: 220px !important;background-image: url(https:\/\/sensorpoint.pt\/wp-content\/uploads\/2022\/06\/tecnologias-de-informacao-1.jpg?id=3927) !important;}&#8221;][vc_column][vc_custom_heading text=&#8221;Technologies de L&#8217;Information&#8221; font_container=&#8221;tag:h1|font_size:44px|text_align:center|color:%23ffffff&#8221; use_theme_fonts=&#8221;yes&#8221; el_class=&#8221;section-heading&#8221;][\/vc_column][\/vc_row][vc_row css=&#8221;.vc_custom_1475934235598{padding-top: 80px !important;padding-bottom: 100px !important;background-color: #ffffff !important;}&#8221;][vc_column][vc_row_inner [&hellip;]<\/p>\n","protected":false},"author":3,"featured_media":0,"parent":0,"menu_order":0,"comment_status":"closed","ping_status":"closed","template":"","meta":{"advgb_blocks_editor_width":"","advgb_blocks_columns_visual_guide":"","footnotes":""},"class_list":["post-16423","page","type-page","status-publish","hentry"],"coauthors":[],"author_meta":{"author_link":"https:\/\/sp.inovamatic.com\/fr\/author\/filipa\/","display_name":"admin"},"relative_dates":{"created":"Publi\u00e9 4 ans il y a","modified":"Mis \u00e0 jour 4 ans il y a"},"absolute_dates":{"created":"Publi\u00e9 le ao\u00fbt 24, 2022","modified":"Mise \u00e0 jour le octobre 12, 2022"},"absolute_dates_time":{"created":"Publi\u00e9 le ao\u00fbt 24, 2022 11:56 am","modified":"Mise \u00e0 jour le octobre 12, 2022 12:44 pm"},"featured_img_caption":"","featured_img":false,"series_order":"","_links":{"self":[{"href":"https:\/\/sp.inovamatic.com\/fr\/wp-json\/wp\/v2\/pages\/16423","targetHints":{"allow":["GET"]}}],"collection":[{"href":"https:\/\/sp.inovamatic.com\/fr\/wp-json\/wp\/v2\/pages"}],"about":[{"href":"https:\/\/sp.inovamatic.com\/fr\/wp-json\/wp\/v2\/types\/page"}],"author":[{"embeddable":true,"href":"https:\/\/sp.inovamatic.com\/fr\/wp-json\/wp\/v2\/users\/3"}],"replies":[{"embeddable":true,"href":"https:\/\/sp.inovamatic.com\/fr\/wp-json\/wp\/v2\/comments?post=16423"}],"version-history":[{"count":5,"href":"https:\/\/sp.inovamatic.com\/fr\/wp-json\/wp\/v2\/pages\/16423\/revisions"}],"predecessor-version":[{"id":17871,"href":"https:\/\/sp.inovamatic.com\/fr\/wp-json\/wp\/v2\/pages\/16423\/revisions\/17871"}],"wp:attachment":[{"href":"https:\/\/sp.inovamatic.com\/fr\/wp-json\/wp\/v2\/media?parent=16423"}],"curies":[{"name":"wp","href":"https:\/\/api.w.org\/{rel}","templated":true}]}}