{"id":16402,"date":"2022-08-24T11:39:40","date_gmt":"2022-08-24T10:39:40","guid":{"rendered":"https:\/\/sensorpoint.pt\/?page_id=16402"},"modified":"2022-08-24T11:39:40","modified_gmt":"2022-08-24T10:39:40","slug":"systemes-de-detection-de-liquide","status":"publish","type":"page","link":"https:\/\/sp.inovamatic.com\/fr\/systemes-de-detection-de-liquide\/","title":{"rendered":"Syst\u00e8mes de D\u00e9tection de Liquide"},"content":{"rendered":"<p>[vc_row parallax=&#8221;content-moving-fade&#8221; parallax_image=&#8221;3416&#8243; css=&#8221;.vc_custom_1527260392257{padding-top: 160px !important;padding-bottom: 220px !important;background-image: url(https:\/\/sensorpoint.pt\/wp-content\/uploads\/2022\/06\/detecao-liquidos-scaled.jpg?id=3927) !important;}&#8221;][vc_column][vc_custom_heading text=&#8221;Syst\u00e8mes de D\u00e9tection de Liquide&#8221; font_container=&#8221;tag:h1|font_size:44px|text_align:center|color:%23ffffff&#8221; use_theme_fonts=&#8221;yes&#8221; el_class=&#8221;section-heading&#8221;][\/vc_column][\/vc_row][vc_row css=&#8221;.vc_custom_1475934235598{padding-top: 80px !important;padding-bottom: 100px !important;background-color: #ffffff !important;}&#8221;][vc_column][vc_row_inner el_class=&#8221;container&#8221; css=&#8221;.vc_custom_1475933788716{margin-bottom: 60px !important;}&#8221;][vc_column_inner][vc_custom_heading text=&#8221;Les syst\u00e8mes de d\u00e9tection de fuites de liquide surveillent les fuites d&#8217;eau potentielles dans les installations sensibles, telles que les centres de donn\u00e9es, ou les fuites potentielles de liquides dangereux, combustibles ou acides sous les conduits ou les installations industrielles.&#8221; font_container=&#8221;tag:h4|text_align:justify|color:%23999999|line_height:28px&#8221; use_theme_fonts=&#8221;yes&#8221;][\/vc_column_inner][\/vc_row_inner][vc_row_inner equal_height=&#8221;yes&#8221; content_placement=&#8221;middle&#8221; gap=&#8221;35&#8243; el_class=&#8221;container&#8221; css=&#8221;.vc_custom_1533212107588{margin-bottom: 60px !important;}&#8221;][vc_column_inner width=&#8221;1\/2&#8243;][vc_single_image image=&#8221;16403&#8243; img_size=&#8221;full&#8221; alignment=&#8221;center&#8221;][\/vc_column_inner][vc_column_inner width=&#8221;1\/2&#8243;][vc_custom_heading text=&#8221;&#8221; font_container=&#8221;tag:h2|font_size:45px|text_align:left|color:%234367a1|line_height:45px&#8221; google_fonts=&#8221;font_family:Lato%3A100%2C100italic%2C300%2C300italic%2Cregular%2Citalic%2C700%2C700italic%2C900%2C900italic|font_style:300%20light%20regular%3A300%3Anormal&#8221; css=&#8221;.vc_custom_1533212241840{margin-bottom: 0px !important;}&#8221;][vc_custom_heading text=&#8221;TTK&#8221; font_container=&#8221;tag:h2|font_size:45px|text_align:left|color:%234367a1|line_height:45px&#8221; google_fonts=&#8221;font_family:Lato%3A100%2C100italic%2C300%2C300italic%2Cregular%2Citalic%2C700%2C700italic%2C900%2C900italic|font_style:700%20bold%20regular%3A700%3Anormal&#8221; css=&#8221;.vc_custom_1656342097937{margin-top: 0px !important;}&#8221;][vc_raw_html]PGRpdiBjbGFzcz0ibGluZS0zLTEwMC1henVsIj48L2Rpdj4=[\/vc_raw_html][vc_column_text]<\/p>\n<div align=\"justify\">\n<p>TTK est l&#8217;un des principaux fabricants mondiaux de syst\u00e8mes de d\u00e9tection de fuites de liquide pour les applications commerciales et industrielles.<br \/>\nSes applications se concentrent essentiellement sur 2 domaines : la d\u00e9tection d&#8217;eau, notamment destin\u00e9e aux datacenters, et la d\u00e9tection de fuites d&#8217;huile (fuite de carburant) et\/ou d&#8217;acides, notamment destin\u00e9e aux milieux industriels.<\/p>\n<p><a href=\"https:\/\/www.ttkuk.com\/\" target=\"_blank\" rel=\"noopener noreferrer\">Site Web du fabricant<\/a><\/p>\n<\/div>\n<p>[\/vc_column_text][\/vc_column_inner][\/vc_row_inner][\/vc_column][\/vc_row]<\/p>\n","protected":false},"excerpt":{"rendered":"<p>[vc_row parallax=&#8221;content-moving-fade&#8221; parallax_image=&#8221;3416&#8243; css=&#8221;.vc_custom_1527260392257{padding-top: 160px !important;padding-bottom: 220px !important;background-image: url(https:\/\/sensorpoint.pt\/wp-content\/uploads\/2022\/06\/detecao-liquidos-scaled.jpg?id=3927) !important;}&#8221;][vc_column][vc_custom_heading text=&#8221;Syst\u00e8mes de D\u00e9tection de Liquide&#8221; font_container=&#8221;tag:h1|font_size:44px|text_align:center|color:%23ffffff&#8221; use_theme_fonts=&#8221;yes&#8221; el_class=&#8221;section-heading&#8221;][\/vc_column][\/vc_row][vc_row css=&#8221;.vc_custom_1475934235598{padding-top: 80px !important;padding-bottom: 100px !important;background-color: [&hellip;]<\/p>\n","protected":false},"author":3,"featured_media":0,"parent":0,"menu_order":0,"comment_status":"closed","ping_status":"closed","template":"","meta":{"advgb_blocks_editor_width":"","advgb_blocks_columns_visual_guide":"","footnotes":""},"class_list":["post-16402","page","type-page","status-publish","hentry"],"coauthors":[],"author_meta":{"author_link":"https:\/\/sp.inovamatic.com\/fr\/author\/filipa\/","display_name":"admin"},"relative_dates":{"created":"Publi\u00e9 4 ans il y a","modified":"Mis \u00e0 jour 4 ans il y a"},"absolute_dates":{"created":"Publi\u00e9 le ao\u00fbt 24, 2022","modified":"Mise \u00e0 jour le ao\u00fbt 24, 2022"},"absolute_dates_time":{"created":"Publi\u00e9 le ao\u00fbt 24, 2022 11:39 am","modified":"Mise \u00e0 jour le ao\u00fbt 24, 2022 11:39 am"},"featured_img_caption":"","featured_img":false,"series_order":"","_links":{"self":[{"href":"https:\/\/sp.inovamatic.com\/fr\/wp-json\/wp\/v2\/pages\/16402","targetHints":{"allow":["GET"]}}],"collection":[{"href":"https:\/\/sp.inovamatic.com\/fr\/wp-json\/wp\/v2\/pages"}],"about":[{"href":"https:\/\/sp.inovamatic.com\/fr\/wp-json\/wp\/v2\/types\/page"}],"author":[{"embeddable":true,"href":"https:\/\/sp.inovamatic.com\/fr\/wp-json\/wp\/v2\/users\/3"}],"replies":[{"embeddable":true,"href":"https:\/\/sp.inovamatic.com\/fr\/wp-json\/wp\/v2\/comments?post=16402"}],"version-history":[{"count":3,"href":"https:\/\/sp.inovamatic.com\/fr\/wp-json\/wp\/v2\/pages\/16402\/revisions"}],"predecessor-version":[{"id":17787,"href":"https:\/\/sp.inovamatic.com\/fr\/wp-json\/wp\/v2\/pages\/16402\/revisions\/17787"}],"wp:attachment":[{"href":"https:\/\/sp.inovamatic.com\/fr\/wp-json\/wp\/v2\/media?parent=16402"}],"curies":[{"name":"wp","href":"https:\/\/api.w.org\/{rel}","templated":true}]}}