{"id":16422,"date":"2022-08-24T12:23:56","date_gmt":"2022-08-24T11:23:56","guid":{"rendered":"https:\/\/sensorpoint.pt\/?page_id=16422"},"modified":"2022-10-12T12:45:45","modified_gmt":"2022-10-12T11:45:45","slug":"tecnologias-de-la-informacion","status":"publish","type":"page","link":"https:\/\/sp.inovamatic.com\/es\/tecnologias-de-la-informacion\/","title":{"rendered":"Tecnolog\u00edas de la Informaci\u00f3n"},"content":{"rendered":"<p>[vc_row parallax=&#8221;content-moving-fade&#8221; parallax_image=&#8221;3416&#8243; css=&#8221;.vc_custom_1527260392257{padding-top: 160px !important;padding-bottom: 220px !important;background-image: url(https:\/\/sensorpoint.pt\/wp-content\/uploads\/2022\/06\/tecnologias-de-informacao-1.jpg?id=3927) !important;}&#8221;][vc_column][vc_custom_heading text=&#8221;Tecnolog\u00edas de la Informaci\u00f3n&#8221; font_container=&#8221;tag:h1|font_size:44px|text_align:center|color:%23ffffff&#8221; use_theme_fonts=&#8221;yes&#8221; el_class=&#8221;section-heading&#8221;][\/vc_column][\/vc_row][vc_row css=&#8221;.vc_custom_1475934235598{padding-top: 80px !important;padding-bottom: 100px !important;background-color: #ffffff !important;}&#8221;][vc_column][vc_row_inner el_class=&#8221;container&#8221; css=&#8221;.vc_custom_1475933788716{margin-bottom: 60px !important;}&#8221;][vc_column_inner][vc_custom_heading text=&#8221;La actividad inform\u00e1tica que abarca desde la producci\u00f3n, comunicaci\u00f3n, almacenamiento y seguridad de la informaci\u00f3n es transversal a todos los \u00e1mbitos de la actividad humana.<br \/>\nLas infraestructuras de informaci\u00f3n confiables y seguras son actualmente el mayor desaf\u00edo para las empresas modernas y la seguridad de su informaci\u00f3n en el ciberespacio es tan o m\u00e1s importante que su propia seguridad f\u00edsica.&#8221; font_container=&#8221;tag:h4|text_align:justify|color:%23999999|line_height:28px&#8221; use_theme_fonts=&#8221;yes&#8221;][\/vc_column_inner][\/vc_row_inner][vc_row_inner equal_height=&#8221;yes&#8221; content_placement=&#8221;middle&#8221; gap=&#8221;35&#8243; el_class=&#8221;container&#8221; css=&#8221;.vc_custom_1533212107588{margin-bottom: 60px !important;}&#8221;][vc_column_inner width=&#8221;1\/2&#8243;][vc_single_image image=&#8221;16425&#8243; img_size=&#8221;full&#8221; alignment=&#8221;center&#8221;][\/vc_column_inner][vc_column_inner width=&#8221;1\/2&#8243;][vc_custom_heading text=&#8221;&#8221; font_container=&#8221;tag:h2|font_size:45px|text_align:left|color:%234367a1|line_height:45px&#8221; google_fonts=&#8221;font_family:Lato%3A100%2C100italic%2C300%2C300italic%2Cregular%2Citalic%2C700%2C700italic%2C900%2C900italic|font_style:300%20light%20regular%3A300%3Anormal&#8221; css=&#8221;.vc_custom_1533212241840{margin-bottom: 0px !important;}&#8221;][vc_custom_heading text=&#8221;DELL&#8221; font_container=&#8221;tag:h2|font_size:45px|text_align:left|color:%234367a1|line_height:45px&#8221; google_fonts=&#8221;font_family:Lato%3A100%2C100italic%2C300%2C300italic%2Cregular%2Citalic%2C700%2C700italic%2C900%2C900italic|font_style:700%20bold%20regular%3A700%3Anormal&#8221; css=&#8221;.vc_custom_1656405407558{margin-top: 0px !important;}&#8221;][vc_raw_html]PGRpdiBjbGFzcz0ibGluZS0zLTEwMC1henVsIj48L2Rpdj4=[\/vc_raw_html][vc_column_text]<\/p>\n<div align=\"justify\">\n<p>Dell es la empresa de distribuci\u00f3n de computadoras m\u00e1s grande de los Estados Unidos. La empresa desarrolla y fabrica una amplia gama de productos inform\u00e1ticos, desde ordenadores personales hasta servidores, almacenamiento, perif\u00e9ricos y accesorios.<\/p>\n<p><a href=\"https:\/\/www.dell.com\/pt-pt\/dt\/index.htm\" target=\"_blank\" rel=\"noopener noreferrer\">P\u00e1gina del fabricante<\/a><\/p>\n<\/div>\n<p>[\/vc_column_text][\/vc_column_inner][\/vc_row_inner][vc_row_inner equal_height=&#8221;yes&#8221; content_placement=&#8221;middle&#8221; gap=&#8221;35&#8243; el_class=&#8221;container&#8221; css=&#8221;.vc_custom_1533212107588{margin-bottom: 60px !important;}&#8221;][vc_column_inner width=&#8221;1\/2&#8243;][vc_single_image image=&#8221;16430&#8243; img_size=&#8221;full&#8221; alignment=&#8221;center&#8221;][\/vc_column_inner][vc_column_inner width=&#8221;1\/2&#8243;][vc_custom_heading text=&#8221;&#8221; font_container=&#8221;tag:h2|font_size:45px|text_align:left|color:%234367a1|line_height:45px&#8221; google_fonts=&#8221;font_family:Lato%3A100%2C100italic%2C300%2C300italic%2Cregular%2Citalic%2C700%2C700italic%2C900%2C900italic|font_style:300%20light%20regular%3A300%3Anormal&#8221; css=&#8221;.vc_custom_1533212241840{margin-bottom: 0px !important;}&#8221;][vc_custom_heading text=&#8221;CISCO&#8221; font_container=&#8221;tag:h2|font_size:45px|text_align:left|color:%234367a1|line_height:45px&#8221; google_fonts=&#8221;font_family:Lato%3A100%2C100italic%2C300%2C300italic%2Cregular%2Citalic%2C700%2C700italic%2C900%2C900italic|font_style:700%20bold%20regular%3A700%3Anormal&#8221; css=&#8221;.vc_custom_1656405600730{margin-top: 0px !important;}&#8221;][vc_raw_html]PGRpdiBjbGFzcz0ibGluZS0zLTEwMC1henVsIj48L2Rpdj4=[\/vc_raw_html][vc_column_text]<\/p>\n<div align=\"justify\">\n<p>Cuando el protocolo de Internet se convirti\u00f3 en el modelo de comunicaci\u00f3n est\u00e1ndar, Cisco tom\u00f3 la delantera y se convirti\u00f3 en el principal fabricante mundial de enrutadores y conmutadores. Actualmente, la compa\u00f1\u00eda desarrolla y fabrica, adem\u00e1s de enrutadores y conmutadores, una gama m\u00e1s completa de productos basados \u200b\u200ben este mismo protocolo, como tel\u00e9fonos IP y puntos de acceso WiFi.<\/p>\n<p><a href=\"https:\/\/www.cisco.com\/c\/pt_pt\/index.html\" target=\"_blank\" rel=\"noopener noreferrer\">P\u00e1gina del fabricante<\/a><\/p>\n<\/div>\n<p>[\/vc_column_text][\/vc_column_inner][\/vc_row_inner][vc_row_inner equal_height=&#8221;yes&#8221; content_placement=&#8221;middle&#8221; gap=&#8221;35&#8243; el_class=&#8221;container&#8221; css=&#8221;.vc_custom_1533212107588{margin-bottom: 60px !important;}&#8221;][vc_column_inner width=&#8221;1\/2&#8243;][vc_single_image image=&#8221;17858&#8243; img_size=&#8221;full&#8221; alignment=&#8221;center&#8221;][\/vc_column_inner][vc_column_inner width=&#8221;1\/2&#8243;][vc_custom_heading text=&#8221;&#8221; font_container=&#8221;tag:h2|font_size:45px|text_align:left|color:%234367a1|line_height:45px&#8221; google_fonts=&#8221;font_family:Lato%3A100%2C100italic%2C300%2C300italic%2Cregular%2Citalic%2C700%2C700italic%2C900%2C900italic|font_style:300%20light%20regular%3A300%3Anormal&#8221; css=&#8221;.vc_custom_1533212241840{margin-bottom: 0px !important;}&#8221;][vc_custom_heading text=&#8221;IBM&#8221; font_container=&#8221;tag:h2|font_size:45px|text_align:left|color:%234367a1|line_height:45px&#8221; google_fonts=&#8221;font_family:Lato%3A100%2C100italic%2C300%2C300italic%2Cregular%2Citalic%2C700%2C700italic%2C900%2C900italic|font_style:700%20bold%20regular%3A700%3Anormal&#8221; css=&#8221;.vc_custom_1665575114494{margin-top: 0px !important;}&#8221;][vc_raw_html]PGRpdiBjbGFzcz0ibGluZS0zLTEwMC1henVsIj48L2Rpdj4=[\/vc_raw_html][vc_column_text]<\/p>\n<div align=\"justify\">\n<p>Con m\u00e1s de 100 a\u00f1os de historia, IBM es la empresa m\u00e1s grande del mundo en el campo de las Tecnolog\u00edas de la Informaci\u00f3n.<br \/>\nLa empresa produce hardware, software y proporciona servicios de infraestructura, seguridad y almacenamiento de datos.<\/p>\n<p><a href=\"https:\/\/www.ibm.com\/pt-en\" target=\"_blank\" rel=\"noopener noreferrer\">P\u00e1gina del fabricante<\/a><\/p>\n<\/div>\n<p>[\/vc_column_text][\/vc_column_inner][\/vc_row_inner][\/vc_column][\/vc_row]<\/p>\n","protected":false},"excerpt":{"rendered":"<p>[vc_row parallax=&#8221;content-moving-fade&#8221; parallax_image=&#8221;3416&#8243; css=&#8221;.vc_custom_1527260392257{padding-top: 160px !important;padding-bottom: 220px !important;background-image: url(https:\/\/sensorpoint.pt\/wp-content\/uploads\/2022\/06\/tecnologias-de-informacao-1.jpg?id=3927) !important;}&#8221;][vc_column][vc_custom_heading text=&#8221;Tecnolog\u00edas de la Informaci\u00f3n&#8221; font_container=&#8221;tag:h1|font_size:44px|text_align:center|color:%23ffffff&#8221; use_theme_fonts=&#8221;yes&#8221; el_class=&#8221;section-heading&#8221;][\/vc_column][\/vc_row][vc_row css=&#8221;.vc_custom_1475934235598{padding-top: 80px !important;padding-bottom: 100px !important;background-color: #ffffff [&hellip;]<\/p>\n","protected":false},"author":3,"featured_media":0,"parent":0,"menu_order":0,"comment_status":"closed","ping_status":"closed","template":"","meta":{"advgb_blocks_editor_width":"","advgb_blocks_columns_visual_guide":"","footnotes":""},"class_list":["post-16422","page","type-page","status-publish","hentry"],"coauthors":[],"author_meta":{"author_link":"https:\/\/sp.inovamatic.com\/es\/author\/filipa\/","display_name":"admin"},"relative_dates":{"created":"Publicado 4 a\u00f1os hace","modified":"Actualizado 4 a\u00f1os hace"},"absolute_dates":{"created":"Publicado el agosto 24, 2022","modified":"Actualizado el octubre 12, 2022"},"absolute_dates_time":{"created":"Publicado el agosto 24, 2022 12:23 pm","modified":"Actualizado el octubre 12, 2022 12:45 pm"},"featured_img_caption":"","featured_img":false,"series_order":"","_links":{"self":[{"href":"https:\/\/sp.inovamatic.com\/es\/wp-json\/wp\/v2\/pages\/16422","targetHints":{"allow":["GET"]}}],"collection":[{"href":"https:\/\/sp.inovamatic.com\/es\/wp-json\/wp\/v2\/pages"}],"about":[{"href":"https:\/\/sp.inovamatic.com\/es\/wp-json\/wp\/v2\/types\/page"}],"author":[{"embeddable":true,"href":"https:\/\/sp.inovamatic.com\/es\/wp-json\/wp\/v2\/users\/3"}],"replies":[{"embeddable":true,"href":"https:\/\/sp.inovamatic.com\/es\/wp-json\/wp\/v2\/comments?post=16422"}],"version-history":[{"count":5,"href":"https:\/\/sp.inovamatic.com\/es\/wp-json\/wp\/v2\/pages\/16422\/revisions"}],"predecessor-version":[{"id":17872,"href":"https:\/\/sp.inovamatic.com\/es\/wp-json\/wp\/v2\/pages\/16422\/revisions\/17872"}],"wp:attachment":[{"href":"https:\/\/sp.inovamatic.com\/es\/wp-json\/wp\/v2\/media?parent=16422"}],"curies":[{"name":"wp","href":"https:\/\/api.w.org\/{rel}","templated":true}]}}