{"id":16280,"date":"2022-08-24T12:10:31","date_gmt":"2022-08-24T11:10:31","guid":{"rendered":"https:\/\/sensorpoint.pt\/?page_id=16280"},"modified":"2022-08-24T12:14:09","modified_gmt":"2022-08-24T11:14:09","slug":"centros-de-datos","status":"publish","type":"page","link":"https:\/\/sp.inovamatic.com\/es\/centros-de-datos\/","title":{"rendered":"Centros de Datos"},"content":{"rendered":"<p>[vc_row parallax=&#8221;content-moving-fade&#8221; parallax_image=&#8221;3416&#8243; css=&#8221;.vc_custom_1527255898311{padding-top: 160px !important;padding-bottom: 220px !important;background-image: url(https:\/\/sensorpoint.pt\/wp-content\/uploads\/2022\/06\/datacentre_brochure_2800x1280-1-cortar-scaled.jpg?id=3723) !important;}&#8221;][vc_column][vc_custom_heading text=&#8221;Centros de Datos&#8221; font_container=&#8221;tag:h1|font_size:44px|text_align:center|color:%23ffffff&#8221; use_theme_fonts=&#8221;yes&#8221; el_class=&#8221;section-heading&#8221;][\/vc_column][\/vc_row][vc_row css=&#8221;.vc_custom_1475934235598{padding-top: 80px !important;padding-bottom: 100px !important;background-color: #ffffff !important;}&#8221;][vc_column][vc_row_inner el_class=&#8221;container&#8221; css=&#8221;.vc_custom_1475933788716{margin-bottom: 60px !important;}&#8221;][vc_column_inner][vc_custom_heading text=&#8221;<\/p>\n<div align=``justify``>\n<p>Los centros de datos son cruciales en los tiempos digitales en los que vivimos, ya que todos los datos comerciales vitales se almacenan en ellos.<\/p>\n<p>En entornos cr\u00edticos como estos, sabemos que los productos altamente confiables y el servicio responsable son fundamentales.<br \/>\nNuestros productos y soluciones se encuentran en los centros de datos m\u00e1s importantes del mundo. Nuestro portafolio de soluciones integradas ayuda a reducir costos, maximizar la eficiencia y optimizar el tiempo de actividad donde el tiempo de respuesta no podr\u00eda ser m\u00e1s importante.<\/div>\n<p>&#8221; font_container=&#8221;tag:h4|text_align:left|color:%23999999|line_height:28px&#8221; use_theme_fonts=&#8221;yes&#8221;][\/vc_column_inner]<\/p>\n<p><a href=\"https:\/\/sensorpoint.pt\/es\/carga-de-vehiculos-electricos\/\"><img decoding=\"async\" src=\"https:\/\/sensorpoint.pt\/wp-content\/uploads\/2018\/08\/carregamento_electricos-02.png\"alt=\"Carregamento Carros\" style=\"padding-left:10px;width:70px;height:60px;\"\"><\/a> <a href=\"https:\/\/sensorpoint.pt\/es\/sistemas-de-deteccion-de-intrusos\/\"><img decoding=\"async\" src=\"https:\/\/sensorpoint.pt\/wp-content\/uploads\/2018\/08\/deteccao_intrusao-02.png\" alt=\"Dete\u00e7\u00e3o de Intrus\u00e3o\" style=\"width:60px;height:60px;\"\"><\/a> <a href=\"https:\/\/sensorpoint.pt\/es\/cctv\/\"><img decoding=\"async\" src=\"https:\/\/sensorpoint.pt\/wp-content\/uploads\/2018\/08\/cctv-02.png\" alt=\"CCTV\" style=\"width:60px;height:60px;\"\" ><\/a> <a href=\"https:\/\/sensorpoint.pt\/es\/gestion-de-aparcamientos\/\"><img decoding=\"async\" src=\"https:\/\/sensorpoint.pt\/wp-content\/uploads\/2018\/08\/gestao_parques-02.png\" alt=\"Gest\u00e3o de Parques de Estacionamento\" style=\"width:60px;height:60px;\"\"><\/a> <a href=\"https:\/\/sensorpoint.pt\/es\/sistemas-de-deteccion-de-incendios\/\"><img decoding=\"async\" src=\"https:\/\/sensorpoint.pt\/wp-content\/uploads\/2018\/08\/deteccao_incendio-02.png\" alt=\"Dete\u00e7\u00e3o de Inc\u00eandio\"style=\"width:60px;height:60px;\"\"><\/a> <a href=\"https:\/\/sensorpoint.pt\/es\/sistemas-de-deteccion-de-gas\/\"><img decoding=\"async\" src=\"https:\/\/sensorpoint.pt\/wp-content\/uploads\/2018\/08\/deteccao_gases-02.png\" alt=\"Dete\u00e7\u00e3o de G\u00e1s\"style=\"width:60px;height:60px;\"\"><\/a> <a href=\"https:\/\/sensorpoint.pt\/es\/control-de-accesos\/\"><img decoding=\"async\" src=\"https:\/\/sensorpoint.pt\/wp-content\/uploads\/2018\/08\/controlo_acessos-02.png\" alt=\"Controlo de Acessos\"style=\"width:60px;height:60px;\"\"><\/a> <a href=\"https:\/\/sensorpoint.pt\/es\/sistemas-de-comunicaciones-de-emergencia\/\"><img decoding=\"async\" src=\"https:\/\/sensorpoint.pt\/wp-content\/uploads\/2018\/08\/comunicacoes_emergencia-02.png\" alt=\"Sistemas de Comunica\u00e7\u00e3o de Emerg\u00eancia\"style=\"width:60px;height:60px;\"\"><\/a> <a href=\"https:\/\/sensorpoint.pt\/es\/sistema-de-inspeccion\/\"><img decoding=\"async\" src=\"https:\/\/sensorpoint.pt\/wp-content\/uploads\/2018\/08\/sistemas_inspeccao-02.png\" alt=\"Sistemas de Inspec\u00e7\u00e3o\"style=\"width:60px;height:60px;\"\"><\/a> <a href=\"https:\/\/sensorpoint.pt\/es\/sistemas-de-megafonia-y-alarma-por-voz\/\"><img decoding=\"async\" src=\"https:\/\/sensorpoint.pt\/wp-content\/uploads\/2018\/08\/sistemas_alarme_voz-02.png\" alt=\"Sistemas de Som\"style=\"width:60px;height:60px;\"\"><\/a> <a href=\"https:\/\/sensorpoint.pt\/es\/sistema-de-extincion-para-campana-de-cocina\/\"><img decoding=\"async\" src=\"https:\/\/sensorpoint.pt\/wp-content\/uploads\/2018\/08\/sistema_extincao_hotte_cozinha-02.png\" alt=\"Sistemas de Extin\u00e7\u00e3o para Hotte de Cozinha\"style=\"width:60px;height:60px;\"\"><\/a> <a href=\"https:\/\/sensorpoint.pt\/es\/sistemas-automaticos-de-extincion-de-incendios\/\"><img decoding=\"async\" src=\"https:\/\/sensorpoint.pt\/wp-content\/uploads\/2018\/08\/sistema_extincao_automatica-02.png\" alt=\"Sistemas de Extin\u00e7\u00e3o Autom\u00e1tica de Inc\u00eandios\"style=\"width:60px;height:60px;\"\"><\/a> <a href=\"https:\/\/sensorpoint.pt\/es\/sistema-de-extincion-por-agua\/\"><img decoding=\"async\" src=\"https:\/\/sensorpoint.pt\/wp-content\/uploads\/2018\/08\/sistema_extincao_agua-02.png\" alt=\"Sistemas de Extin\u00e7\u00e3o por \u00c1gua\"style=\"width:60px;height:60px;\"\"><\/a> <a href=\"https:\/\/sensorpoint.pt\/es\/sistemas-de-megafonia-y-alarma-por-voz\/\"><img decoding=\"async\" src=\"https:\/\/sensorpoint.pt\/wp-content\/uploads\/2018\/08\/sistema_som-02.png\" alt=\"Sistemas de Som\"style=\"width:60px;height:60px;\"\"><\/a> <a href=\"https:\/\/sensorpoint.pt\/es\/reconocimiento-de-matriculas\/\"><img decoding=\"async\" src=\"https:\/\/sensorpoint.pt\/wp-content\/uploads\/2018\/08\/reconhecimento_matriculas-02.png\" alt=\"Reconhecimento de Matriculas\"style=\"width:60px;height:60px;\"\"><\/a> <a href=\"https:\/\/sensorpoint.pt\/es\/iluminacion-solar\/\"><img decoding=\"async\" src=\"https:\/\/sensorpoint.pt\/wp-content\/uploads\/2018\/08\/iluminacao_solar-02.png\" alt=\"Ilumina\u00e7\u00e3o Solar\"style=\"width:60px;height:60px;\"\"><\/a><\/p>\n<p>[\/vc_row_inner][\/vc_column][\/vc_row]<\/p>\n","protected":false},"excerpt":{"rendered":"<p>[vc_row parallax=&#8221;content-moving-fade&#8221; parallax_image=&#8221;3416&#8243; css=&#8221;.vc_custom_1527255898311{padding-top: 160px !important;padding-bottom: 220px !important;background-image: url(https:\/\/sensorpoint.pt\/wp-content\/uploads\/2022\/06\/datacentre_brochure_2800x1280-1-cortar-scaled.jpg?id=3723) !important;}&#8221;][vc_column][vc_custom_heading text=&#8221;Centros de Datos&#8221; font_container=&#8221;tag:h1|font_size:44px|text_align:center|color:%23ffffff&#8221; use_theme_fonts=&#8221;yes&#8221; el_class=&#8221;section-heading&#8221;][\/vc_column][\/vc_row][vc_row css=&#8221;.vc_custom_1475934235598{padding-top: 80px !important;padding-bottom: 100px !important;background-color: #ffffff !important;}&#8221;][vc_column][vc_row_inner [&hellip;]<\/p>\n","protected":false},"author":3,"featured_media":0,"parent":0,"menu_order":0,"comment_status":"closed","ping_status":"closed","template":"","meta":{"advgb_blocks_editor_width":"","advgb_blocks_columns_visual_guide":"","footnotes":""},"class_list":["post-16280","page","type-page","status-publish","hentry"],"coauthors":[],"author_meta":{"author_link":"https:\/\/sp.inovamatic.com\/es\/author\/filipa\/","display_name":"admin"},"relative_dates":{"created":"Publicado 4 a\u00f1os hace","modified":"Actualizado 4 a\u00f1os hace"},"absolute_dates":{"created":"Publicado el agosto 24, 2022","modified":"Actualizado el agosto 24, 2022"},"absolute_dates_time":{"created":"Publicado el agosto 24, 2022 12:10 pm","modified":"Actualizado el agosto 24, 2022 12:14 pm"},"featured_img_caption":"","featured_img":false,"series_order":"","_links":{"self":[{"href":"https:\/\/sp.inovamatic.com\/es\/wp-json\/wp\/v2\/pages\/16280","targetHints":{"allow":["GET"]}}],"collection":[{"href":"https:\/\/sp.inovamatic.com\/es\/wp-json\/wp\/v2\/pages"}],"about":[{"href":"https:\/\/sp.inovamatic.com\/es\/wp-json\/wp\/v2\/types\/page"}],"author":[{"embeddable":true,"href":"https:\/\/sp.inovamatic.com\/es\/wp-json\/wp\/v2\/users\/3"}],"replies":[{"embeddable":true,"href":"https:\/\/sp.inovamatic.com\/es\/wp-json\/wp\/v2\/comments?post=16280"}],"version-history":[{"count":5,"href":"https:\/\/sp.inovamatic.com\/es\/wp-json\/wp\/v2\/pages\/16280\/revisions"}],"predecessor-version":[{"id":17797,"href":"https:\/\/sp.inovamatic.com\/es\/wp-json\/wp\/v2\/pages\/16280\/revisions\/17797"}],"wp:attachment":[{"href":"https:\/\/sp.inovamatic.com\/es\/wp-json\/wp\/v2\/media?parent=16280"}],"curies":[{"name":"wp","href":"https:\/\/api.w.org\/{rel}","templated":true}]}}