{"id":15351,"date":"2018-05-25T14:45:18","date_gmt":"2018-05-25T13:45:18","guid":{"rendered":"https:\/\/sensorpoint.pt\/mobilidade\/"},"modified":"2020-09-14T15:55:28","modified_gmt":"2020-09-14T14:55:28","slug":"movilidad","status":"publish","type":"page","link":"https:\/\/sp.inovamatic.com\/es\/movilidad\/","title":{"rendered":"Movilidad"},"content":{"rendered":"<p>[vc_row parallax=&#8221;content-moving-fade&#8221; parallax_image=&#8221;3416&#8243; css=&#8221;.vc_custom_1527255898311{padding-top: 160px !important;padding-bottom: 220px !important;background-image: url(https:\/\/www.sensorpoint.pt\/wp-content\/uploads\/2018\/05\/mobilidade.jpg?id=3720) !important;}&#8221;][vc_column][vc_custom_heading text=&#8221;Movilidad&#8221; font_container=&#8221;tag:h1|font_size:44px|text_align:center|color:%23ffffff&#8221; use_theme_fonts=&#8221;yes&#8221; el_class=&#8221;section-heading&#8221;][\/vc_column][\/vc_row][vc_row css=&#8221;.vc_custom_1475934235598{padding-top: 80px !important;padding-bottom: 100px !important;background-color: #ffffff !important;}&#8221;][vc_column][vc_row_inner el_class=&#8221;container&#8221; css=&#8221;.vc_custom_1475933788716{margin-bottom: 60px !important;}&#8221;][vc_column_inner][vc_custom_heading text=&#8221;El constante crecimiento del aparcamiento ha obligado a los grandes edificios modernos a equiparse con tecnolog\u00edas capaces de gestionar la movilidad del coche en sus aparcamientos.<\/p>\n<p>Sensorpoint ofrece una cartera variada de soluciones, que van desde la gesti\u00f3n de accesos hasta la gesti\u00f3n de vacantes e incluso la carga de veh\u00edculos el\u00e9ctricos. Equipamos a los operadores con herramientas que contribuyen a la m\u00e1xima eficiencia y ahorro en la operaci\u00f3n de los aparcamientos.&#8221; font_container=&#8221;tag:h4|text_align:justify|color:%23999999|line_height:28px&#8221; use_theme_fonts=&#8221;yes&#8221;][\/vc_column_inner]<\/p>\n<p><a href=\"https:\/\/sensorpoint.pt\/es\/carga-de-vehiculos-electricos\/\"><img decoding=\"async\" src=\"https:\/\/sensorpoint.pt\/wp-content\/uploads\/2018\/08\/carregamento_electricos-02.png\"alt=\"Carregamento Carros\" style=\"padding-left:10px;width:70px;height:60px;\"\"><\/a> <a href=\"https:\/\/sensorpoint.pt\/es\/sistemas-de-deteccion-de-intrusos\/\"><img decoding=\"async\" src=\"https:\/\/sensorpoint.pt\/wp-content\/uploads\/2018\/08\/deteccao_intrusao-02.png\" alt=\"Dete\u00e7\u00e3o de Intrus\u00e3o\" style=\"width:60px;height:60px;\"\"><\/a> <a href=\"https:\/\/sensorpoint.pt\/es\/cctv\/\"><img decoding=\"async\" src=\"https:\/\/sensorpoint.pt\/wp-content\/uploads\/2018\/08\/cctv-02.png\" alt=\"CCTV\" style=\"width:60px;height:60px;\"\" ><\/a> <a href=\"https:\/\/sensorpoint.pt\/es\/gestion-de-aparcamientos\/\"><img decoding=\"async\" src=\"https:\/\/sensorpoint.pt\/wp-content\/uploads\/2018\/08\/gestao_parques-02.png\" alt=\"Gest\u00e3o de Parques de Estacionamento\" style=\"width:60px;height:60px;\"\"><\/a> <a href=\"https:\/\/sensorpoint.pt\/es\/sistemas-de-deteccion-de-incendios\/\"><img decoding=\"async\" src=\"https:\/\/sensorpoint.pt\/wp-content\/uploads\/2018\/08\/deteccao_incendio-02.png\" alt=\"Dete\u00e7\u00e3o de Inc\u00eandio\"style=\"width:60px;height:60px;\"\"><\/a> <a href=\"https:\/\/sensorpoint.pt\/es\/sistemas-de-deteccion-de-gas\/\"><img decoding=\"async\" src=\"https:\/\/sensorpoint.pt\/wp-content\/uploads\/2018\/08\/deteccao_gases-02.png\" alt=\"Dete\u00e7\u00e3o de G\u00e1s\"style=\"width:60px;height:60px;\"\"><\/a> <a href=\"https:\/\/sensorpoint.pt\/es\/control-de-accesos\/\"><img decoding=\"async\" src=\"https:\/\/sensorpoint.pt\/wp-content\/uploads\/2018\/08\/controlo_acessos-02.png\" alt=\"Controlo de Acessos\"style=\"width:60px;height:60px;\"\"><\/a> <a href=\"https:\/\/sensorpoint.pt\/es\/sistemas-de-comunicaciones-de-emergencia\/\"><img decoding=\"async\" src=\"https:\/\/sensorpoint.pt\/wp-content\/uploads\/2018\/08\/comunicacoes_emergencia-02.png\" alt=\"Sistemas de Comunica\u00e7\u00e3o de Emerg\u00eancia\"style=\"width:60px;height:60px;\"\"><\/a> <a href=\"https:\/\/sensorpoint.pt\/es\/sistema-de-inspeccion\/\"><img decoding=\"async\" src=\"https:\/\/sensorpoint.pt\/wp-content\/uploads\/2018\/08\/sistemas_inspeccao-02.png\" alt=\"Sistemas de Inspec\u00e7\u00e3o\"style=\"width:60px;height:60px;\"\"><\/a> <a href=\"https:\/\/sensorpoint.pt\/es\/sistemas-de-megafonia-y-alarma-por-voz\/\"><img decoding=\"async\" src=\"https:\/\/sensorpoint.pt\/wp-content\/uploads\/2018\/08\/sistemas_alarme_voz-02.png\" alt=\"Sistemas de Som\"style=\"width:60px;height:60px;\"\"><\/a> <a href=\"https:\/\/sensorpoint.pt\/es\/sistema-de-extincion-para-campana-de-cocina\/\"><img decoding=\"async\" src=\"https:\/\/sensorpoint.pt\/wp-content\/uploads\/2018\/08\/sistema_extincao_hotte_cozinha-02.png\" alt=\"Sistemas de Extin\u00e7\u00e3o para Hotte de Cozinha\"style=\"width:60px;height:60px;\"\"><\/a> <a href=\"https:\/\/sensorpoint.pt\/es\/sistemas-automaticos-de-extincion-de-incendios\/\"><img decoding=\"async\" src=\"https:\/\/sensorpoint.pt\/wp-content\/uploads\/2018\/08\/sistema_extincao_automatica-02.png\" alt=\"Sistemas de Extin\u00e7\u00e3o Autom\u00e1tica de Inc\u00eandios\"style=\"width:60px;height:60px;\"\"><\/a> <a href=\"https:\/\/sensorpoint.pt\/es\/sistema-de-extincion-por-agua\/\"><img decoding=\"async\" src=\"https:\/\/sensorpoint.pt\/wp-content\/uploads\/2018\/08\/sistema_extincao_agua-02.png\" alt=\"Sistemas de Extin\u00e7\u00e3o por \u00c1gua\"style=\"width:60px;height:60px;\"\"><\/a> <a href=\"https:\/\/sensorpoint.pt\/es\/sistemas-de-megafonia-y-alarma-por-voz\/\"><img decoding=\"async\" src=\"https:\/\/sensorpoint.pt\/wp-content\/uploads\/2018\/08\/sistema_som-02.png\" alt=\"Sistemas de Som\"style=\"width:60px;height:60px;\"\"><\/a> <a href=\"https:\/\/sensorpoint.pt\/es\/reconocimiento-de-matriculas\/\"><img decoding=\"async\" src=\"https:\/\/sensorpoint.pt\/wp-content\/uploads\/2018\/08\/reconhecimento_matriculas-02.png\" alt=\"Reconhecimento de Matriculas\"style=\"width:60px;height:60px;\"\"><\/a> <a href=\"https:\/\/sensorpoint.pt\/es\/iluminacion-solar\/\"><img decoding=\"async\" src=\"https:\/\/sensorpoint.pt\/wp-content\/uploads\/2018\/08\/iluminacao_solar-02.png\" alt=\"Ilumina\u00e7\u00e3o Solar\"style=\"width:60px;height:60px;\"\"><\/a><\/p>\n<p>[\/vc_row_inner][\/vc_column][\/vc_row]<\/p>\n","protected":false},"excerpt":{"rendered":"<p>[vc_row parallax=&#8221;content-moving-fade&#8221; parallax_image=&#8221;3416&#8243; css=&#8221;.vc_custom_1527255898311{padding-top: 160px !important;padding-bottom: 220px !important;background-image: url(https:\/\/www.sensorpoint.pt\/wp-content\/uploads\/2018\/05\/mobilidade.jpg?id=3720) !important;}&#8221;][vc_column][vc_custom_heading text=&#8221;Movilidad&#8221; font_container=&#8221;tag:h1|font_size:44px|text_align:center|color:%23ffffff&#8221; use_theme_fonts=&#8221;yes&#8221; el_class=&#8221;section-heading&#8221;][\/vc_column][\/vc_row][vc_row css=&#8221;.vc_custom_1475934235598{padding-top: 80px !important;padding-bottom: 100px !important;background-color: #ffffff !important;}&#8221;][vc_column][vc_row_inner el_class=&#8221;container&#8221; css=&#8221;.vc_custom_1475933788716{margin-bottom: [&hellip;]<\/p>\n","protected":false},"author":1,"featured_media":0,"parent":0,"menu_order":0,"comment_status":"closed","ping_status":"closed","template":"","meta":{"advgb_blocks_editor_width":"","advgb_blocks_columns_visual_guide":"","footnotes":""},"class_list":["post-15351","page","type-page","status-publish","hentry"],"coauthors":[],"author_meta":{"author_link":"https:\/\/sp.inovamatic.com\/es\/author\/miguelmailribeiro_h017r696\/","display_name":"admin"},"relative_dates":{"created":"Publicado 8 a\u00f1os hace","modified":"Actualizado 6 a\u00f1os hace"},"absolute_dates":{"created":"Publicado el mayo 25, 2018","modified":"Actualizado el septiembre 14, 2020"},"absolute_dates_time":{"created":"Publicado el mayo 25, 2018 2:45 pm","modified":"Actualizado el septiembre 14, 2020 3:55 pm"},"featured_img_caption":"","featured_img":false,"series_order":"","_links":{"self":[{"href":"https:\/\/sp.inovamatic.com\/es\/wp-json\/wp\/v2\/pages\/15351","targetHints":{"allow":["GET"]}}],"collection":[{"href":"https:\/\/sp.inovamatic.com\/es\/wp-json\/wp\/v2\/pages"}],"about":[{"href":"https:\/\/sp.inovamatic.com\/es\/wp-json\/wp\/v2\/types\/page"}],"author":[{"embeddable":true,"href":"https:\/\/sp.inovamatic.com\/es\/wp-json\/wp\/v2\/users\/1"}],"replies":[{"embeddable":true,"href":"https:\/\/sp.inovamatic.com\/es\/wp-json\/wp\/v2\/comments?post=15351"}],"version-history":[{"count":2,"href":"https:\/\/sp.inovamatic.com\/es\/wp-json\/wp\/v2\/pages\/15351\/revisions"}],"predecessor-version":[{"id":15814,"href":"https:\/\/sp.inovamatic.com\/es\/wp-json\/wp\/v2\/pages\/15351\/revisions\/15814"}],"wp:attachment":[{"href":"https:\/\/sp.inovamatic.com\/es\/wp-json\/wp\/v2\/media?parent=15351"}],"curies":[{"name":"wp","href":"https:\/\/api.w.org\/{rel}","templated":true}]}}