{"id":15345,"date":"2018-05-25T15:41:09","date_gmt":"2018-05-25T14:41:09","guid":{"rendered":"https:\/\/sensorpoint.pt\/protecao-eletronica-de-artigos-eas\/"},"modified":"2024-06-07T16:27:37","modified_gmt":"2024-06-07T15:27:37","slug":"proteccion-electronica-de-articulos-eas","status":"publish","type":"page","link":"https:\/\/sp.inovamatic.com\/es\/proteccion-electronica-de-articulos-eas\/","title":{"rendered":"Protecci\u00f3n Electr\u00f3nica de Art\u00edculos (EAS)"},"content":{"rendered":"<p>[vc_row parallax=&#8221;content-moving-fade&#8221; parallax_image=&#8221;3416&#8243; css=&#8221;.vc_custom_1527259256265{padding-top: 160px !important;padding-bottom: 220px !important;background-image: url(https:\/\/www.sensorpoint.pt\/wp-content\/uploads\/2018\/05\/eas2-1.jpg?id=3893) !important;}&#8221;][vc_column][vc_custom_heading text=&#8221;Protecci\u00f3n Electr\u00f3nica de Art\u00edculos (EAS)&#8221; font_container=&#8221;tag:h1|font_size:44px|text_align:center|color:%23ffffff&#8221; use_theme_fonts=&#8221;yes&#8221; el_class=&#8221;section-heading&#8221;][\/vc_column][\/vc_row][vc_row css=&#8221;.vc_custom_1475934235598{padding-top: 80px !important;padding-bottom: 100px !important;background-color: #ffffff !important;}&#8221;][vc_column][vc_row_inner el_class=&#8221;container&#8221; css=&#8221;.vc_custom_1475933788716{margin-bottom: 60px !important;}&#8221;][vc_column_inner][vc_custom_heading text=&#8221;Sensorpoint ofrece sistemas EAS en las distintas tecnolog\u00edas existentes: Radiofrecuencia (RF), Magn\u00e9tica ac\u00fastica (AM) y Electromagn\u00e9tica (EM). Dise\u00f1ado para satisfacer las necesidades de diferentes segmentos de mercado y que se puede personalizar de acuerdo a los requerimientos de cada cliente.<br \/>\nCualquiera de las tecnolog\u00edas es extremadamente confiable cuando se implementa en sus \u00e1reas de protecci\u00f3n preferidas, y los sistemas se pueden complementar con soluciones para detecci\u00f3n de metales, detecci\u00f3n de inhibidores de se\u00f1al (Jammers) y conteo de personas.<br \/>\nNuestras soluciones permiten la exhibici\u00f3n gratuita de art\u00edculos, manteni\u00e9ndolos accesibles al p\u00fablico y facilitando la experiencia de compra mientras protegen los art\u00edculos contra el robo. Para ello, disponemos de una amplia gama de etiquetas (r\u00edgidas o adhesivas) y accesorios, seg\u00fan las necesidades espec\u00edficas de cada cliente.<\/p>\n<p>Beneficios del sistema electr\u00f3nico de protecci\u00f3n de art\u00edculos:<br \/>\n&#8211; Sistemas de detecci\u00f3n visibles, ocultos o discretos que se integran con cualquier tipo de &#8220;dise\u00f1o&#8220; y almac\u00e9n, necesidad de protecci\u00f3n y presupuesto;<br \/>\n&#8211; Fiabilidad y rendimiento excepcionales en la detecci\u00f3n de etiquetas, con diferentes anchos de salida, soluciones de desactivaci\u00f3n y resaltado de etiquetas;<br \/>\n&#8211; Integraci\u00f3n con sistemas POS y CCTV, con el fin de brindarle toda la informaci\u00f3n que necesita para mantener su negocio bajo control.&#8221; font_container=&#8221;tag:h4|text_align:justify|color:%23999999|line_height:28px&#8221; use_theme_fonts=&#8221;yes&#8221;][\/vc_column_inner][\/vc_row_inner][vc_row_inner equal_height=&#8221;yes&#8221; content_placement=&#8221;middle&#8221; gap=&#8221;35&#8243; el_class=&#8221;container&#8221; css=&#8221;.vc_custom_1533212107588{margin-bottom: 60px !important;}&#8221;][vc_column_inner width=&#8221;1\/2&#8243;][vc_single_image image=&#8221;5330&#8243; img_size=&#8221;full&#8221; alignment=&#8221;center&#8221;][\/vc_column_inner][vc_column_inner width=&#8221;1\/2&#8243;][vc_custom_heading text=&#8221;&#8221; font_container=&#8221;tag:h2|font_size:45px|text_align:left|color:%234367a1|line_height:45px&#8221; google_fonts=&#8221;font_family:Lato%3A100%2C100italic%2C300%2C300italic%2Cregular%2Citalic%2C700%2C700italic%2C900%2C900italic|font_style:300%20light%20regular%3A300%3Anormal&#8221; css=&#8221;.vc_custom_1533212241840{margin-bottom: 0px !important;}&#8221;][vc_custom_heading text=&#8221;Acustomagn\u00e9ticos (AM)&#8221; font_container=&#8221;tag:h2|font_size:45px|text_align:left|color:%234367a1|line_height:45px&#8221; google_fonts=&#8221;font_family:Lato%3A100%2C100italic%2C300%2C300italic%2Cregular%2Citalic%2C700%2C700italic%2C900%2C900italic|font_style:700%20bold%20regular%3A700%3Anormal&#8221; css=&#8221;.vc_custom_1599569828415{margin-top: 0px !important;}&#8221;][vc_raw_html]JTNDZGl2JTIwY2xhc3MlM0QlMjJsaW5lLTMtMTAwLWF6dWwlMjIlM0UlM0MlMkZkaXYlM0U=[\/vc_raw_html][vc_column_text]<\/p>\n<div align=\"justify\">\n<p>\u00daltima tecnolog\u00eda ideal para farmacias, perfumer\u00edas y todo tipo de comercios excepto bibliotecas.<\/p>\n<\/div>\n<p>[\/vc_column_text][\/vc_column_inner][\/vc_row_inner][vc_row_inner equal_height=&#8221;yes&#8221; content_placement=&#8221;middle&#8221; gap=&#8221;35&#8243; el_class=&#8221;container&#8221; css=&#8221;.vc_custom_1533212107588{margin-bottom: 60px !important;}&#8221;][vc_column_inner width=&#8221;1\/2&#8243;][vc_single_image image=&#8221;5332&#8243; img_size=&#8221;full&#8221; alignment=&#8221;center&#8221;][\/vc_column_inner][vc_column_inner width=&#8221;1\/2&#8243;][vc_custom_heading text=&#8221;&#8221; font_container=&#8221;tag:h2|font_size:45px|text_align:left|color:%234367a1|line_height:45px&#8221; google_fonts=&#8221;font_family:Lato%3A100%2C100italic%2C300%2C300italic%2Cregular%2Citalic%2C700%2C700italic%2C900%2C900italic|font_style:300%20light%20regular%3A300%3Anormal&#8221; css=&#8221;.vc_custom_1533212241840{margin-bottom: 0px !important;}&#8221;][vc_custom_heading text=&#8221;Radiofrecuencia (RF)&#8221; font_container=&#8221;tag:h2|font_size:45px|text_align:left|color:%234367a1|line_height:45px&#8221; google_fonts=&#8221;font_family:Lato%3A100%2C100italic%2C300%2C300italic%2Cregular%2Citalic%2C700%2C700italic%2C900%2C900italic|font_style:700%20bold%20regular%3A700%3Anormal&#8221; css=&#8221;.vc_custom_1599569893008{margin-top: 0px !important;}&#8221;][vc_raw_html]JTNDZGl2JTIwY2xhc3MlM0QlMjJsaW5lLTMtMTAwLWF6dWwlMjIlM0UlM0MlMkZkaXYlM0U=[\/vc_raw_html][vc_column_text]<\/p>\n<div align=\"justify\">\n<p>Tecnolog\u00eda m\u00e1s aplicada en distribuci\u00f3n. Sistemas economicos.<\/p>\n<\/div>\n<p>[\/vc_column_text][\/vc_column_inner][\/vc_row_inner][vc_row_inner equal_height=&#8221;yes&#8221; content_placement=&#8221;middle&#8221; gap=&#8221;35&#8243; el_class=&#8221;container&#8221; css=&#8221;.vc_custom_1533212107588{margin-bottom: 60px !important;}&#8221;][vc_column_inner width=&#8221;1\/2&#8243;][vc_single_image image=&#8221;5333&#8243; img_size=&#8221;full&#8221; alignment=&#8221;center&#8221;][\/vc_column_inner][vc_column_inner width=&#8221;1\/2&#8243;][vc_custom_heading text=&#8221;&#8221; font_container=&#8221;tag:h2|font_size:45px|text_align:left|color:%234367a1|line_height:45px&#8221; google_fonts=&#8221;font_family:Lato%3A100%2C100italic%2C300%2C300italic%2Cregular%2Citalic%2C700%2C700italic%2C900%2C900italic|font_style:300%20light%20regular%3A300%3Anormal&#8221; css=&#8221;.vc_custom_1533212241840{margin-bottom: 0px !important;}&#8221;][vc_custom_heading text=&#8221;Electromagn\u00e9tico (EM)&#8221; font_container=&#8221;tag:h2|font_size:45px|text_align:left|color:%234367a1|line_height:45px&#8221; google_fonts=&#8221;font_family:Lato%3A100%2C100italic%2C300%2C300italic%2Cregular%2Citalic%2C700%2C700italic%2C900%2C900italic|font_style:700%20bold%20regular%3A700%3Anormal&#8221; css=&#8221;.vc_custom_1599570006110{margin-top: 0px !important;}&#8221;][vc_raw_html]JTNDZGl2JTIwY2xhc3MlM0QlMjJsaW5lLTMtMTAwLWF6dWwlMjIlM0UlM0MlMkZkaXYlM0U=[\/vc_raw_html][vc_column_text]<\/p>\n<div align=\"justify\">\n<p>Tecnolog\u00eda utilizada en bibliotecas y librer\u00edas.<\/p>\n<\/div>\n<p>[\/vc_column_text][\/vc_column_inner][\/vc_row_inner][\/vc_column][\/vc_row]<\/p>\n","protected":false},"excerpt":{"rendered":"<p>[vc_row parallax=&#8221;content-moving-fade&#8221; parallax_image=&#8221;3416&#8243; css=&#8221;.vc_custom_1527259256265{padding-top: 160px !important;padding-bottom: 220px !important;background-image: url(https:\/\/www.sensorpoint.pt\/wp-content\/uploads\/2018\/05\/eas2-1.jpg?id=3893) !important;}&#8221;][vc_column][vc_custom_heading text=&#8221;Protecci\u00f3n Electr\u00f3nica de Art\u00edculos (EAS)&#8221; font_container=&#8221;tag:h1|font_size:44px|text_align:center|color:%23ffffff&#8221; use_theme_fonts=&#8221;yes&#8221; el_class=&#8221;section-heading&#8221;][\/vc_column][\/vc_row][vc_row css=&#8221;.vc_custom_1475934235598{padding-top: 80px !important;padding-bottom: 100px !important;background-color: [&hellip;]<\/p>\n","protected":false},"author":1,"featured_media":0,"parent":0,"menu_order":0,"comment_status":"closed","ping_status":"closed","template":"","meta":{"advgb_blocks_editor_width":"","advgb_blocks_columns_visual_guide":"","footnotes":""},"class_list":["post-15345","page","type-page","status-publish","hentry"],"coauthors":[],"author_meta":{"author_link":"https:\/\/sp.inovamatic.com\/es\/author\/miguelmailribeiro_h017r696\/","display_name":"admin"},"relative_dates":{"created":"Publicado 8 a\u00f1os hace","modified":"Actualizado 2 a\u00f1os hace"},"absolute_dates":{"created":"Publicado el mayo 25, 2018","modified":"Actualizado el junio 7, 2024"},"absolute_dates_time":{"created":"Publicado el mayo 25, 2018 3:41 pm","modified":"Actualizado el junio 7, 2024 4:27 pm"},"featured_img_caption":"","featured_img":false,"series_order":"","_links":{"self":[{"href":"https:\/\/sp.inovamatic.com\/es\/wp-json\/wp\/v2\/pages\/15345","targetHints":{"allow":["GET"]}}],"collection":[{"href":"https:\/\/sp.inovamatic.com\/es\/wp-json\/wp\/v2\/pages"}],"about":[{"href":"https:\/\/sp.inovamatic.com\/es\/wp-json\/wp\/v2\/types\/page"}],"author":[{"embeddable":true,"href":"https:\/\/sp.inovamatic.com\/es\/wp-json\/wp\/v2\/users\/1"}],"replies":[{"embeddable":true,"href":"https:\/\/sp.inovamatic.com\/es\/wp-json\/wp\/v2\/comments?post=15345"}],"version-history":[{"count":4,"href":"https:\/\/sp.inovamatic.com\/es\/wp-json\/wp\/v2\/pages\/15345\/revisions"}],"predecessor-version":[{"id":18947,"href":"https:\/\/sp.inovamatic.com\/es\/wp-json\/wp\/v2\/pages\/15345\/revisions\/18947"}],"wp:attachment":[{"href":"https:\/\/sp.inovamatic.com\/es\/wp-json\/wp\/v2\/media?parent=15345"}],"curies":[{"name":"wp","href":"https:\/\/api.w.org\/{rel}","templated":true}]}}