{"id":15341,"date":"2018-05-25T15:47:04","date_gmt":"2018-05-25T14:47:04","guid":{"rendered":"https:\/\/sensorpoint.pt\/sistemas-de-detecao-de-incendio\/"},"modified":"2022-07-12T18:56:40","modified_gmt":"2022-07-12T17:56:40","slug":"sistemas-de-deteccion-de-incendios","status":"publish","type":"page","link":"https:\/\/sp.inovamatic.com\/es\/sistemas-de-deteccion-de-incendios\/","title":{"rendered":"Sistemas de Detecci\u00f3n de Incendios"},"content":{"rendered":"<p>[vc_row parallax=&#8221;content-moving-fade&#8221; parallax_image=&#8221;3416&#8243; css=&#8221;.vc_custom_1527259623043{padding-top: 160px !important;padding-bottom: 220px !important;background-image: url(https:\/\/www.sensorpoint.pt\/wp-content\/uploads\/2018\/05\/fire-slider2.jpg?id=3901) !important;}&#8221;][vc_column][vc_custom_heading text=&#8221;Sistemas de Detecci\u00f3n de Incendios&#8221; font_container=&#8221;tag:h1|font_size:44px|text_align:center|color:%23ffffff&#8221; use_theme_fonts=&#8221;yes&#8221; el_class=&#8221;section-heading&#8221;][\/vc_column][\/vc_row][vc_row css=&#8221;.vc_custom_1475934235598{padding-top: 80px !important;padding-bottom: 100px !important;background-color: #ffffff !important;}&#8221;][vc_column][vc_row_inner el_class=&#8221;container&#8221; css=&#8221;.vc_custom_1475933788716{margin-bottom: 60px !important;}&#8221;][vc_column_inner][vc_custom_heading text=&#8221;Todos los d\u00edas escuchamos noticias sobre empresas y familias que ven el legado que tantos a\u00f1os y esfuerzo les ha costado conseguir, y que de un momento a otro se reducen a cenizas.<br \/>\nSin embargo, todo empeora cuando se pierden vidas.<\/p>\n<p>Con la implementaci\u00f3n de un sistema de detecci\u00f3n de incendios estas pesadillas desaparecen.<\/p>\n<p>Un sistema de detecci\u00f3n de incendios es responsable de detectar un incendio en una etapa temprana de una manera r\u00e1pida y confiable. Estos sistemas, adem\u00e1s de disparar la alarma, tambi\u00e9n desencadenan una serie de procesos de activaci\u00f3n que evitan la propagaci\u00f3n del fuego, como la compartimentaci\u00f3n, activaci\u00f3n de sistemas de extinci\u00f3n, etc.<\/p>\n<p>Nuestra gama de productos es adecuada para la mayor\u00eda de las instalaciones del mercado, desde peque\u00f1as a grandes instalaciones y desde simples instalaciones comerciales hasta instalaciones industriales m\u00e1s complejas.&#8221; font_container=&#8221;tag:h4|text_align:justify|color:%23999999|line_height:28px&#8221; use_theme_fonts=&#8221;yes&#8221;][\/vc_column_inner][\/vc_row_inner][vc_row_inner equal_height=&#8221;yes&#8221; content_placement=&#8221;middle&#8221; gap=&#8221;35&#8243; el_class=&#8221;container&#8221; css=&#8221;.vc_custom_1533212107588{margin-bottom: 60px !important;}&#8221;][vc_column_inner width=&#8221;1\/2&#8243;][vc_single_image image=&#8221;4789&#8243; img_size=&#8221;full&#8221; alignment=&#8221;center&#8221;][\/vc_column_inner][vc_column_inner width=&#8221;1\/2&#8243;][vc_custom_heading text=&#8221;Tyco&#8221; font_container=&#8221;tag:h2|font_size:45px|text_align:left|color:%234367a1|line_height:45px&#8221; google_fonts=&#8221;font_family:Lato%3A100%2C100italic%2C300%2C300italic%2Cregular%2Citalic%2C700%2C700italic%2C900%2C900italic|font_style:300%20light%20regular%3A300%3Anormal&#8221; css=&#8221;.vc_custom_1533212241840{margin-bottom: 0px !important;}&#8221;][vc_custom_heading text=&#8221;Simplex&#8221; font_container=&#8221;tag:h2|font_size:45px|text_align:left|color:%234367a1|line_height:45px&#8221; google_fonts=&#8221;font_family:Lato%3A100%2C100italic%2C300%2C300italic%2Cregular%2Citalic%2C700%2C700italic%2C900%2C900italic|font_style:700%20bold%20regular%3A700%3Anormal&#8221; css=&#8221;.vc_custom_1533212250391{margin-top: 0px !important;}&#8221;][vc_raw_html]JTNDZGl2JTIwY2xhc3MlM0QlMjJsaW5lLTMtMTAwLWF6dWwlMjIlM0UlM0MlMkZkaXYlM0U=[\/vc_raw_html][vc_column_text]<\/p>\n<div align=\"justify\">\n<p>Es una empresa norteamericana centenaria, que actualmente forma parte del grupo Tyco, l\u00edder mundial en la fabricaci\u00f3n de sistemas de detecci\u00f3n de incendios basados \u200b\u200ben est\u00e1ndares UL.<\/p>\n<p>Al no ser un producto est\u00e1ndar para Europa, donde el mercado exige otros est\u00e1ndares, es una l\u00ednea de productos que se adapta a mercados donde tambi\u00e9n se requieren o toleran m\u00e1s f\u00e1cilmente los Est\u00e1ndares UL, como algunos mercados en los continentes africano y asi\u00e1tico donde Sensorpoint tambi\u00e9n opera.<\/p>\n<p><a href=\"https:\/\/simplex-fire.com\/en\/us\/Pages\/default.aspx\" target=\"_blank\" rel=\"noopener noreferrer\">P\u00e1gina del fabricante<\/a><\/p>\n<\/div>\n<p>[\/vc_column_text][\/vc_column_inner][\/vc_row_inner][vc_row_inner equal_height=&#8221;yes&#8221; content_placement=&#8221;middle&#8221; gap=&#8221;35&#8243; el_class=&#8221;container&#8221; css=&#8221;.vc_custom_1533212107588{margin-bottom: 60px !important;}&#8221;][vc_column_inner width=&#8221;1\/2&#8243;][vc_single_image image=&#8221;4784&#8243; img_size=&#8221;full&#8221; alignment=&#8221;center&#8221;][\/vc_column_inner][vc_column_inner width=&#8221;1\/2&#8243;][vc_custom_heading text=&#8221;Tyco&#8221; font_container=&#8221;tag:h2|font_size:45px|text_align:left|color:%234367a1|line_height:45px&#8221; google_fonts=&#8221;font_family:Lato%3A100%2C100italic%2C300%2C300italic%2Cregular%2Citalic%2C700%2C700italic%2C900%2C900italic|font_style:300%20light%20regular%3A300%3Anormal&#8221; css=&#8221;.vc_custom_1533212241840{margin-bottom: 0px !important;}&#8221;][vc_custom_heading text=&#8221;Zettler&#8221; font_container=&#8221;tag:h2|font_size:45px|text_align:left|color:%234367a1|line_height:45px&#8221; google_fonts=&#8221;font_family:Lato%3A100%2C100italic%2C300%2C300italic%2Cregular%2Citalic%2C700%2C700italic%2C900%2C900italic|font_style:700%20bold%20regular%3A700%3Anormal&#8221; css=&#8221;.vc_custom_1533212250391{margin-top: 0px !important;}&#8221;][vc_raw_html]JTNDZGl2JTIwY2xhc3MlM0QlMjJsaW5lLTMtMTAwLWF6dWwlMjIlM0UlM0MlMkZkaXYlM0U=[\/vc_raw_html][vc_column_text]<\/p>\n<div align=\"justify\">\n<p>Con m\u00e1s de 100 a\u00f1os desarrollando tecnolog\u00edas para la detecci\u00f3n de incendios, es la marca m\u00e1s importante del grupo Tyco dedicada al mercado europeo.<\/p>\n<p>Actualmente produce una gama completa de productos seg\u00fan las normas EN54 y certificaciones v\u00e1lidas para todos los pa\u00edses europeos, destacando las m\u00e1s exigentes, como LPCB, VdS e incluso certificaciones NF en algunas de sus variantes, muy importantes tambi\u00e9n en Pa\u00edses. franc\u00f3fonos en \u00c1frica, mercados donde opera Sensorpoint.<\/p>\n<p><a href=\"http:\/\/www.zettlerfire.com\/\" target=\"_blank\" rel=\"noopener noreferrer\">P\u00e1gina del fabricante<\/a><\/p>\n<\/div>\n<p>[\/vc_column_text][\/vc_column_inner][\/vc_row_inner][vc_row_inner equal_height=&#8221;yes&#8221; content_placement=&#8221;middle&#8221; gap=&#8221;35&#8243; el_class=&#8221;container&#8221; css=&#8221;.vc_custom_1533212107588{margin-bottom: 60px !important;}&#8221;][vc_column_inner width=&#8221;1\/2&#8243;][vc_single_image image=&#8221;4798&#8243; img_size=&#8221;full&#8221; alignment=&#8221;center&#8221;][\/vc_column_inner][vc_column_inner width=&#8221;1\/2&#8243;][vc_custom_heading text=&#8221;Tyco&#8221; font_container=&#8221;tag:h2|font_size:45px|text_align:left|color:%234367a1|line_height:45px&#8221; google_fonts=&#8221;font_family:Lato%3A100%2C100italic%2C300%2C300italic%2Cregular%2Citalic%2C700%2C700italic%2C900%2C900italic|font_style:300%20light%20regular%3A300%3Anormal&#8221; css=&#8221;.vc_custom_1533212241840{margin-bottom: 0px !important;}&#8221;][vc_custom_heading text=&#8221;Fireclass&#8221; font_container=&#8221;tag:h2|font_size:45px|text_align:left|color:%234367a1|line_height:45px&#8221; google_fonts=&#8221;font_family:Lato%3A100%2C100italic%2C300%2C300italic%2Cregular%2Citalic%2C700%2C700italic%2C900%2C900italic|font_style:700%20bold%20regular%3A700%3Anormal&#8221; css=&#8221;.vc_custom_1533212250391{margin-top: 0px !important;}&#8221;][vc_raw_html]JTNDZGl2JTIwY2xhc3MlM0QlMjJsaW5lLTMtMTAwLWF6dWwlMjIlM0UlM0MlMkZkaXYlM0U=[\/vc_raw_html][vc_column_text]<\/p>\n<div align=\"justify\">\n<p>A pesar de su reciente aparici\u00f3n en el mercado europeo, esta marca perteneciente al grupo Tyco, aporta una enorme experiencia en la producci\u00f3n de productos de seguridad contra incendios.<\/p>\n<p>La l\u00ednea de productos Fireclass ha sido especialmente dise\u00f1ada para sistemas peque\u00f1os y medianos donde las especificaciones t\u00e9cnicas no son muy exigentes, pero su calidad y fiabilidad son de suma importancia.<\/p>\n<p><a href=\"https:\/\/fireclass.co.uk\/\" target=\"_blank\" rel=\"noopener noreferrer\">P\u00e1gina del fabricante<\/a><\/p>\n<\/div>\n<p>[\/vc_column_text][\/vc_column_inner][\/vc_row_inner][vc_row_inner equal_height=&#8221;yes&#8221; content_placement=&#8221;middle&#8221; gap=&#8221;35&#8243; el_class=&#8221;container&#8221; css=&#8221;.vc_custom_1533212107588{margin-bottom: 60px !important;}&#8221;][vc_column_inner width=&#8221;1\/2&#8243;][vc_single_image image=&#8221;4820&#8243; img_size=&#8221;full&#8221; alignment=&#8221;center&#8221;][\/vc_column_inner][vc_column_inner width=&#8221;1\/2&#8243;][vc_custom_heading text=&#8221;&#8221; font_container=&#8221;tag:h2|font_size:45px|text_align:left|color:%234367a1|line_height:45px&#8221; google_fonts=&#8221;font_family:Lato%3A100%2C100italic%2C300%2C300italic%2Cregular%2Citalic%2C700%2C700italic%2C900%2C900italic|font_style:300%20light%20regular%3A300%3Anormal&#8221; css=&#8221;.vc_custom_1533212241840{margin-bottom: 0px !important;}&#8221;][vc_custom_heading text=&#8221;Siemens&#8221; font_container=&#8221;tag:h2|font_size:45px|text_align:left|color:%234367a1|line_height:45px&#8221; google_fonts=&#8221;font_family:Lato%3A100%2C100italic%2C300%2C300italic%2Cregular%2Citalic%2C700%2C700italic%2C900%2C900italic|font_style:700%20bold%20regular%3A700%3Anormal&#8221; css=&#8221;.vc_custom_1533212250391{margin-top: 0px !important;}&#8221;][vc_raw_html]JTNDZGl2JTIwY2xhc3MlM0QlMjJsaW5lLTMtMTAwLWF6dWwlMjIlM0UlM0MlMkZkaXYlM0U=[\/vc_raw_html][vc_column_text]<\/p>\n<div align=\"justify\">\n<p>La marca global de productos de gesti\u00f3n y producci\u00f3n de energ\u00eda, as\u00ed como la gesti\u00f3n de edificios, tambi\u00e9n es conocida por sus sistemas de seguridad contra incendios.<\/p>\n<p>Esta l\u00ednea de productos, basada en est\u00e1ndares europeos y exigentes est\u00e1ndares VdS, tiene una gama muy amplia que se adapta desde peque\u00f1os a grandes edificios.<\/p>\n<p><a href=\"https:\/\/www.buildingtechnologies.siemens.com\/bt\/global\/en\/firesafety\/fire-detection\/cerberus-pro-fire-safety-system\/Pages\/cerberus-pro.aspx\" target=\"_blank\" rel=\"noopener noreferrer\">P\u00e1gina del fabricante<\/a><\/p>\n<\/div>\n<p>[\/vc_column_text][\/vc_column_inner][\/vc_row_inner][vc_row_inner equal_height=&#8221;yes&#8221; content_placement=&#8221;middle&#8221; gap=&#8221;35&#8243; el_class=&#8221;container&#8221; css=&#8221;.vc_custom_1533212107588{margin-bottom: 60px !important;}&#8221;][vc_column_inner width=&#8221;1\/2&#8243;][vc_single_image image=&#8221;4821&#8243; img_size=&#8221;full&#8221; alignment=&#8221;center&#8221;][\/vc_column_inner][vc_column_inner width=&#8221;1\/2&#8243;][vc_custom_heading text=&#8221;&#8221; font_container=&#8221;tag:h2|font_size:45px|text_align:left|color:%234367a1|line_height:45px&#8221; google_fonts=&#8221;font_family:Lato%3A100%2C100italic%2C300%2C300italic%2Cregular%2Citalic%2C700%2C700italic%2C900%2C900italic|font_style:300%20light%20regular%3A300%3Anormal&#8221; css=&#8221;.vc_custom_1533212241840{margin-bottom: 0px !important;}&#8221;][vc_custom_heading text=&#8221;Aritech&#8221; font_container=&#8221;tag:h2|font_size:45px|text_align:left|color:%234367a1|line_height:45px&#8221; google_fonts=&#8221;font_family:Lato%3A100%2C100italic%2C300%2C300italic%2Cregular%2Citalic%2C700%2C700italic%2C900%2C900italic|font_style:700%20bold%20regular%3A700%3Anormal&#8221; css=&#8221;.vc_custom_1533212250391{margin-top: 0px !important;}&#8221;][vc_raw_html]JTNDZGl2JTIwY2xhc3MlM0QlMjJsaW5lLTMtMTAwLWF6dWwlMjIlM0UlM0MlMkZkaXYlM0U=[\/vc_raw_html][vc_column_text]<\/p>\n<div align=\"justify\">\n<p>Una marca de productos de seguridad, del grupo UTC de Am\u00e9rica del Norte, que integra una amplia cartera de productos que son realmente populares en todo el mundo.<\/p>\n<p>Los sistemas de intrusi\u00f3n de Aritech son efectivamente los m\u00e1s utilizados en todo el mundo, pero su gama de productos tambi\u00e9n se extiende al control de acceso, CCTV y sistemas de detecci\u00f3n de incendios.<\/p>\n<p><a href=\"https:\/\/www.utcfssecurityproductspages.eu\/PT\/products.php?cd=1\" target=\"_blank\" rel=\"noopener noreferrer\">P\u00e1gina del fabricante<\/a><\/p>\n<\/div>\n<p>[\/vc_column_text][\/vc_column_inner][\/vc_row_inner][vc_row_inner equal_height=&#8221;yes&#8221; content_placement=&#8221;middle&#8221; gap=&#8221;35&#8243; el_class=&#8221;container&#8221; css=&#8221;.vc_custom_1533212107588{margin-bottom: 60px !important;}&#8221;][vc_column_inner width=&#8221;1\/2&#8243;][vc_single_image image=&#8221;5056&#8243; img_size=&#8221;full&#8221; alignment=&#8221;center&#8221;][\/vc_column_inner][vc_column_inner width=&#8221;1\/2&#8243;][vc_custom_heading text=&#8221;&#8221; font_container=&#8221;tag:h2|font_size:45px|text_align:left|color:%234367a1|line_height:45px&#8221; google_fonts=&#8221;font_family:Lato%3A100%2C100italic%2C300%2C300italic%2Cregular%2Citalic%2C700%2C700italic%2C900%2C900italic|font_style:300%20light%20regular%3A300%3Anormal&#8221; css=&#8221;.vc_custom_1533212241840{margin-bottom: 0px !important;}&#8221;][vc_custom_heading text=&#8221;Vesda&#8221; font_container=&#8221;tag:h2|font_size:45px|text_align:left|color:%234367a1|line_height:45px&#8221; google_fonts=&#8221;font_family:Lato%3A100%2C100italic%2C300%2C300italic%2Cregular%2Citalic%2C700%2C700italic%2C900%2C900italic|font_style:700%20bold%20regular%3A700%3Anormal&#8221; css=&#8221;.vc_custom_1533634707268{margin-top: 0px !important;}&#8221;][vc_raw_html]JTNDZGl2JTIwY2xhc3MlM0QlMjJsaW5lLTMtMTAwLWF6dWwlMjIlM0UlM0MlMkZkaXYlM0U=[\/vc_raw_html][vc_column_text]<\/p>\n<div align=\"justify\">\n<p>Marca de productos de seguridad, del grupo norteamericano Honeywell, que integra un amplio portafolio de productos para Detecci\u00f3n de Incendios por Aspiraci\u00f3n.<\/p>\n<p><a href=\"https:\/\/xtralis.com\/p.cfm?s=22&amp;p=538\" target=\"_blank\" rel=\"noopener noreferrer\">P\u00e1gina del fabricante<\/a><\/p>\n<\/div>\n<p>[\/vc_column_text][\/vc_column_inner][\/vc_row_inner][vc_row_inner equal_height=&#8221;yes&#8221; content_placement=&#8221;middle&#8221; gap=&#8221;35&#8243; el_class=&#8221;container&#8221; css=&#8221;.vc_custom_1533212107588{margin-bottom: 60px !important;}&#8221;][vc_column_inner width=&#8221;1\/2&#8243;][vc_single_image image=&#8221;5131&#8243; img_size=&#8221;full&#8221; alignment=&#8221;center&#8221;][\/vc_column_inner][vc_column_inner width=&#8221;1\/2&#8243;][vc_custom_heading text=&#8221;&#8221; font_container=&#8221;tag:h2|font_size:45px|text_align:left|color:%234367a1|line_height:45px&#8221; google_fonts=&#8221;font_family:Lato%3A100%2C100italic%2C300%2C300italic%2Cregular%2Citalic%2C700%2C700italic%2C900%2C900italic|font_style:300%20light%20regular%3A300%3Anormal&#8221; css=&#8221;.vc_custom_1533212241840{margin-bottom: 0px !important;}&#8221;][vc_custom_heading text=&#8221;OSID&#8221; font_container=&#8221;tag:h2|font_size:45px|text_align:left|color:%234367a1|line_height:45px&#8221; google_fonts=&#8221;font_family:Lato%3A100%2C100italic%2C300%2C300italic%2Cregular%2Citalic%2C700%2C700italic%2C900%2C900italic|font_style:700%20bold%20regular%3A700%3Anormal&#8221; css=&#8221;.vc_custom_1574243241779{margin-top: 0px !important;}&#8221;][vc_raw_html]JTNDZGl2JTIwY2xhc3MlM0QlMjJsaW5lLTMtMTAwLWF6dWwlMjIlM0UlM0MlMkZkaXYlM0U=[\/vc_raw_html][vc_column_text]<\/p>\n<div align=\"justify\">\n<p>Marca de productos de seguridad, del grupo norteamericano Honeywell, que integra un amplio portafolio de productos de detecci\u00f3n de incendios con detectores lineales.<\/p>\n<p><a href=\"https:\/\/xtralis.com\/product_view.cfm?product_id=67\" target=\"_blank\" rel=\"noopener noreferrer\">P\u00e1gina del fabricante<\/a><\/p>\n<\/div>\n<p>[\/vc_column_text][\/vc_column_inner][\/vc_row_inner][vc_row_inner equal_height=&#8221;yes&#8221; content_placement=&#8221;middle&#8221; gap=&#8221;35&#8243; el_class=&#8221;container&#8221; css=&#8221;.vc_custom_1533212107588{margin-bottom: 60px !important;}&#8221;][vc_column_inner width=&#8221;1\/2&#8243;][vc_single_image image=&#8221;15851&#8243; img_size=&#8221;full&#8221; alignment=&#8221;center&#8221;][\/vc_column_inner][vc_column_inner width=&#8221;1\/2&#8243;][vc_custom_heading text=&#8221;Honeywell&#8221; font_container=&#8221;tag:h2|font_size:45px|text_align:left|color:%234367a1|line_height:45px&#8221; google_fonts=&#8221;font_family:Lato%3A100%2C100italic%2C300%2C300italic%2Cregular%2Citalic%2C700%2C700italic%2C900%2C900italic|font_style:300%20light%20regular%3A300%3Anormal&#8221; css=&#8221;.vc_custom_1600268673632{margin-bottom: 0px !important;}&#8221;][vc_custom_heading text=&#8221;ESSER&#8221; font_container=&#8221;tag:h2|font_size:45px|text_align:left|color:%234367a1|line_height:45px&#8221; google_fonts=&#8221;font_family:Lato%3A100%2C100italic%2C300%2C300italic%2Cregular%2Citalic%2C700%2C700italic%2C900%2C900italic|font_style:700%20bold%20regular%3A700%3Anormal&#8221; css=&#8221;.vc_custom_1600268677875{margin-top: 0px !important;}&#8221;][vc_raw_html]JTNDZGl2JTIwY2xhc3MlM0QlMjJsaW5lLTMtMTAwLWF6dWwlMjIlM0UlM0MlMkZkaXYlM0U=[\/vc_raw_html][vc_column_text]<\/p>\n<div align=\"justify\">\n<p>La competencia y la innovaci\u00f3n en consonancia con las necesidades del mercado y la orientaci\u00f3n al cliente han dado forma al desarrollo exitoso de la marca Esser durante m\u00e1s de 30 a\u00f1os. La amplia gama de productos nos ha permitido mantener posiciones de liderazgo en el mercado de la tecnolog\u00eda de detecci\u00f3n de incendios con prestaciones para soluciones \u00fanicas, individuales o con sistemas integrables. De esta manera, es posible la planificaci\u00f3n y ejecuci\u00f3n de un concepto de protecci\u00f3n contra incendios para cada necesidad con productos \u00f3ptimamente adaptados.<\/p>\n<p><a href=\"https:\/\/www.esser-systems.com\/en\/index\/\" target=\"_blank\" rel=\"noopener noreferrer\">P\u00e1gina del fabricante<\/a><\/p>\n<\/div>\n<p>[\/vc_column_text][\/vc_column_inner][\/vc_row_inner][vc_row_inner equal_height=&#8221;yes&#8221; content_placement=&#8221;middle&#8221; gap=&#8221;35&#8243; el_class=&#8221;container&#8221; css=&#8221;.vc_custom_1533212107588{margin-bottom: 60px !important;}&#8221;][vc_column_inner width=&#8221;1\/2&#8243;][vc_single_image image=&#8221;15856&#8243; img_size=&#8221;full&#8221; alignment=&#8221;center&#8221;][\/vc_column_inner][vc_column_inner width=&#8221;1\/2&#8243;][vc_custom_heading text=&#8221;Honeywell&#8221; font_container=&#8221;tag:h2|font_size:45px|text_align:left|color:%234367a1|line_height:45px&#8221; google_fonts=&#8221;font_family:Lato%3A100%2C100italic%2C300%2C300italic%2Cregular%2Citalic%2C700%2C700italic%2C900%2C900italic|font_style:300%20light%20regular%3A300%3Anormal&#8221; css=&#8221;.vc_custom_1600268673632{margin-bottom: 0px !important;}&#8221;][vc_custom_heading text=&#8221;NOTIFIER&#8221; font_container=&#8221;tag:h2|font_size:45px|text_align:left|color:%234367a1|line_height:45px&#8221; google_fonts=&#8221;font_family:Lato%3A100%2C100italic%2C300%2C300italic%2Cregular%2Citalic%2C700%2C700italic%2C900%2C900italic|font_style:700%20bold%20regular%3A700%3Anormal&#8221; css=&#8221;.vc_custom_1600268764871{margin-top: 0px !important;}&#8221;][vc_raw_html]JTNDZGl2JTIwY2xhc3MlM0QlMjJsaW5lLTMtMTAwLWF6dWwlMjIlM0UlM0MlMkZkaXYlM0U=[\/vc_raw_html][vc_column_text]<\/p>\n<div align=\"justify\">\n<p>NOTIFIER de Honeywell, parte de Honeywell International Inc, una empresa Fortune 500, es uno de los principales fabricantes y proveedores de equipos para sistemas de detecci\u00f3n de incendios del mundo.<\/p>\n<p>NOTIFIER fue pionero en la pol\u00edtica de desarrollo de sofisticados sistemas de detecci\u00f3n de incendios con tecnolog\u00eda avanzada, desde productos convencionales simples hasta grandes sistemas inteligentes de varios paneles en red.<\/p>\n<p>NOTIFIER by Honeywell est\u00e1 comprometido con los m\u00e1s altos est\u00e1ndares de calidad de servicio y producto de acuerdo con las necesidades de un negocio de seguridad contra incendios y, por supuesto, nuestras operaciones est\u00e1n acreditadas por ISO 9001 y nuestros productos cuentan con aprobaciones mundiales, como LPCB, Vds, UL, ULC y BOSEC \/ ANPI, etc.<\/p>\n<p><a href=\"https:\/\/www.notifierfiresystems.co.uk\/\" target=\"_blank\" rel=\"noopener noreferrer\">P\u00e1gina del fabricante<\/a><\/p>\n<\/div>\n<p>[\/vc_column_text][\/vc_column_inner][\/vc_row_inner][vc_row_inner equal_height=&#8221;yes&#8221; content_placement=&#8221;middle&#8221; gap=&#8221;35&#8243; el_class=&#8221;container&#8221; css=&#8221;.vc_custom_1533212107588{margin-bottom: 60px !important;}&#8221;][vc_column_inner width=&#8221;1\/2&#8243;][vc_single_image image=&#8221;15861&#8243; img_size=&#8221;full&#8221; alignment=&#8221;center&#8221;][\/vc_column_inner][vc_column_inner width=&#8221;1\/2&#8243;][vc_custom_heading text=&#8221;Honeywell&#8221; font_container=&#8221;tag:h2|font_size:45px|text_align:left|color:%234367a1|line_height:45px&#8221; google_fonts=&#8221;font_family:Lato%3A100%2C100italic%2C300%2C300italic%2Cregular%2Citalic%2C700%2C700italic%2C900%2C900italic|font_style:300%20light%20regular%3A300%3Anormal&#8221; css=&#8221;.vc_custom_1600268673632{margin-bottom: 0px !important;}&#8221;][vc_custom_heading text=&#8221;Morley&#8221; font_container=&#8221;tag:h2|font_size:45px|text_align:left|color:%234367a1|line_height:45px&#8221; google_fonts=&#8221;font_family:Lato%3A100%2C100italic%2C300%2C300italic%2Cregular%2Citalic%2C700%2C700italic%2C900%2C900italic|font_style:700%20bold%20regular%3A700%3Anormal&#8221; css=&#8221;.vc_custom_1600268902526{margin-top: 0px !important;}&#8221;][vc_raw_html]JTNDZGl2JTIwY2xhc3MlM0QlMjJsaW5lLTMtMTAwLWF6dWwlMjIlM0UlM0MlMkZkaXYlM0U=[\/vc_raw_html][vc_column_text]<\/p>\n<div align=\"justify\">\n<p>MorleyIAS pertene al grupo Honeywell que figura en el listado Fortune 100 y es una empresa l\u00edder en fabricaci\u00f3n y tecnolog\u00eda diversificada que ofrece servicio a sus clientes en todo el mundo con productos aeroespaciales; tecnolog\u00edas para el control de edificios, viviendas e industria; productos automotrices, turbocompresores y materiales especializados.<br \/>\nCon sede en Morris Township (Nueva Jersey), las acciones de Honeywell cotizan en la bolsa de Nueva York, Londres y Chicago.<\/p>\n<p>Por su calidad y versatilidad, es la marca elegida por compa\u00f1\u00edas instaladoras y distribuidoras de protecci\u00f3n contra incendios y seguridad en todo el mundo.<\/p>\n<p>En la Pen\u00ednsula Ib\u00e9rica forma parte de Honeywell Life Safety Iberia, siendo una marca que manteniendo los habituales criterios de calidad y tecnolog\u00eda del grupo, se dirige a todos los profesionales del mercado de la protecci\u00f3n contra incendios, seleccionando la gama de productos m\u00e1s utilizados en una instalaci\u00f3n de detecci\u00f3n de incendios, lo que redunda en una reducci\u00f3n de los costes con una relaci\u00f3n calidad-precio excelente.<\/p>\n<p><a href=\"https:\/\/www.morley-ias.co.uk\/\" target=\"_blank\" rel=\"noopener noreferrer\">P\u00e1gina del fabricante<\/a><\/p>\n<\/div>\n<p>[\/vc_column_text][\/vc_column_inner][\/vc_row_inner][\/vc_column][\/vc_row]<\/p>\n","protected":false},"excerpt":{"rendered":"<p>[vc_row parallax=&#8221;content-moving-fade&#8221; parallax_image=&#8221;3416&#8243; css=&#8221;.vc_custom_1527259623043{padding-top: 160px !important;padding-bottom: 220px !important;background-image: url(https:\/\/www.sensorpoint.pt\/wp-content\/uploads\/2018\/05\/fire-slider2.jpg?id=3901) !important;}&#8221;][vc_column][vc_custom_heading text=&#8221;Sistemas de Detecci\u00f3n de Incendios&#8221; font_container=&#8221;tag:h1|font_size:44px|text_align:center|color:%23ffffff&#8221; use_theme_fonts=&#8221;yes&#8221; el_class=&#8221;section-heading&#8221;][\/vc_column][\/vc_row][vc_row css=&#8221;.vc_custom_1475934235598{padding-top: 80px !important;padding-bottom: 100px !important;background-color: [&hellip;]<\/p>\n","protected":false},"author":1,"featured_media":0,"parent":0,"menu_order":0,"comment_status":"closed","ping_status":"closed","template":"","meta":{"advgb_blocks_editor_width":"","advgb_blocks_columns_visual_guide":"","footnotes":""},"class_list":["post-15341","page","type-page","status-publish","hentry"],"coauthors":[],"author_meta":{"author_link":"https:\/\/sp.inovamatic.com\/es\/author\/miguelmailribeiro_h017r696\/","display_name":"admin"},"relative_dates":{"created":"Publicado 8 a\u00f1os hace","modified":"Actualizado 4 a\u00f1os hace"},"absolute_dates":{"created":"Publicado el mayo 25, 2018","modified":"Actualizado el julio 12, 2022"},"absolute_dates_time":{"created":"Publicado el mayo 25, 2018 3:47 pm","modified":"Actualizado el julio 12, 2022 6:56 pm"},"featured_img_caption":"","featured_img":false,"series_order":"","_links":{"self":[{"href":"https:\/\/sp.inovamatic.com\/es\/wp-json\/wp\/v2\/pages\/15341","targetHints":{"allow":["GET"]}}],"collection":[{"href":"https:\/\/sp.inovamatic.com\/es\/wp-json\/wp\/v2\/pages"}],"about":[{"href":"https:\/\/sp.inovamatic.com\/es\/wp-json\/wp\/v2\/types\/page"}],"author":[{"embeddable":true,"href":"https:\/\/sp.inovamatic.com\/es\/wp-json\/wp\/v2\/users\/1"}],"replies":[{"embeddable":true,"href":"https:\/\/sp.inovamatic.com\/es\/wp-json\/wp\/v2\/comments?post=15341"}],"version-history":[{"count":5,"href":"https:\/\/sp.inovamatic.com\/es\/wp-json\/wp\/v2\/pages\/15341\/revisions"}],"predecessor-version":[{"id":15916,"href":"https:\/\/sp.inovamatic.com\/es\/wp-json\/wp\/v2\/pages\/15341\/revisions\/15916"}],"wp:attachment":[{"href":"https:\/\/sp.inovamatic.com\/es\/wp-json\/wp\/v2\/media?parent=15341"}],"curies":[{"name":"wp","href":"https:\/\/api.w.org\/{rel}","templated":true}]}}