{"id":15335,"date":"2018-05-25T15:52:39","date_gmt":"2018-05-25T14:52:39","guid":{"rendered":"https:\/\/sensorpoint.pt\/sistemas-de-comunicacoes-de-emergencia\/"},"modified":"2020-09-09T14:41:15","modified_gmt":"2020-09-09T13:41:15","slug":"sistemas-de-comunicaciones-de-emergencia","status":"publish","type":"page","link":"https:\/\/sp.inovamatic.com\/es\/sistemas-de-comunicaciones-de-emergencia\/","title":{"rendered":"Sistemas de Comunicaciones de Emergencia"},"content":{"rendered":"<p>[vc_row parallax=&#8221;content-moving-fade&#8221; parallax_image=&#8221;3416&#8243; css=&#8221;.vc_custom_1527259959584{padding-top: 160px !important;padding-bottom: 220px !important;background-image: url(https:\/\/www.sensorpoint.pt\/wp-content\/uploads\/2018\/05\/medicall1.jpg?id=3909) !important;}&#8221;][vc_column][vc_custom_heading text=&#8221;Sistemas de Comunicaciones de Emergencia&#8221; font_container=&#8221;tag:h1|font_size:44px|text_align:center|color:%23ffffff&#8221; use_theme_fonts=&#8221;yes&#8221; el_class=&#8221;section-heading&#8221;][\/vc_column][\/vc_row][vc_row css=&#8221;.vc_custom_1475934235598{padding-top: 80px !important;padding-bottom: 100px !important;background-color: #ffffff !important;}&#8221;][vc_column][vc_row_inner el_class=&#8221;container&#8221; css=&#8221;.vc_custom_1475933788716{margin-bottom: 60px !important;}&#8221;][vc_column_inner][vc_custom_heading text=&#8221;Sistema de Comunicaciones de Emergencia para Hospitales, Hogares, Prisiones y Hoteles.<\/p>\n<p>La demanda de atenci\u00f3n m\u00e9dica o asistencia a las personas mayores ha crecido significativamente en los \u00faltimos a\u00f1os. Esta creciente demanda de servicios tambi\u00e9n va acompa\u00f1ada de un mayor nivel de demanda en relaci\u00f3n a la calidad de los servicios prestados y la atenci\u00f3n prestada a los Clientes.<\/p>\n<p>Nuestros sistemas de comunicaciones de emergencia son una clara respuesta a esta demanda ya que permiten una interactividad total entre los clientes y los m\u00e9dicos o asistentes.<\/p>\n<p>Adaptados a los hoteles, estos sistemas permiten a los clientes controlar de forma r\u00e1pida y segura las solicitudes de ayuda, especialmente en los casos en los que tienen movilidad reducida.&#8221; font_container=&#8221;tag:h4|text_align:justify|color:%23999999|line_height:28px&#8221; use_theme_fonts=&#8221;yes&#8221;][\/vc_column_inner][\/vc_row_inner][vc_row_inner equal_height=&#8221;yes&#8221; content_placement=&#8221;middle&#8221; gap=&#8221;35&#8243; el_class=&#8221;container&#8221; css=&#8221;.vc_custom_1533212107588{margin-bottom: 60px !important;}&#8221;][vc_column_inner width=&#8221;1\/2&#8243;][vc_single_image image=&#8221;5466&#8243; img_size=&#8221;full&#8221; alignment=&#8221;center&#8221;][\/vc_column_inner][vc_column_inner width=&#8221;1\/2&#8243;][vc_custom_heading text=&#8221;Tyco&#8221; font_container=&#8221;tag:h2|font_size:45px|text_align:left|color:%234367a1|line_height:45px&#8221; google_fonts=&#8221;font_family:Lato%3A100%2C100italic%2C300%2C300italic%2Cregular%2Citalic%2C700%2C700italic%2C900%2C900italic|font_style:300%20light%20regular%3A300%3Anormal&#8221; css=&#8221;.vc_custom_1533212241840{margin-bottom: 0px !important;}&#8221;][vc_custom_heading text=&#8221;Zettler Medicall 800&#8243; font_container=&#8221;tag:h2|font_size:45px|text_align:left|color:%234367a1|line_height:45px&#8221; google_fonts=&#8221;font_family:Lato%3A100%2C100italic%2C300%2C300italic%2Cregular%2Citalic%2C700%2C700italic%2C900%2C900italic|font_style:700%20bold%20regular%3A700%3Anormal&#8221; css=&#8221;.vc_custom_1534170682013{margin-top: 0px !important;}&#8221;][vc_raw_html]JTNDZGl2JTIwY2xhc3MlM0QlMjJsaW5lLTMtMTAwLWF6dWwlMjIlM0UlM0MlMkZkaXYlM0U=[\/vc_raw_html][vc_column_text]<\/p>\n<div align=\"justify\">\n<p>El sistema Zettler\u00ae Medicall\u00ae 800 est\u00e1 dise\u00f1ado para brindar m\u00e1xima confiabilidad, flexibilidad, claridad, precisi\u00f3n y velocidad para las comunicaciones entre el personal de enfermer\u00eda y los pacientes. La alta flexibilidad de la tecnolog\u00eda de la red operativa local (LON\u00ae, Local Operating Network) permite que todas las partes del sistema se conecten entre s\u00ed a trav\u00e9s de un \u00fanico cable de red que permite expandir el sistema de forma modular, en cualquier momento .<\/p>\n<p><a href=\"https:\/\/www.carecom-solutions.com\/\" target=\"_blank\" rel=\"noopener noreferrer\">P\u00e1gina del fabricante<\/a><\/p>\n<\/div>\n<p>[\/vc_column_text][\/vc_column_inner][\/vc_row_inner][\/vc_column][\/vc_row]<\/p>\n","protected":false},"excerpt":{"rendered":"<p>[vc_row parallax=&#8221;content-moving-fade&#8221; parallax_image=&#8221;3416&#8243; css=&#8221;.vc_custom_1527259959584{padding-top: 160px !important;padding-bottom: 220px !important;background-image: url(https:\/\/www.sensorpoint.pt\/wp-content\/uploads\/2018\/05\/medicall1.jpg?id=3909) !important;}&#8221;][vc_column][vc_custom_heading text=&#8221;Sistemas de Comunicaciones de Emergencia&#8221; font_container=&#8221;tag:h1|font_size:44px|text_align:center|color:%23ffffff&#8221; use_theme_fonts=&#8221;yes&#8221; el_class=&#8221;section-heading&#8221;][\/vc_column][\/vc_row][vc_row css=&#8221;.vc_custom_1475934235598{padding-top: 80px !important;padding-bottom: 100px !important;background-color: [&hellip;]<\/p>\n","protected":false},"author":1,"featured_media":0,"parent":0,"menu_order":0,"comment_status":"closed","ping_status":"closed","template":"","meta":{"advgb_blocks_editor_width":"","advgb_blocks_columns_visual_guide":"","footnotes":""},"class_list":["post-15335","page","type-page","status-publish","hentry"],"coauthors":[],"author_meta":{"author_link":"https:\/\/sp.inovamatic.com\/es\/author\/miguelmailribeiro_h017r696\/","display_name":"admin"},"relative_dates":{"created":"Publicado 8 a\u00f1os hace","modified":"Actualizado 6 a\u00f1os hace"},"absolute_dates":{"created":"Publicado el mayo 25, 2018","modified":"Actualizado el septiembre 9, 2020"},"absolute_dates_time":{"created":"Publicado el mayo 25, 2018 3:52 pm","modified":"Actualizado el septiembre 9, 2020 2:41 pm"},"featured_img_caption":"","featured_img":false,"series_order":"","_links":{"self":[{"href":"https:\/\/sp.inovamatic.com\/es\/wp-json\/wp\/v2\/pages\/15335","targetHints":{"allow":["GET"]}}],"collection":[{"href":"https:\/\/sp.inovamatic.com\/es\/wp-json\/wp\/v2\/pages"}],"about":[{"href":"https:\/\/sp.inovamatic.com\/es\/wp-json\/wp\/v2\/types\/page"}],"author":[{"embeddable":true,"href":"https:\/\/sp.inovamatic.com\/es\/wp-json\/wp\/v2\/users\/1"}],"replies":[{"embeddable":true,"href":"https:\/\/sp.inovamatic.com\/es\/wp-json\/wp\/v2\/comments?post=15335"}],"version-history":[{"count":2,"href":"https:\/\/sp.inovamatic.com\/es\/wp-json\/wp\/v2\/pages\/15335\/revisions"}],"predecessor-version":[{"id":15735,"href":"https:\/\/sp.inovamatic.com\/es\/wp-json\/wp\/v2\/pages\/15335\/revisions\/15735"}],"wp:attachment":[{"href":"https:\/\/sp.inovamatic.com\/es\/wp-json\/wp\/v2\/media?parent=15335"}],"curies":[{"name":"wp","href":"https:\/\/api.w.org\/{rel}","templated":true}]}}