{"id":15331,"date":"2018-05-25T15:54:29","date_gmt":"2018-05-25T14:54:29","guid":{"rendered":"https:\/\/sensorpoint.pt\/reconhecimento-de-matriculas\/"},"modified":"2020-09-08T14:03:23","modified_gmt":"2020-09-08T13:03:23","slug":"reconocimiento-de-matriculas","status":"publish","type":"page","link":"https:\/\/sp.inovamatic.com\/es\/reconocimiento-de-matriculas\/","title":{"rendered":"Reconocimiento de Matr\u00edculas"},"content":{"rendered":"<p>[vc_row parallax=&#8221;content-moving-fade&#8221; parallax_image=&#8221;3416&#8243; css=&#8221;.vc_custom_1527260070509{padding-top: 160px !important;padding-bottom: 220px !important;background-image: url(https:\/\/www.sensorpoint.pt\/wp-content\/uploads\/2018\/05\/matriculas2.jpg?id=3915) !important;}&#8221;][vc_column][vc_custom_heading text=&#8221;Reconocimiento de Matr\u00edculas&#8221; font_container=&#8221;tag:h1|font_size:44px|text_align:center|color:%23ffffff&#8221; use_theme_fonts=&#8221;yes&#8221; el_class=&#8221;section-heading&#8221;][\/vc_column][\/vc_row][vc_row css=&#8221;.vc_custom_1475934235598{padding-top: 80px !important;padding-bottom: 100px !important;background-color: #ffffff !important;}&#8221;][vc_column][vc_row_inner el_class=&#8221;container&#8221; css=&#8221;.vc_custom_1475933788716{margin-bottom: 60px !important;}&#8221;][vc_column_inner][vc_custom_heading text=&#8221;El reconocimiento de matr\u00edculas es un m\u00e9todo de reconocimiento \u00f3ptico de caracteres para capturar im\u00e1genes y reconocer matr\u00edculas de veh\u00edculos. Estos sistemas pueden estar basados \u200b\u200ben c\u00e1maras CCTV existentes o c\u00e1maras de resoluci\u00f3n mejorada, dedicadas exclusivamente a este prop\u00f3sito.<\/p>\n<p>Las aplicaciones de estos sistemas pueden basarse en la gesti\u00f3n de una lista blanca de registros para, por ejemplo, controlar el acceso a los coches; o por lista negra para crear alertas por la presencia de potenciales usuarios asociados a pr\u00e1cticas antisociales.&#8221; font_container=&#8221;tag:h4|text_align:left|color:%23999999|line_height:28px&#8221; use_theme_fonts=&#8221;yes&#8221;]<\/p>\n<p><center><iframe loading=\"lazy\" title=\"victor and VideoEdge Version 5.0\" width=\"667\" height=\"375\" src=\"https:\/\/www.youtube.com\/embed\/ansZ2MqGxHA?feature=oembed\" frameborder=\"0\" allow=\"accelerometer; autoplay; encrypted-media; gyroscope; picture-in-picture\" allowfullscreen><\/iframe><\/p>\n<p><\/center>[\/vc_column_inner][\/vc_row_inner][\/vc_column][\/vc_row]<\/p>\n","protected":false},"excerpt":{"rendered":"<p>[vc_row parallax=&#8221;content-moving-fade&#8221; parallax_image=&#8221;3416&#8243; css=&#8221;.vc_custom_1527260070509{padding-top: 160px !important;padding-bottom: 220px !important;background-image: url(https:\/\/www.sensorpoint.pt\/wp-content\/uploads\/2018\/05\/matriculas2.jpg?id=3915) !important;}&#8221;][vc_column][vc_custom_heading text=&#8221;Reconocimiento de Matr\u00edculas&#8221; font_container=&#8221;tag:h1|font_size:44px|text_align:center|color:%23ffffff&#8221; use_theme_fonts=&#8221;yes&#8221; el_class=&#8221;section-heading&#8221;][\/vc_column][\/vc_row][vc_row css=&#8221;.vc_custom_1475934235598{padding-top: 80px !important;padding-bottom: 100px !important;background-color: #ffffff !important;}&#8221;][vc_column][vc_row_inner [&hellip;]<\/p>\n","protected":false},"author":1,"featured_media":0,"parent":0,"menu_order":0,"comment_status":"closed","ping_status":"closed","template":"","meta":{"advgb_blocks_editor_width":"","advgb_blocks_columns_visual_guide":"","footnotes":""},"class_list":["post-15331","page","type-page","status-publish","hentry"],"coauthors":[],"author_meta":{"author_link":"https:\/\/sp.inovamatic.com\/es\/author\/miguelmailribeiro_h017r696\/","display_name":"admin"},"relative_dates":{"created":"Publicado 8 a\u00f1os hace","modified":"Actualizado 6 a\u00f1os hace"},"absolute_dates":{"created":"Publicado el mayo 25, 2018","modified":"Actualizado el septiembre 8, 2020"},"absolute_dates_time":{"created":"Publicado el mayo 25, 2018 3:54 pm","modified":"Actualizado el septiembre 8, 2020 2:03 pm"},"featured_img_caption":"","featured_img":false,"series_order":"","_links":{"self":[{"href":"https:\/\/sp.inovamatic.com\/es\/wp-json\/wp\/v2\/pages\/15331","targetHints":{"allow":["GET"]}}],"collection":[{"href":"https:\/\/sp.inovamatic.com\/es\/wp-json\/wp\/v2\/pages"}],"about":[{"href":"https:\/\/sp.inovamatic.com\/es\/wp-json\/wp\/v2\/types\/page"}],"author":[{"embeddable":true,"href":"https:\/\/sp.inovamatic.com\/es\/wp-json\/wp\/v2\/users\/1"}],"replies":[{"embeddable":true,"href":"https:\/\/sp.inovamatic.com\/es\/wp-json\/wp\/v2\/comments?post=15331"}],"version-history":[{"count":2,"href":"https:\/\/sp.inovamatic.com\/es\/wp-json\/wp\/v2\/pages\/15331\/revisions"}],"predecessor-version":[{"id":15700,"href":"https:\/\/sp.inovamatic.com\/es\/wp-json\/wp\/v2\/pages\/15331\/revisions\/15700"}],"wp:attachment":[{"href":"https:\/\/sp.inovamatic.com\/es\/wp-json\/wp\/v2\/media?parent=15331"}],"curies":[{"name":"wp","href":"https:\/\/api.w.org\/{rel}","templated":true}]}}