{"id":15323,"date":"2018-05-25T15:58:57","date_gmt":"2018-05-25T14:58:57","guid":{"rendered":"https:\/\/sensorpoint.pt\/sistema-de-extincao-por-agua\/"},"modified":"2021-06-16T10:34:31","modified_gmt":"2021-06-16T09:34:31","slug":"sistemas-de-extincion-por-agua","status":"publish","type":"page","link":"https:\/\/sp.inovamatic.com\/es\/sistemas-de-extincion-por-agua\/","title":{"rendered":"Sistemas de Extinci\u00f3n por Agua"},"content":{"rendered":"<p>[vc_row parallax=&#8221;content-moving-fade&#8221; parallax_image=&#8221;4079&#8243; css=&#8221;.vc_custom_1528715613950{padding-top: 160px !important;padding-bottom: 220px !important;}&#8221;][vc_column][vc_custom_heading text=&#8221;Sistemas de Extinci\u00f3n por Agua&#8221; font_container=&#8221;tag:h1|font_size:44px|text_align:center|color:%23ffffff&#8221; use_theme_fonts=&#8221;yes&#8221; el_class=&#8221;section-heading&#8221;][\/vc_column][\/vc_row][vc_row css=&#8221;.vc_custom_1475934235598{padding-top: 80px !important;padding-bottom: 100px !important;background-color: #ffffff !important;}&#8221;][vc_column][vc_row_inner el_class=&#8221;container&#8221; css=&#8221;.vc_custom_1475933788716{margin-bottom: 60px !important;}&#8221;][vc_column_inner][vc_custom_heading text=&#8221;Los Sistemas de Rociadores Autom\u00e1ticos son sistemas que utilizan agua como agente extintor y tienen la capacidad de extinguir \/ controlar un incendio, en su fase inicial, de forma autom\u00e1tica, es decir, sin necesidad de intervenci\u00f3n humana.&#8221; font_container=&#8221;tag:h4|text_align:justify|color:%23999999|line_height:28px&#8221; use_theme_fonts=&#8221;yes&#8221;][\/vc_column_inner][\/vc_row_inner][vc_row_inner equal_height=&#8221;yes&#8221; content_placement=&#8221;middle&#8221; gap=&#8221;35&#8243; el_class=&#8221;container&#8221; css=&#8221;.vc_custom_1533212107588{margin-bottom: 60px !important;}&#8221;][vc_column_inner width=&#8221;1\/2&#8243;][vc_single_image image=&#8221;5085&#8243; img_size=&#8221;full&#8221; alignment=&#8221;center&#8221;][\/vc_column_inner][vc_column_inner width=&#8221;1\/2&#8243;][vc_custom_heading text=&#8221;Tyco&#8221; font_container=&#8221;tag:h2|font_size:45px|text_align:left|color:%234367a1|line_height:45px&#8221; google_fonts=&#8221;font_family:Lato%3A100%2C100italic%2C300%2C300italic%2Cregular%2Citalic%2C700%2C700italic%2C900%2C900italic|font_style:300%20light%20regular%3A300%3Anormal&#8221; css=&#8221;.vc_custom_1533212241840{margin-bottom: 0px !important;}&#8221;][vc_custom_heading text=&#8221;Rociadores&#8221; font_container=&#8221;tag:h2|font_size:45px|text_align:left|color:%234367a1|line_height:45px&#8221; google_fonts=&#8221;font_family:Lato%3A100%2C100italic%2C300%2C300italic%2Cregular%2Citalic%2C700%2C700italic%2C900%2C900italic|font_style:700%20bold%20regular%3A700%3Anormal&#8221; css=&#8221;.vc_custom_1599573362782{margin-top: 0px !important;}&#8221;][vc_raw_html]JTNDZGl2JTIwY2xhc3MlM0QlMjJsaW5lLTMtMTAwLWF6dWwlMjIlM0UlM0MlMkZkaXYlM0U=[\/vc_raw_html][vc_column_text]<\/p>\n<div align=\"justify\">\n<p>Es una empresa norteamericana centenaria, l\u00edder mundial en la fabricaci\u00f3n de sistemas de detecci\u00f3n de incendios basados \u200b\u200ben normas UL.<\/p>\n<p>Al no ser un producto est\u00e1ndar para Europa, donde el mercado exige otros est\u00e1ndares, es una l\u00ednea de productos que se adapta a mercados donde tambi\u00e9n se requieren o toleran m\u00e1s f\u00e1cilmente los Est\u00e1ndares UL, como algunos mercados en los continentes africano y asi\u00e1tico donde Sensorpoint tambi\u00e9n opera.<\/p>\n<p><a href=\"https:\/\/www.tyco-fire.com\/e-catalog\/EUAF-Fire-Suppression-Catalogue_v2\/#p=1\" target=\"_blank\" rel=\"noopener noreferrer\">P\u00e1gina del fabricante<\/a><\/p>\n<\/div>\n<p>[\/vc_column_text][\/vc_column_inner][\/vc_row_inner][vc_row_inner equal_height=&#8221;yes&#8221; content_placement=&#8221;middle&#8221; gap=&#8221;35&#8243; el_class=&#8221;container&#8221; css=&#8221;.vc_custom_1533212107588{margin-bottom: 60px !important;}&#8221;][vc_column_inner width=&#8221;1\/2&#8243;][vc_single_image image=&#8221;5097&#8243; img_size=&#8221;full&#8221; alignment=&#8221;center&#8221;][\/vc_column_inner][vc_column_inner width=&#8221;1\/2&#8243;][vc_custom_heading text=&#8221;Tyco&#8221; font_container=&#8221;tag:h2|font_size:45px|text_align:left|color:%234367a1|line_height:45px&#8221; google_fonts=&#8221;font_family:Lato%3A100%2C100italic%2C300%2C300italic%2Cregular%2Citalic%2C700%2C700italic%2C900%2C900italic|font_style:300%20light%20regular%3A300%3Anormal&#8221; css=&#8221;.vc_custom_1533212241840{margin-bottom: 0px !important;}&#8221;][vc_custom_heading text=&#8221;V\u00e1lvulas&#8221; font_container=&#8221;tag:h2|font_size:45px|text_align:left|color:%234367a1|line_height:45px&#8221; google_fonts=&#8221;font_family:Lato%3A100%2C100italic%2C300%2C300italic%2Cregular%2Citalic%2C700%2C700italic%2C900%2C900italic|font_style:700%20bold%20regular%3A700%3Anormal&#8221; css=&#8221;.vc_custom_1533650176508{margin-top: 0px !important;}&#8221;][vc_raw_html]JTNDZGl2JTIwY2xhc3MlM0QlMjJsaW5lLTMtMTAwLWF6dWwlMjIlM0UlM0MlMkZkaXYlM0U=[\/vc_raw_html][vc_column_text]<\/p>\n<div align=\"justify\">\n<p>Con m\u00e1s de 100 a\u00f1os de desarrollo de tecnolog\u00edas para la detecci\u00f3n de incendios, Tyco es la marca m\u00e1s importante dedicada al mercado europeo.<\/p>\n<p>Actualmente produce una gama completa de productos seg\u00fan las normas EN54 y certificaciones v\u00e1lidas para todos los pa\u00edses europeos, en concreto los m\u00e1s exigentes, como LPCB, VdS e incluso certificaciones NF en algunas de sus variantes, muy importante tambi\u00e9n en los pa\u00edses franc\u00f3fonos de \u00c1frica, mercados donde opera Sensorpoint.<\/p>\n<p><a href=\"https:\/\/www.tyco-fire.com\/index.php?P=detailprod&amp;S=99903\" rel=\"noopener\">P\u00e1gina del fabricante<\/a><\/p>\n<\/div>\n<p>[\/vc_column_text][\/vc_column_inner][\/vc_row_inner][vc_row_inner equal_height=&#8221;yes&#8221; content_placement=&#8221;middle&#8221; gap=&#8221;35&#8243; el_class=&#8221;container&#8221; css=&#8221;.vc_custom_1533212107588{margin-bottom: 60px !important;}&#8221;][vc_column_inner width=&#8221;1\/2&#8243;][vc_single_image image=&#8221;5095&#8243; img_size=&#8221;full&#8221; alignment=&#8221;center&#8221;][\/vc_column_inner][vc_column_inner width=&#8221;1\/2&#8243;][vc_custom_heading text=&#8221;Tyco&#8221; font_container=&#8221;tag:h2|font_size:45px|text_align:left|color:%234367a1|line_height:45px&#8221; google_fonts=&#8221;font_family:Lato%3A100%2C100italic%2C300%2C300italic%2Cregular%2Citalic%2C700%2C700italic%2C900%2C900italic|font_style:300%20light%20regular%3A300%3Anormal&#8221; css=&#8221;.vc_custom_1533212241840{margin-bottom: 0px !important;}&#8221;][vc_custom_heading text=&#8221;Accesorios&#8221; font_container=&#8221;tag:h2|font_size:45px|text_align:left|color:%234367a1|line_height:45px&#8221; google_fonts=&#8221;font_family:Lato%3A100%2C100italic%2C300%2C300italic%2Cregular%2Citalic%2C700%2C700italic%2C900%2C900italic|font_style:700%20bold%20regular%3A700%3Anormal&#8221; css=&#8221;.vc_custom_1599573611796{margin-top: 0px !important;}&#8221;][vc_raw_html]JTNDZGl2JTIwY2xhc3MlM0QlMjJsaW5lLTMtMTAwLWF6dWwlMjIlM0UlM0MlMkZkaXYlM0U=[\/vc_raw_html][vc_column_text]<\/p>\n<div align=\"justify\">\n<p>El grupo Tyco tiene una enorme experiencia en la producci\u00f3n de productos de seguridad contra incendios.<\/p>\n<p>La l\u00ednea de productos Fireclass ha sido especialmente dise\u00f1ada para sistemas peque\u00f1os y medianos donde las especificaciones t\u00e9cnicas no son muy exigentes, pero su calidad y fiabilidad son de suma importancia.<\/p>\n<p><a href=\"http:\/\/tfppemea.com\/en\/emea\/pages\/ProductSegment.aspx?ProductSegment=Mechanical+Systems&amp;value=Mechanical%20Systems\" target=\"_blank\" rel=\"noopener noreferrer\">P\u00e1gina del fabricante<\/a><\/p>\n<\/div>\n<p>[\/vc_column_text][\/vc_column_inner][\/vc_row_inner][\/vc_column][\/vc_row]<\/p>\n","protected":false},"excerpt":{"rendered":"<p>[vc_row parallax=&#8221;content-moving-fade&#8221; parallax_image=&#8221;4079&#8243; css=&#8221;.vc_custom_1528715613950{padding-top: 160px !important;padding-bottom: 220px !important;}&#8221;][vc_column][vc_custom_heading text=&#8221;Sistemas de Extinci\u00f3n por Agua&#8221; font_container=&#8221;tag:h1|font_size:44px|text_align:center|color:%23ffffff&#8221; use_theme_fonts=&#8221;yes&#8221; el_class=&#8221;section-heading&#8221;][\/vc_column][\/vc_row][vc_row css=&#8221;.vc_custom_1475934235598{padding-top: 80px !important;padding-bottom: 100px !important;background-color: #ffffff !important;}&#8221;][vc_column][vc_row_inner [&hellip;]<\/p>\n","protected":false},"author":1,"featured_media":0,"parent":0,"menu_order":0,"comment_status":"closed","ping_status":"closed","template":"","meta":{"advgb_blocks_editor_width":"","advgb_blocks_columns_visual_guide":"","footnotes":""},"class_list":["post-15323","page","type-page","status-publish","hentry"],"coauthors":[],"author_meta":{"author_link":"https:\/\/sp.inovamatic.com\/es\/author\/miguelmailribeiro_h017r696\/","display_name":"admin"},"relative_dates":{"created":"Publicado 8 a\u00f1os hace","modified":"Actualizado 5 a\u00f1os hace"},"absolute_dates":{"created":"Publicado el mayo 25, 2018","modified":"Actualizado el junio 16, 2021"},"absolute_dates_time":{"created":"Publicado el mayo 25, 2018 3:58 pm","modified":"Actualizado el junio 16, 2021 10:34 am"},"featured_img_caption":"","featured_img":false,"series_order":"","_links":{"self":[{"href":"https:\/\/sp.inovamatic.com\/es\/wp-json\/wp\/v2\/pages\/15323","targetHints":{"allow":["GET"]}}],"collection":[{"href":"https:\/\/sp.inovamatic.com\/es\/wp-json\/wp\/v2\/pages"}],"about":[{"href":"https:\/\/sp.inovamatic.com\/es\/wp-json\/wp\/v2\/types\/page"}],"author":[{"embeddable":true,"href":"https:\/\/sp.inovamatic.com\/es\/wp-json\/wp\/v2\/users\/1"}],"replies":[{"embeddable":true,"href":"https:\/\/sp.inovamatic.com\/es\/wp-json\/wp\/v2\/comments?post=15323"}],"version-history":[{"count":6,"href":"https:\/\/sp.inovamatic.com\/es\/wp-json\/wp\/v2\/pages\/15323\/revisions"}],"predecessor-version":[{"id":16154,"href":"https:\/\/sp.inovamatic.com\/es\/wp-json\/wp\/v2\/pages\/15323\/revisions\/16154"}],"wp:attachment":[{"href":"https:\/\/sp.inovamatic.com\/es\/wp-json\/wp\/v2\/media?parent=15323"}],"curies":[{"name":"wp","href":"https:\/\/api.w.org\/{rel}","templated":true}]}}