{"id":15188,"date":"2018-05-25T15:55:33","date_gmt":"2018-05-25T14:55:33","guid":{"rendered":"https:\/\/sensorpoint.pt\/carregamento-de-veiculos-eletricos\/"},"modified":"2020-09-02T12:21:50","modified_gmt":"2020-09-02T11:21:50","slug":"carga-de-vehiculos-electricos","status":"publish","type":"page","link":"https:\/\/sp.inovamatic.com\/es\/carga-de-vehiculos-electricos\/","title":{"rendered":"Carga de Veh\u00edculos El\u00e9ctricos"},"content":{"rendered":"<p>[vc_row parallax=&#8221;content-moving-fade&#8221; parallax_image=&#8221;3416&#8243; css=&#8221;.vc_custom_1527260132812{padding-top: 160px !important;padding-bottom: 220px !important;background-image: url(https:\/\/www.sensorpoint.pt\/wp-content\/uploads\/2018\/05\/carros-electricos2-1.jpg?id=3918) !important;}&#8221;][vc_column][vc_custom_heading text=&#8221;Carga de Veh\u00edculos El\u00e9ctricos&#8221; font_container=&#8221;tag:h1|font_size:44px|text_align:center|color:%23ffffff&#8221; use_theme_fonts=&#8221;yes&#8221; el_class=&#8221;section-heading&#8221;][\/vc_column][\/vc_row][vc_row css=&#8221;.vc_custom_1475934235598{padding-top: 80px !important;padding-bottom: 100px !important;background-color: #ffffff !important;}&#8221;][vc_column][vc_row_inner el_class=&#8221;container&#8221; css=&#8221;.vc_custom_1475933788716{margin-bottom: 60px !important;}&#8221;][vc_column_inner][vc_custom_heading text=&#8221;Sensorpoint comercializa un conjunto de sistemas y soluciones dise\u00f1ados para facilitar la recarga de veh\u00edculos propulsados \u200b\u200bpor electricidad. La recarga se realiza en diferentes situaciones, como v\u00eda p\u00fablica, parking p\u00fablico, parking privado con varios usuarios o para usuarios individuales.<\/p>\n<p>Es un sistema de carga innovador. El usuario puede utilizar la estaci\u00f3n de forma aut\u00f3noma, utilizando solo, por ejemplo, una tarjeta recargable.<\/p>\n<p>Los sistemas est\u00e1n preparados para garantizar la m\u00e1xima seguridad tanto a los usuarios como contra el vandalismo.&#8221; font_container=&#8221;tag:h4|text_align:justify|color:%23999999|line_height:28px&#8221; use_theme_fonts=&#8221;yes&#8221;][\/vc_column_inner][\/vc_row_inner][vc_row_inner equal_height=&#8221;yes&#8221; content_placement=&#8221;middle&#8221; gap=&#8221;35&#8243; el_class=&#8221;container&#8221; css=&#8221;.vc_custom_1533212107588{margin-bottom: 60px !important;}&#8221;][vc_column_inner width=&#8221;1\/2&#8243;][vc_single_image image=&#8221;5377&#8243; img_size=&#8221;full&#8221; alignment=&#8221;center&#8221;][\/vc_column_inner][vc_column_inner width=&#8221;1\/2&#8243;][vc_custom_heading text=&#8221;&#8221; font_container=&#8221;tag:h2|font_size:45px|text_align:left|color:%234367a1|line_height:45px&#8221; google_fonts=&#8221;font_family:Lato%3A100%2C100italic%2C300%2C300italic%2Cregular%2Citalic%2C700%2C700italic%2C900%2C900italic|font_style:300%20light%20regular%3A300%3Anormal&#8221; css=&#8221;.vc_custom_1533212241840{margin-bottom: 0px !important;}&#8221;][vc_custom_heading text=&#8221;Circontrol&#8221; font_container=&#8221;tag:h2|font_size:45px|text_align:left|color:%234367a1|line_height:45px&#8221; google_fonts=&#8221;font_family:Lato%3A100%2C100italic%2C300%2C300italic%2Cregular%2Citalic%2C700%2C700italic%2C900%2C900italic|font_style:700%20bold%20regular%3A700%3Anormal&#8221; css=&#8221;.vc_custom_1534171852337{margin-top: 0px !important;}&#8221;][vc_raw_html]JTNDZGl2JTIwY2xhc3MlM0QlMjJsaW5lLTMtMTAwLWF6dWwlMjIlM0UlM0MlMkZkaXYlM0U=[\/vc_raw_html][vc_column_text]<\/p>\n<div align=\"justify\">\n<p>Soluciones dise\u00f1adas para ser instaladas en espacios p\u00fablicos (centros comerciales, aeropuertos, \u00e1reas de servicio &#8230;) y espacios privados (empresas con flota de veh\u00edculos el\u00e9ctricos, parada de taxis, etc.) donde los veh\u00edculos necesitan estar siempre disponibles en menos de media hora .<\/p>\n<p><a href=\"https:\/\/circontrol.com\/\" target=\"_blank\" rel=\"noopener noreferrer\">P\u00e1gina del fabricante<\/a><\/p>\n<\/div>\n<p>[\/vc_column_text][\/vc_column_inner][\/vc_row_inner][\/vc_column][\/vc_row]<\/p>\n","protected":false},"excerpt":{"rendered":"<p>[vc_row parallax=&#8221;content-moving-fade&#8221; parallax_image=&#8221;3416&#8243; css=&#8221;.vc_custom_1527260132812{padding-top: 160px !important;padding-bottom: 220px !important;background-image: url(https:\/\/www.sensorpoint.pt\/wp-content\/uploads\/2018\/05\/carros-electricos2-1.jpg?id=3918) !important;}&#8221;][vc_column][vc_custom_heading text=&#8221;Carga de Veh\u00edculos El\u00e9ctricos&#8221; font_container=&#8221;tag:h1|font_size:44px|text_align:center|color:%23ffffff&#8221; use_theme_fonts=&#8221;yes&#8221; el_class=&#8221;section-heading&#8221;][\/vc_column][\/vc_row][vc_row css=&#8221;.vc_custom_1475934235598{padding-top: 80px !important;padding-bottom: 100px !important;background-color: #ffffff [&hellip;]<\/p>\n","protected":false},"author":1,"featured_media":0,"parent":0,"menu_order":0,"comment_status":"closed","ping_status":"closed","template":"","meta":{"advgb_blocks_editor_width":"","advgb_blocks_columns_visual_guide":"","footnotes":""},"class_list":["post-15188","page","type-page","status-publish","hentry"],"coauthors":[],"author_meta":{"author_link":"https:\/\/sp.inovamatic.com\/es\/author\/miguelmailribeiro_h017r696\/","display_name":"admin"},"relative_dates":{"created":"Publicado 8 a\u00f1os hace","modified":"Actualizado 6 a\u00f1os hace"},"absolute_dates":{"created":"Publicado el mayo 25, 2018","modified":"Actualizado el septiembre 2, 2020"},"absolute_dates_time":{"created":"Publicado el mayo 25, 2018 3:55 pm","modified":"Actualizado el septiembre 2, 2020 12:21 pm"},"featured_img_caption":"","featured_img":false,"series_order":"","_links":{"self":[{"href":"https:\/\/sp.inovamatic.com\/es\/wp-json\/wp\/v2\/pages\/15188","targetHints":{"allow":["GET"]}}],"collection":[{"href":"https:\/\/sp.inovamatic.com\/es\/wp-json\/wp\/v2\/pages"}],"about":[{"href":"https:\/\/sp.inovamatic.com\/es\/wp-json\/wp\/v2\/types\/page"}],"author":[{"embeddable":true,"href":"https:\/\/sp.inovamatic.com\/es\/wp-json\/wp\/v2\/users\/1"}],"replies":[{"embeddable":true,"href":"https:\/\/sp.inovamatic.com\/es\/wp-json\/wp\/v2\/comments?post=15188"}],"version-history":[{"count":6,"href":"https:\/\/sp.inovamatic.com\/es\/wp-json\/wp\/v2\/pages\/15188\/revisions"}],"predecessor-version":[{"id":15612,"href":"https:\/\/sp.inovamatic.com\/es\/wp-json\/wp\/v2\/pages\/15188\/revisions\/15612"}],"wp:attachment":[{"href":"https:\/\/sp.inovamatic.com\/es\/wp-json\/wp\/v2\/media?parent=15188"}],"curies":[{"name":"wp","href":"https:\/\/api.w.org\/{rel}","templated":true}]}}