{"id":15183,"date":"2015-12-16T21:07:25","date_gmt":"2015-12-16T21:07:25","guid":{"rendered":"https:\/\/sensorpoint.pt\/home\/features\/"},"modified":"2020-08-31T14:37:36","modified_gmt":"2020-08-31T13:37:36","slug":"features","status":"publish","type":"page","link":"https:\/\/sp.inovamatic.com\/es\/home\/features\/","title":{"rendered":"NUESTROS SERVICIOS"},"content":{"rendered":"<p>[vc_row][vc_column offset=&#8221;vc_hidden-sm vc_hidden-xs&#8221;][vc_empty_space height=&#8221;50px&#8221;][\/vc_column][\/vc_row][vc_row][vc_column width=&#8221;1\/3&#8243; css=&#8221;.vc_custom_1464440316240{padding-right: 25px !important;padding-left: 0px !important;}&#8221;]<div class=\"key-icon-box icon-default icon-top  kd-animated fadeInUp \" style=\"background-color: transparent;\" ><i class=\"vc_li vc_li-user\" ><\/i> <h4 class=\"service-heading\" >Formaci\u00f3n<\/h4><p >Desarrollamos acciones formativas, as\u00ed como eventos corporativos en las \u00e1reas de competencia en las que operamos.<\/p><\/div>[\/vc_column][vc_column width=&#8221;1\/3&#8243; css=&#8221;.vc_custom_1464440309063{padding-right: 15px !important;padding-left: 15px !important;}&#8221;]<div class=\"key-icon-box icon-default icon-top  kd-animated fadeInUp \" style=\"background-color: transparent;\" data-animation-delay=200><i class=\"vc_li vc_li-data\" ><\/i> <h4 class=\"service-heading\" >Soporte para dise\u00f1adores<\/h4><p >Realizamos un competente servicio de soporte a dise\u00f1adores y arquitectos, con el fin de concretar nuestros productos con el know-how de nuestro departamento de ingenier\u00eda y planificaci\u00f3n.<\/p><\/div>[\/vc_column][vc_column width=&#8221;1\/3&#8243; css=&#8221;.vc_custom_1464440322686{padding-right: 0px !important;padding-left: 25px !important;}&#8221;]<div class=\"key-icon-box icon-default icon-top  kd-animated fadeInUp \" style=\"background-color: transparent;\" data-animation-delay=400><i class=\"vc_li vc_li-note\" ><\/i> <h4 class=\"service-heading\" >Mantenimiento<\/h4><p >Contamos con un equipo especializado para brindar servicios de mantenimiento preventivo y correctivo en el \u00e1rea de Sistemas de Seguridad.<\/p><\/div>[\/vc_column][\/vc_row][vc_row][vc_column offset=&#8221;vc_hidden-sm vc_hidden-xs&#8221;][vc_empty_space height=&#8221;70px&#8221;][\/vc_column][\/vc_row][vc_row][vc_column width=&#8221;1\/3&#8243; css=&#8221;.vc_custom_1464440332510{padding-right: 25px !important;padding-left: 0px !important;}&#8221;]<div class=\"key-icon-box icon-default icon-top  kd-animated fadeInUp \" style=\"background-color: transparent;\" ><i class=\"vc_li vc_li-study\" ><\/i> <h4 class=\"service-heading\" >Soporte t\u00e9cnico<\/h4><p >Para garantizar el cumplimiento y requisitos de la legislaci\u00f3n vigente, brindamos un servicio de Asesor\u00eda T\u00e9cnica, capaz de se\u00f1alar los mejores caminos para el desarrollo y ejecuci\u00f3n de las Obras.<\/p><\/div>[\/vc_column][vc_column width=&#8221;1\/3&#8243;]<div class=\"key-icon-box icon-default icon-top  kd-animated fadeInUp \" style=\"background-color: transparent;\" data-animation-delay=200><i class=\"vc_li vc_li-display\" ><\/i> <h4 class=\"service-heading\" >Procurement y exportaci\u00f3n<\/h4><p >A trav\u00e9s de un enfoque pragm\u00e1tico e innovador, basado en la optimizaci\u00f3n del modelo de compras, brindamos servicios de Procura y exportaci\u00f3n para todo tipo de art\u00edculos y bienes, equipos y materiales.<\/p><\/div>[\/vc_column][vc_column width=&#8221;1\/3&#8243; css=&#8221;.vc_custom_1464440344902{padding-right: 0px !important;padding-left: 25px !important;}&#8221;]<div class=\"key-icon-box icon-default icon-top  kd-animated fadeInUp \" style=\"background-color: transparent;\" data-animation-delay=200><i class=\"vc_li vc_li-display\" ><\/i> <h4 class=\"service-heading\" >Asistencia remota<\/h4><p >A trav\u00e9s de herramientas que permiten acceder a los Sistemas de forma r\u00e1pida y remota, es posible solucionar problemas sin tener que perder tiempo viajando.<\/p><\/div>[\/vc_column][\/vc_row]<\/p>\n","protected":false},"excerpt":{"rendered":"<p>[vc_row][vc_column offset=&#8221;vc_hidden-sm vc_hidden-xs&#8221;][vc_empty_space height=&#8221;50px&#8221;][\/vc_column][\/vc_row][vc_row][vc_column width=&#8221;1\/3&#8243; css=&#8221;.vc_custom_1464440316240{padding-right: 25px !important;padding-left: 0px !important;}&#8221;][\/vc_column][vc_column width=&#8221;1\/3&#8243; css=&#8221;.vc_custom_1464440309063{padding-right: 15px !important;padding-left: 15px !important;}&#8221;][\/vc_column][vc_column width=&#8221;1\/3&#8243; css=&#8221;.vc_custom_1464440322686{padding-right: 0px !important;padding-left: 25px !important;}&#8221;][\/vc_column][\/vc_row][vc_row][vc_column offset=&#8221;vc_hidden-sm [&hellip;]<\/p>\n","protected":false},"author":2,"featured_media":0,"parent":15098,"menu_order":9,"comment_status":"closed","ping_status":"closed","template":"","meta":{"advgb_blocks_editor_width":"","advgb_blocks_columns_visual_guide":"","footnotes":""},"class_list":["post-15183","page","type-page","status-publish","hentry"],"coauthors":[],"author_meta":{"author_link":"https:\/\/sp.inovamatic.com\/es\/author\/admin\/","display_name":"admin"},"relative_dates":{"created":"Publicado 10 a\u00f1os hace","modified":"Actualizado 6 a\u00f1os hace"},"absolute_dates":{"created":"Publicado el diciembre 16, 2015","modified":"Actualizado el agosto 31, 2020"},"absolute_dates_time":{"created":"Publicado el diciembre 16, 2015 9:07 pm","modified":"Actualizado el agosto 31, 2020 2:37 pm"},"featured_img_caption":"","featured_img":false,"series_order":"","_links":{"self":[{"href":"https:\/\/sp.inovamatic.com\/es\/wp-json\/wp\/v2\/pages\/15183","targetHints":{"allow":["GET"]}}],"collection":[{"href":"https:\/\/sp.inovamatic.com\/es\/wp-json\/wp\/v2\/pages"}],"about":[{"href":"https:\/\/sp.inovamatic.com\/es\/wp-json\/wp\/v2\/types\/page"}],"author":[{"embeddable":true,"href":"https:\/\/sp.inovamatic.com\/es\/wp-json\/wp\/v2\/users\/2"}],"replies":[{"embeddable":true,"href":"https:\/\/sp.inovamatic.com\/es\/wp-json\/wp\/v2\/comments?post=15183"}],"version-history":[{"count":4,"href":"https:\/\/sp.inovamatic.com\/es\/wp-json\/wp\/v2\/pages\/15183\/revisions"}],"predecessor-version":[{"id":15586,"href":"https:\/\/sp.inovamatic.com\/es\/wp-json\/wp\/v2\/pages\/15183\/revisions\/15586"}],"up":[{"embeddable":true,"href":"https:\/\/sp.inovamatic.com\/es\/wp-json\/wp\/v2\/pages\/15098"}],"wp:attachment":[{"href":"https:\/\/sp.inovamatic.com\/es\/wp-json\/wp\/v2\/media?parent=15183"}],"curies":[{"name":"wp","href":"https:\/\/api.w.org\/{rel}","templated":true}]}}