{"id":15181,"date":"2016-01-17T16:28:47","date_gmt":"2016-01-17T16:28:47","guid":{"rendered":"https:\/\/sensorpoint.pt\/home\/stats\/"},"modified":"2022-07-12T14:32:59","modified_gmt":"2022-07-12T13:32:59","slug":"stats","status":"publish","type":"page","link":"https:\/\/sp.inovamatic.com\/es\/home\/stats\/","title":{"rendered":"Sensorpoint"},"content":{"rendered":"<p>[vc_row][vc_column][vc_row_inner el_class=&#8221;container&#8221;][vc_column_inner css=&#8221;.vc_custom_1475852593155{padding-right: 30px !important;}&#8221;][vc_custom_heading text=&#8221;QUIENES SOMOS&#8221; font_container=&#8221;tag:h4|text_align:left|color:%23ffffff&#8221; use_theme_fonts=&#8221;yes&#8221; el_class=&#8221;service-heading&#8221; css=&#8221;.vc_custom_1598626772322{padding-top: 10px !important;}&#8221;][vc_custom_heading text=&#8221;Sensorpoint es una empresa que se diferencia del resto del sector en que desarrolla su actividad a lo largo del ciclo de vida de una instalaci\u00f3n.<br \/>\nSensorpoint tiene en su ADN la capacidad de dise\u00f1ar e implementar sistemas, basados   en el An\u00e1lisis de Riesgos y la Continuidad Comercial de las operaciones de sus Clientes, ofreciendo soluciones a la medida y \u201crentables\u201d. El desempe\u00f1o de las soluciones se monitorea continuamente, asegurando el cumplimiento de su desempe\u00f1o.<br \/>\nAs\u00ed, Sensorpoint ofrece un conjunto de soluciones y servicios dise\u00f1ados para dar respuesta a las necesidades de protecci\u00f3n de su negocio y que le permiten acompa\u00f1arlo en su crecimiento y evoluci\u00f3n.<br \/>\nNuestra oferta incluye una amplia gama de soluciones y servicios dise\u00f1ados para ofrecerle la soluci\u00f3n de seguridad que mejor se adapta a su negocio.&#8221; font_container=&#8221;tag:p|font_size:14px|text_align:left|color:rgba(255%2C255%2C255%2C0.9)|line_height:25px&#8221; use_theme_fonts=&#8221;yes&#8221; css=&#8221;.vc_custom_1598626715626{padding-top: 10px !important;}&#8221;][\/vc_column_inner][\/vc_row_inner][\/vc_column][\/vc_row]<\/p>\n","protected":false},"excerpt":{"rendered":"<p>[vc_row][vc_column][vc_row_inner el_class=&#8221;container&#8221;][vc_column_inner css=&#8221;.vc_custom_1475852593155{padding-right: 30px !important;}&#8221;][vc_custom_heading text=&#8221;QUIENES SOMOS&#8221; font_container=&#8221;tag:h4|text_align:left|color:%23ffffff&#8221; use_theme_fonts=&#8221;yes&#8221; el_class=&#8221;service-heading&#8221; css=&#8221;.vc_custom_1598626772322{padding-top: 10px !important;}&#8221;][vc_custom_heading text=&#8221;Sensorpoint es una empresa que se diferencia del resto del [&hellip;]<\/p>\n","protected":false},"author":2,"featured_media":15113,"parent":15098,"menu_order":6,"comment_status":"closed","ping_status":"closed","template":"","meta":{"advgb_blocks_editor_width":"","advgb_blocks_columns_visual_guide":"","footnotes":""},"class_list":["post-15181","page","type-page","status-publish","has-post-thumbnail","hentry"],"coauthors":[],"author_meta":{"author_link":"https:\/\/sp.inovamatic.com\/es\/author\/admin\/","display_name":"admin"},"relative_dates":{"created":"Publicado 10 a\u00f1os hace","modified":"Actualizado 4 a\u00f1os hace"},"absolute_dates":{"created":"Publicado el enero 17, 2016","modified":"Actualizado el julio 12, 2022"},"absolute_dates_time":{"created":"Publicado el enero 17, 2016 4:28 pm","modified":"Actualizado el julio 12, 2022 2:32 pm"},"featured_img_caption":"Businesspeople discussing in office","featured_img":"https:\/\/sp.inovamatic.com\/wp-content\/uploads\/2018\/05\/quem-somos.jpg","series_order":"","_links":{"self":[{"href":"https:\/\/sp.inovamatic.com\/es\/wp-json\/wp\/v2\/pages\/15181","targetHints":{"allow":["GET"]}}],"collection":[{"href":"https:\/\/sp.inovamatic.com\/es\/wp-json\/wp\/v2\/pages"}],"about":[{"href":"https:\/\/sp.inovamatic.com\/es\/wp-json\/wp\/v2\/types\/page"}],"author":[{"embeddable":true,"href":"https:\/\/sp.inovamatic.com\/es\/wp-json\/wp\/v2\/users\/2"}],"replies":[{"embeddable":true,"href":"https:\/\/sp.inovamatic.com\/es\/wp-json\/wp\/v2\/comments?post=15181"}],"version-history":[{"count":5,"href":"https:\/\/sp.inovamatic.com\/es\/wp-json\/wp\/v2\/pages\/15181\/revisions"}],"predecessor-version":[{"id":16790,"href":"https:\/\/sp.inovamatic.com\/es\/wp-json\/wp\/v2\/pages\/15181\/revisions\/16790"}],"up":[{"embeddable":true,"href":"https:\/\/sp.inovamatic.com\/es\/wp-json\/wp\/v2\/pages\/15098"}],"wp:featuredmedia":[{"embeddable":true,"href":"https:\/\/sp.inovamatic.com\/es\/wp-json\/wp\/v2\/media\/15113"}],"wp:attachment":[{"href":"https:\/\/sp.inovamatic.com\/es\/wp-json\/wp\/v2\/media?parent=15181"}],"curies":[{"name":"wp","href":"https:\/\/api.w.org\/{rel}","templated":true}]}}