{"id":15177,"date":"2015-11-23T11:07:47","date_gmt":"2015-11-23T11:07:47","guid":{"rendered":"https:\/\/sensorpoint.pt\/home\/about-us\/"},"modified":"2022-08-24T12:42:53","modified_gmt":"2022-08-24T11:42:53","slug":"about-us","status":"publish","type":"page","link":"https:\/\/sp.inovamatic.com\/es\/home\/about-us\/","title":{"rendered":"Productos"},"content":{"rendered":"<p>[vc_row css=&#8221;.vc_custom_1475928508785{margin-top: 50px !important;}&#8221;][vc_column width=&#8221;1\/3&#8243;]<div class=\"kd-photobox no-effect kd-animated fadeInUp \" ><div class=\"photobox-img\"><img loading=\"lazy\" decoding=\"async\" width=\"383\" height=\"276\" src=\"https:\/\/sp.inovamatic.com\/wp-content\/uploads\/2018\/05\/cctv2.jpg\" class=\"attachment-full\" alt=\"\" title=\"cctv2\" srcset=\"https:\/\/sp.inovamatic.com\/wp-content\/uploads\/2018\/05\/cctv2.jpg 383w, https:\/\/sp.inovamatic.com\/wp-content\/uploads\/2018\/05\/cctv2-300x216.jpg 300w\" sizes=\"auto, (max-width: 383px) 100vw, 383px\" \/><\/div><div class=\"phb-content text-left\">\n                  <h4>CCTV<\/h4>\n                  <p>Los sistemas de CCTV son un fuerte elemento disuasorio del crimen en general y del robo en particular, lo que le permite monitorear sus operaciones y anticipar la necesidad de prevenci\u00f3n de riesgos.<\/p><div class=\"phb-btncontainer\">\n                          <a href=\"https:\/\/sensorpoint.pt\/es\/cctv\/\" target=\"\" title=\"\" class=\"phb-button\">SABER MAS<\/a>\n                      <\/div><\/div><\/div>[\/vc_column][vc_column width=&#8221;1\/3&#8243;]<div class=\"kd-photobox no-effect kd-animated fadeInUp \" data-animation-delay=200><div class=\"photobox-img\"><img loading=\"lazy\" decoding=\"async\" width=\"383\" height=\"276\" src=\"https:\/\/sp.inovamatic.com\/wp-content\/uploads\/2018\/05\/acessos2.jpg\" class=\"attachment-full\" alt=\"\" title=\"acessos2\" srcset=\"https:\/\/sp.inovamatic.com\/wp-content\/uploads\/2018\/05\/acessos2.jpg 383w, https:\/\/sp.inovamatic.com\/wp-content\/uploads\/2018\/05\/acessos2-300x216.jpg 300w\" sizes=\"auto, (max-width: 383px) 100vw, 383px\" \/><\/div><div class=\"phb-content text-left\">\n                  <h4>CONTROL DE ACCESOS<\/h4>\n                  <p>Hoy en d\u00eda, los sistemas de control de acceso electr\u00f3nico deben ir mucho m\u00e1s all\u00e1 de la simple funci\u00f3n de bloquear o desbloquear puertas.<\/p><div class=\"phb-btncontainer\">\n                          <a href=\"https:\/\/sensorpoint.pt\/es\/control-de-accesos\/\" target=\"\" title=\"\" class=\"phb-button\">SABER MAS<\/a>\n                      <\/div><\/div><\/div>[\/vc_column][vc_column width=&#8221;1\/3&#8243;]<div class=\"kd-photobox no-effect kd-animated fadeInUp \" data-animation-delay=400><div class=\"photobox-img\"><img loading=\"lazy\" decoding=\"async\" width=\"383\" height=\"276\" src=\"https:\/\/sp.inovamatic.com\/wp-content\/uploads\/2018\/05\/eas2.jpg\" class=\"attachment-full\" alt=\"\" title=\"eas2\" srcset=\"https:\/\/sp.inovamatic.com\/wp-content\/uploads\/2018\/05\/eas2.jpg 383w, https:\/\/sp.inovamatic.com\/wp-content\/uploads\/2018\/05\/eas2-300x216.jpg 300w\" sizes=\"auto, (max-width: 383px) 100vw, 383px\" \/><\/div><div class=\"phb-content text-left\">\n                  <h4>PROTECCI\u00d3N ELECTR\u00d3NICA DE ART\u00cdCULOS (EAS)<\/h4>\n                  <p>Sensorpoint ofrece sistemas EAS en tecnolog\u00edas RF, AM y EM. Cualquiera de las dos tecnolog\u00edas es extremadamente confiable cuando se implementa en sus \u00e1reas de protecci\u00f3n preferidas.<\/p><div class=\"phb-btncontainer\">\n                          <a href=\"https:\/\/sensorpoint.pt\/es\/proteccion-electronica-de-articulos-eas\/\" target=\"\" title=\"\" class=\"phb-button\">SABER MAS<\/a>\n                      <\/div><\/div><\/div>[\/vc_column][\/vc_row][vc_row css=&#8221;.vc_custom_1475928508785{margin-top: 50px !important;}&#8221;][vc_column width=&#8221;1\/3&#8243;]<div class=\"kd-photobox no-effect kd-animated fadeInUp \" ><div class=\"photobox-img\"><img loading=\"lazy\" decoding=\"async\" width=\"383\" height=\"276\" src=\"https:\/\/sp.inovamatic.com\/wp-content\/uploads\/2018\/05\/intrusao2.jpg\" class=\"attachment-full\" alt=\"\" title=\"intrusao2\" srcset=\"https:\/\/sp.inovamatic.com\/wp-content\/uploads\/2018\/05\/intrusao2.jpg 383w, https:\/\/sp.inovamatic.com\/wp-content\/uploads\/2018\/05\/intrusao2-300x216.jpg 300w\" sizes=\"auto, (max-width: 383px) 100vw, 383px\" \/><\/div><div class=\"phb-content text-left\">\n                  <h4>SISTEMAS DE DETECCI\u00d3N DE INTRUSOS<\/h4>\n                  <p>Sensorpoint te ofrece los principales sistemas y productos de detecci\u00f3n de intrusos desarrollados en plataformas abiertas, para que se puedan integrar f\u00e1cilmente con otros sistemas y as\u00ed crear sistemas de protecci\u00f3n m\u00e1s efectivos.<\/p><div class=\"phb-btncontainer\">\n                          <a href=\"https:\/\/sensorpoint.pt\/es\/sistemas-de-deteccion-de-intrusos\/\" target=\"\" title=\"\" class=\"phb-button\">SABER MAS<\/a>\n                      <\/div><\/div><\/div>[\/vc_column][vc_column width=&#8221;1\/3&#8243;]<div class=\"kd-photobox no-effect kd-animated fadeInUp \" data-animation-delay=200><div class=\"photobox-img\"><img loading=\"lazy\" decoding=\"async\" width=\"383\" height=\"276\" src=\"https:\/\/sp.inovamatic.com\/wp-content\/uploads\/2018\/05\/incendio.jpg\" class=\"attachment-full\" alt=\"\" title=\"incendio\" srcset=\"https:\/\/sp.inovamatic.com\/wp-content\/uploads\/2018\/05\/incendio.jpg 383w, https:\/\/sp.inovamatic.com\/wp-content\/uploads\/2018\/05\/incendio-300x216.jpg 300w\" sizes=\"auto, (max-width: 383px) 100vw, 383px\" \/><\/div><div class=\"phb-content text-left\">\n                  <h4>SISTEMAS DE DETECCI\u00d3N DE INCENDIOS<\/h4>\n                  <p>Todos los d\u00edas escuchamos noticias sobre empresas y familias que ven el legado que tantos a\u00f1os y esfuerzo les cost\u00f3 lograr, y que de un momento a otro se reducen a cenizas.<\/p><div class=\"phb-btncontainer\">\n                          <a href=\"https:\/\/sensorpoint.pt\/es\/sistemas-de-deteccion-de-incendios\/\" target=\"\" title=\"\" class=\"phb-button\">SABER MAS<\/a>\n                      <\/div><\/div><\/div>[\/vc_column][vc_column width=&#8221;1\/3&#8243;]<div class=\"kd-photobox no-effect kd-animated fadeInUp \" data-animation-delay=400><div class=\"photobox-img\"><img loading=\"lazy\" decoding=\"async\" width=\"383\" height=\"276\" src=\"https:\/\/sp.inovamatic.com\/wp-content\/uploads\/2018\/05\/extincao2.jpg\" class=\"attachment-full\" alt=\"\" title=\"extincao2\" srcset=\"https:\/\/sp.inovamatic.com\/wp-content\/uploads\/2018\/05\/extincao2.jpg 383w, https:\/\/sp.inovamatic.com\/wp-content\/uploads\/2018\/05\/extincao2-300x216.jpg 300w\" sizes=\"auto, (max-width: 383px) 100vw, 383px\" \/><\/div><div class=\"phb-content text-left\">\n                  <h4>SISTEMAS AUTOM\u00c1TICOS DE EXTINCI\u00d3N DE INCENDIOS<\/h4>\n                  <p>La protecci\u00f3n contra incendios es esencial en \u00e1reas con contenido de alto valor o informaci\u00f3n vital como salas de servidores, salas de computadoras, salas de control, edificios hist\u00f3ricos, museos, centrales telef\u00f3nicas, etc.<\/p><div class=\"phb-btncontainer\">\n                          <a href=\"https:\/\/sensorpoint.pt\/es\/sistemas-automaticos-de-extincion-de-incendios\/\" target=\"\" title=\"\" class=\"phb-button\">SABER MAS<\/a>\n                      <\/div><\/div><\/div>[\/vc_column][\/vc_row][vc_row css=&#8221;.vc_custom_1475928508785{margin-top: 50px !important;}&#8221;][vc_column width=&#8221;1\/3&#8243;]<div class=\"kd-photobox no-effect kd-animated fadeInUp \" ><div class=\"photobox-img\"><img loading=\"lazy\" decoding=\"async\" width=\"383\" height=\"276\" src=\"https:\/\/sp.inovamatic.com\/wp-content\/uploads\/2018\/05\/som2.jpg\" class=\"attachment-full\" alt=\"\" title=\"som2\" srcset=\"https:\/\/sp.inovamatic.com\/wp-content\/uploads\/2018\/05\/som2.jpg 383w, https:\/\/sp.inovamatic.com\/wp-content\/uploads\/2018\/05\/som2-300x216.jpg 300w\" sizes=\"auto, (max-width: 383px) 100vw, 383px\" \/><\/div><div class=\"phb-content text-left\">\n                  <h4>SISTEMAS DE MEGAFON\u00cdA Y ALARMA POR VOZ<\/h4>\n                  <p>Un sistema de sonido ambiental o sistema de megafon\u00eda (PA) es una combinaci\u00f3n de un conjunto de equipos de audio que permite la transmisi\u00f3n y difusi\u00f3n de una se\u00f1al de audio en una empresa.<\/p><div class=\"phb-btncontainer\">\n                          <a href=\"https:\/\/sensorpoint.pt\/es\/sistemas-de-megafonia-y-alarma-por-voz\/\" target=\"\" title=\"\" class=\"phb-button\">SABER MAS<\/a>\n                      <\/div><\/div><\/div>[\/vc_column][vc_column width=&#8221;1\/3&#8243;]<div class=\"kd-photobox no-effect kd-animated fadeInUp \" data-animation-delay=200><div class=\"photobox-img\"><img loading=\"lazy\" decoding=\"async\" width=\"383\" height=\"276\" src=\"https:\/\/sp.inovamatic.com\/wp-content\/uploads\/2018\/05\/acessos2-1.jpg\" class=\"attachment-full\" alt=\"\" title=\"acessos2\" srcset=\"https:\/\/sp.inovamatic.com\/wp-content\/uploads\/2018\/05\/acessos2-1.jpg 383w, https:\/\/sp.inovamatic.com\/wp-content\/uploads\/2018\/05\/acessos2-1-300x216.jpg 300w\" sizes=\"auto, (max-width: 383px) 100vw, 383px\" \/><\/div><div class=\"phb-content text-left\">\n                  <h4>SISTEMAS DE COMUNICACIONES DE EMERGENCIA<\/h4>\n                  <p>Sistema de Comunicaciones de Emergencia para Hospitales, Hogares, Prisiones y Hoteles. La demanda de atenci\u00f3n m\u00e9dica o asistencia a las personas mayores ha crecido significativamente en los \u00faltimos a\u00f1os. Esta creciente demanda de servicios tambi\u00e9n va acompa\u00f1ada de un mayor nivel de demanda en relaci\u00f3n a la calidad de los servicios prestados y la atenci\u00f3n prestada a los Clientes.<\/p><div class=\"phb-btncontainer\">\n                          <a href=\"https:\/\/sensorpoint.pt\/es\/sistemas-de-comunicaciones-de-emergencia\/\" target=\"\" title=\"\" class=\"phb-button\">SABER MAS<\/a>\n                      <\/div><\/div><\/div>[\/vc_column][vc_column width=&#8221;1\/3&#8243;]<div class=\"kd-photobox no-effect kd-animated fadeInUp \" data-animation-delay=400><div class=\"photobox-img\"><img loading=\"lazy\" decoding=\"async\" width=\"383\" height=\"276\" src=\"https:\/\/sp.inovamatic.com\/wp-content\/uploads\/2018\/05\/park2.jpg\" class=\"attachment-full\" alt=\"\" title=\"park2\" srcset=\"https:\/\/sp.inovamatic.com\/wp-content\/uploads\/2018\/05\/park2.jpg 383w, https:\/\/sp.inovamatic.com\/wp-content\/uploads\/2018\/05\/park2-300x216.jpg 300w\" sizes=\"auto, (max-width: 383px) 100vw, 383px\" \/><\/div><div class=\"phb-content text-left\">\n                  <h4>GESTI\u00d3N DE APARCAMIENTOS<\/h4>\n                  <p>Diversas soluciones para la gesti\u00f3n de aparcamientos, proporcionando herramientas para que los operadores obtengan la m\u00e1xima eficiencia y ahorro de costes, adem\u00e1s de ofrecer mejores servicios a los clientes.<\/p><div class=\"phb-btncontainer\">\n                          <a href=\"https:\/\/sensorpoint.pt\/es\/gestion-de-aparcamientos\/\" target=\"\" title=\"\" class=\"phb-button\">SABER MAS<\/a>\n                      <\/div><\/div><\/div>[\/vc_column][\/vc_row][vc_row css=&#8221;.vc_custom_1475928508785{margin-top: 50px !important;}&#8221;][vc_column width=&#8221;1\/3&#8243;]<div class=\"kd-photobox no-effect kd-animated fadeInUp \" data-animation-delay=200><div class=\"photobox-img\"><img loading=\"lazy\" decoding=\"async\" width=\"383\" height=\"276\" src=\"https:\/\/sp.inovamatic.com\/wp-content\/uploads\/2018\/05\/deteccao-marticulas2.jpg\" class=\"attachment-full\" alt=\"\" title=\"deteccao-marticulas2\" srcset=\"https:\/\/sp.inovamatic.com\/wp-content\/uploads\/2018\/05\/deteccao-marticulas2.jpg 383w, https:\/\/sp.inovamatic.com\/wp-content\/uploads\/2018\/05\/deteccao-marticulas2-300x216.jpg 300w\" sizes=\"auto, (max-width: 383px) 100vw, 383px\" \/><\/div><div class=\"phb-content text-left\">\n                  <h4>RECONOCIMIENTO DE MATR\u00cdCULAS<\/h4>\n                  <p>El reconocimiento de matr\u00edculas es un m\u00e9todo de reconocimiento \u00f3ptico de caracteres, para capturar im\u00e1genes y reconocer matr\u00edculas de veh\u00edculos. Estos sistemas pueden estar basados   en c\u00e1maras CCTV existentes o c\u00e1maras de resoluci\u00f3n mejorada, dedicadas exclusivamente a este prop\u00f3sito.<\/p><div class=\"phb-btncontainer\">\n                          <a href=\"https:\/\/sensorpoint.pt\/es\/reconocimiento-de-matriculas\/\" target=\"\" title=\"\" class=\"phb-button\">SABER MAS<\/a>\n                      <\/div><\/div><\/div>[\/vc_column][vc_column width=&#8221;1\/3&#8243;]<div class=\"kd-photobox no-effect kd-animated fadeInUp \" ><div class=\"photobox-img\"><img loading=\"lazy\" decoding=\"async\" width=\"383\" height=\"276\" src=\"https:\/\/sp.inovamatic.com\/wp-content\/uploads\/2018\/05\/carros-electricos2.jpg\" class=\"attachment-full\" alt=\"\" title=\"carros-electricos2\" srcset=\"https:\/\/sp.inovamatic.com\/wp-content\/uploads\/2018\/05\/carros-electricos2.jpg 383w, https:\/\/sp.inovamatic.com\/wp-content\/uploads\/2018\/05\/carros-electricos2-300x216.jpg 300w\" sizes=\"auto, (max-width: 383px) 100vw, 383px\" \/><\/div><div class=\"phb-content text-left\">\n                  <h4>CARGA DE VEH\u00cdCULOS EL\u00c9CTRICOS<\/h4>\n                  <p>Sensorpoint comercializa un conjunto de sistemas y soluciones dise\u00f1ados para facilitar la recarga de veh\u00edculos propulsados   por electricidad. La recarga se realiza en diferentes situaciones, como v\u00eda p\u00fablica, parking p\u00fablico, parking privado con varios usuarios o para usuarios individuales.<\/p><div class=\"phb-btncontainer\">\n                          <a href=\"https:\/\/sensorpoint.pt\/es\/carga-de-vehiculos-electricos\/\" target=\"\" title=\"\" class=\"phb-button\">SABER MAS<\/a>\n                      <\/div><\/div><\/div>[\/vc_column][vc_column width=&#8221;1\/3&#8243;]<div class=\"kd-photobox no-effect kd-animated fadeInUp \" ><div class=\"photobox-img\"><img loading=\"lazy\" decoding=\"async\" width=\"383\" height=\"276\" src=\"https:\/\/sp.inovamatic.com\/wp-content\/uploads\/2018\/05\/iluminacao.jpg\" class=\"attachment-full\" alt=\"\" title=\"iluminacao\" srcset=\"https:\/\/sp.inovamatic.com\/wp-content\/uploads\/2018\/05\/iluminacao.jpg 383w, https:\/\/sp.inovamatic.com\/wp-content\/uploads\/2018\/05\/iluminacao-300x216.jpg 300w\" sizes=\"auto, (max-width: 383px) 100vw, 383px\" \/><\/div><div class=\"phb-content text-left\">\n                  <h4>ILUMINACI\u00d3N SOLAR<\/h4>\n                  <p>En los \u00faltimos a\u00f1os se han introducido una serie de nuevas tecnolog\u00edas en el uso de energ\u00edas renovables como la energ\u00eda solar. Adem\u00e1s del uso progresivo de la energ\u00eda solar residencial, cada vez se utiliza m\u00e1s en el alumbrado p\u00fablico de nuestras ciudades.<\/p><div class=\"phb-btncontainer\">\n                          <a href=\"https:\/\/sensorpoint.pt\/es\/iluminacion-solar\/\" target=\"\" title=\"\" class=\"phb-button\">SABER MAS<\/a>\n                      <\/div><\/div><\/div>[\/vc_column][\/vc_row][vc_row css=&#8221;.vc_custom_1475928508785{margin-top: 50px !important;}&#8221;][vc_column width=&#8221;1\/3&#8243;]<div class=\"kd-photobox no-effect kd-animated fadeInUp \" data-animation-delay=200><div class=\"photobox-img\"><img loading=\"lazy\" decoding=\"async\" width=\"383\" height=\"276\" src=\"https:\/\/sp.inovamatic.com\/wp-content\/uploads\/2018\/05\/inspeccao.jpg\" class=\"attachment-full\" alt=\"\" title=\"inspeccao\" srcset=\"https:\/\/sp.inovamatic.com\/wp-content\/uploads\/2018\/05\/inspeccao.jpg 383w, https:\/\/sp.inovamatic.com\/wp-content\/uploads\/2018\/05\/inspeccao-300x216.jpg 300w\" sizes=\"auto, (max-width: 383px) 100vw, 383px\" \/><\/div><div class=\"phb-content text-left\">\n                  <h4>SISTEMAS DE INSPECCI\u00d3N<\/h4>\n                  <p>Los retos a los que se enfrentan actualmente los servicios de seguridad nos han acostumbrado a controlar e inspeccionar personas y objetos en un n\u00famero cada vez mayor de edificios, desde terminales de transporte, hasta salones de eventos o estadios deportivos.<\/p><div class=\"phb-btncontainer\">\n                          <a href=\"https:\/\/sensorpoint.pt\/es\/sistemas-de-inspeccion\/\" target=\"\" title=\"\" class=\"phb-button\">SABER MAS<\/a>\n                      <\/div><\/div><\/div>[\/vc_column][vc_column width=&#8221;1\/3&#8243;]<div class=\"kd-photobox no-effect kd-animated fadeInUp \" ><div class=\"photobox-img\"><img loading=\"lazy\" decoding=\"async\" width=\"383\" height=\"276\" src=\"https:\/\/sp.inovamatic.com\/wp-content\/uploads\/2018\/05\/agua.jpg\" class=\"attachment-full\" alt=\"\" title=\"agua\" srcset=\"https:\/\/sp.inovamatic.com\/wp-content\/uploads\/2018\/05\/agua.jpg 383w, https:\/\/sp.inovamatic.com\/wp-content\/uploads\/2018\/05\/agua-300x216.jpg 300w\" sizes=\"auto, (max-width: 383px) 100vw, 383px\" \/><\/div><div class=\"phb-content text-left\">\n                  <h4>SISTEMAS DE EXTINCI\u00d3N POR AGUA<\/h4>\n                  <p>Los Sistemas Autom\u00e1ticos de Extinci\u00f3n por Rociadores son sistemas que utilizan agua como agente extintor y tienen la capacidad de extinguir \/ controlar un incendio, en su fase inicial, de forma autom\u00e1tica, es decir, sin necesidad de intervenci\u00f3n humana.<\/p><div class=\"phb-btncontainer\">\n                          <a href=\"https:\/\/sensorpoint.pt\/es\/sistemas-de-extincion-por-agua\/\" target=\"\" title=\"\" class=\"phb-button\">SABER MAS<\/a>\n                      <\/div><\/div><\/div>[\/vc_column][vc_column width=&#8221;1\/3&#8243;]<div class=\"kd-photobox no-effect kd-animated fadeInUp \" ><div class=\"photobox-img\"><img loading=\"lazy\" decoding=\"async\" width=\"383\" height=\"276\" src=\"https:\/\/sp.inovamatic.com\/wp-content\/uploads\/2018\/05\/hotte.jpg\" class=\"attachment-full\" alt=\"\" title=\"hotte\" srcset=\"https:\/\/sp.inovamatic.com\/wp-content\/uploads\/2018\/05\/hotte.jpg 383w, https:\/\/sp.inovamatic.com\/wp-content\/uploads\/2018\/05\/hotte-300x216.jpg 300w\" sizes=\"auto, (max-width: 383px) 100vw, 383px\" \/><\/div><div class=\"phb-content text-left\">\n                  <h4>SISTEMAS DE EXTINCI\u00d3N PARA CAMPANA DE COCINA<\/h4>\n                  <p>En cocinas comerciales e industriales, no podemos ignorar los riesgos inherentes a la presencia de grasas y el uso de aceites con altas temperaturas de autoignici\u00f3n.<\/p><div class=\"phb-btncontainer\">\n                          <a href=\"https:\/\/sensorpoint.pt\/es\/sistemas-de-extincion-para-campana-de-cocina\/\" target=\"\" title=\"\" class=\"phb-button\">SABER MAS<\/a>\n                      <\/div><\/div><\/div>[\/vc_column][\/vc_row][vc_row css=&#8221;.vc_custom_1475928508785{margin-top: 50px !important;}&#8221;][vc_column width=&#8221;1\/3&#8243;]<div class=\"kd-photobox no-effect kd-animated fadeInUp \" data-animation-delay=200><div class=\"photobox-img\"><img loading=\"lazy\" decoding=\"async\" width=\"383\" height=\"276\" src=\"https:\/\/sp.inovamatic.com\/wp-content\/uploads\/2018\/05\/gas.jpg\" class=\"attachment-full\" alt=\"\" title=\"gas\" srcset=\"https:\/\/sp.inovamatic.com\/wp-content\/uploads\/2018\/05\/gas.jpg 383w, https:\/\/sp.inovamatic.com\/wp-content\/uploads\/2018\/05\/gas-300x216.jpg 300w\" sizes=\"auto, (max-width: 383px) 100vw, 383px\" \/><\/div><div class=\"phb-content text-left\">\n                  <h4>SISTEMAS DE DETECCI\u00d3N DE GAS<\/h4>\n                  <p>Sistemas de detecci\u00f3n de gases para aparcamientos e industria.<\/p><div class=\"phb-btncontainer\">\n                          <a href=\"https:\/\/sensorpoint.pt\/es\/sistemas-de-deteccion-de-gas\/\" target=\"\" title=\"\" class=\"phb-button\">SABER MAS<\/a>\n                      <\/div><\/div><\/div>[\/vc_column][vc_column width=&#8221;1\/3&#8243;]<div class=\"kd-photobox no-effect kd-animated fadeInUp \" ><div class=\"photobox-img\"><img loading=\"lazy\" decoding=\"async\" width=\"902\" height=\"650\" src=\"https:\/\/sp.inovamatic.com\/wp-content\/uploads\/2019\/08\/ADVANCE-Trillium-RFID-on-door-300dpi.jpg\" class=\"attachment-full\" alt=\"\" title=\"ADVANCE Trillium RFID on door - 300dpi\" srcset=\"https:\/\/sp.inovamatic.com\/wp-content\/uploads\/2019\/08\/ADVANCE-Trillium-RFID-on-door-300dpi.jpg 902w, https:\/\/sp.inovamatic.com\/wp-content\/uploads\/2019\/08\/ADVANCE-Trillium-RFID-on-door-300dpi-300x216.jpg 300w, https:\/\/sp.inovamatic.com\/wp-content\/uploads\/2019\/08\/ADVANCE-Trillium-RFID-on-door-300dpi-768x553.jpg 768w\" sizes=\"auto, (max-width: 902px) 100vw, 902px\" \/><\/div><div class=\"phb-content text-left\">\n                  <h4>CERRADURAS DE HOTEL<\/h4>\n                  <p>Sistemas de cerraduras para hoteles.<\/p><div class=\"phb-btncontainer\">\n                          <a href=\"https:\/\/sensorpoint.pt\/es\/cerraduras-de-hotel\/\" target=\"\" title=\"\" class=\"phb-button\">SABER MAS<\/a>\n                      <\/div><\/div><\/div>[\/vc_column][vc_column width=&#8221;1\/3&#8243;]<div class=\"kd-photobox no-effect  \" ><div class=\"photobox-img\"><img loading=\"lazy\" decoding=\"async\" width=\"751\" height=\"541\" src=\"https:\/\/sp.inovamatic.com\/wp-content\/uploads\/2022\/06\/DATA_CENTER_water-leakage-TTK-solution-2.jpg\" class=\"attachment-full\" alt=\"\" title=\"DATA_CENTER_water-leakage-TTK-solution 2\" srcset=\"https:\/\/sp.inovamatic.com\/wp-content\/uploads\/2022\/06\/DATA_CENTER_water-leakage-TTK-solution-2.jpg 751w, https:\/\/sp.inovamatic.com\/wp-content\/uploads\/2022\/06\/DATA_CENTER_water-leakage-TTK-solution-2-300x216.jpg 300w\" sizes=\"auto, (max-width: 751px) 100vw, 751px\" \/><\/div><div class=\"phb-content text-left\">\n                  <h4>SISTEMAS DE DETECCI\u00d3N DE L\u00cdQUIDOS<\/h4>\n                  <p>Los sistemas de detecci\u00f3n de fugas de l\u00edquidos monitorean posibles fugas de agua en instalaciones sensibles, como centros de datos, o posibles fugas de l\u00edquidos peligrosos, combustibles o \u00e1cidos debajo de conductos o instalaciones industriales.<\/p><div class=\"phb-btncontainer\">\n                          <a href=\"https:\/\/sensorpoint.pt\/es\/sistemas-de-deteccion-de-liquidos\/\" target=\"\" title=\"\" class=\"phb-button\">SABER MAS<\/a>\n                      <\/div><\/div><\/div>[\/vc_column][\/vc_row][vc_row css=&#8221;.vc_custom_1475928508785{margin-top: 50px !important;}&#8221;][vc_column width=&#8221;1\/3&#8243;]<div class=\"kd-photobox no-effect  \" ><div class=\"photobox-img\"><img loading=\"lazy\" decoding=\"async\" width=\"2560\" height=\"1845\" src=\"https:\/\/sp.inovamatic.com\/wp-content\/uploads\/2022\/06\/curso-de-sistemas-de-informacao-2.jpg\" class=\"attachment-full\" alt=\"\" title=\"curso-de-sistemas-de-informacao\" \/><\/div><div class=\"phb-content text-left\">\n                  <h4>TECNOLOG\u00cdAS DE LA INFORMACI\u00d3N<\/h4>\n                  <p>La actividad inform\u00e1tica que abarca desde la producci\u00f3n, comunicaci\u00f3n, almacenamiento y seguridad de la informaci\u00f3n es transversal a todos los \u00e1mbitos de la actividad humana.<\/p><div class=\"phb-btncontainer\">\n                          <a href=\"https:\/\/sensorpoint.pt\/es\/tecnologias-de-la-informacion\/\" target=\"\" title=\"\" class=\"phb-button\">SABER MAS<\/a>\n                      <\/div><\/div><\/div>[\/vc_column][vc_column width=&#8221;1\/3&#8243;]<div class=\"kd-photobox no-effect  \" ><div class=\"photobox-img\"><img loading=\"lazy\" decoding=\"async\" width=\"456\" height=\"329\" src=\"https:\/\/sp.inovamatic.com\/wp-content\/uploads\/2022\/06\/baby-2.png\" class=\"attachment-full\" alt=\"\" title=\"baby\" srcset=\"https:\/\/sp.inovamatic.com\/wp-content\/uploads\/2022\/06\/baby-2.png 456w, https:\/\/sp.inovamatic.com\/wp-content\/uploads\/2022\/06\/baby-2-300x216.png 300w\" sizes=\"auto, (max-width: 456px) 100vw, 456px\" \/><\/div><div class=\"phb-content text-left\">\n                  <h4>SISTEMAS ANTI-ABDUCCI\u00d3N PARA BEB\u00c9S<\/h4>\n                  <p>Basados  en etiquetas RFID espec\u00edficas, los sistemas de abducci\u00f3n de beb\u00e9s permiten la identificaci\u00f3n y localizaci\u00f3n de beb\u00e9s dentro de las maternidades.<\/p><div class=\"phb-btncontainer\">\n                          <a href=\"https:\/\/sensorpoint.pt\/es\/sistemas-anti-abduccion-para-bebes\/\" target=\"\" title=\"\" class=\"phb-button\">SABER MAS<\/a>\n                      <\/div><\/div><\/div>[\/vc_column][vc_column width=&#8221;1\/3&#8243;][\/vc_column][\/vc_row]<\/p>\n","protected":false},"excerpt":{"rendered":"<p>[vc_row css=&#8221;.vc_custom_1475928508785{margin-top: 50px !important;}&#8221;][vc_column width=&#8221;1\/3&#8243;][\/vc_column][vc_column width=&#8221;1\/3&#8243;][\/vc_column][vc_column width=&#8221;1\/3&#8243;][\/vc_column][\/vc_row][vc_row css=&#8221;.vc_custom_1475928508785{margin-top: 50px !important;}&#8221;][vc_column width=&#8221;1\/3&#8243;][\/vc_column][vc_column width=&#8221;1\/3&#8243;][\/vc_column][vc_column width=&#8221;1\/3&#8243;][\/vc_column][\/vc_row][vc_row css=&#8221;.vc_custom_1475928508785{margin-top: 50px !important;}&#8221;][vc_column width=&#8221;1\/3&#8243;][\/vc_column][vc_column width=&#8221;1\/3&#8243;][\/vc_column][vc_column width=&#8221;1\/3&#8243;][\/vc_column][\/vc_row][vc_row css=&#8221;.vc_custom_1475928508785{margin-top: 50px !important;}&#8221;][vc_column width=&#8221;1\/3&#8243;][\/vc_column][vc_column [&hellip;]<\/p>\n","protected":false},"author":2,"featured_media":0,"parent":15098,"menu_order":2,"comment_status":"closed","ping_status":"closed","template":"","meta":{"advgb_blocks_editor_width":"","advgb_blocks_columns_visual_guide":"","footnotes":""},"class_list":["post-15177","page","type-page","status-publish","hentry"],"coauthors":[],"author_meta":{"author_link":"https:\/\/sp.inovamatic.com\/es\/author\/admin\/","display_name":"admin"},"relative_dates":{"created":"Publicado 10 a\u00f1os hace","modified":"Actualizado 4 a\u00f1os hace"},"absolute_dates":{"created":"Publicado el noviembre 23, 2015","modified":"Actualizado el agosto 24, 2022"},"absolute_dates_time":{"created":"Publicado el noviembre 23, 2015 11:07 am","modified":"Actualizado el agosto 24, 2022 12:42 pm"},"featured_img_caption":"","featured_img":false,"series_order":"","_links":{"self":[{"href":"https:\/\/sp.inovamatic.com\/es\/wp-json\/wp\/v2\/pages\/15177","targetHints":{"allow":["GET"]}}],"collection":[{"href":"https:\/\/sp.inovamatic.com\/es\/wp-json\/wp\/v2\/pages"}],"about":[{"href":"https:\/\/sp.inovamatic.com\/es\/wp-json\/wp\/v2\/types\/page"}],"author":[{"embeddable":true,"href":"https:\/\/sp.inovamatic.com\/es\/wp-json\/wp\/v2\/users\/2"}],"replies":[{"embeddable":true,"href":"https:\/\/sp.inovamatic.com\/es\/wp-json\/wp\/v2\/comments?post=15177"}],"version-history":[{"count":16,"href":"https:\/\/sp.inovamatic.com\/es\/wp-json\/wp\/v2\/pages\/15177\/revisions"}],"predecessor-version":[{"id":17828,"href":"https:\/\/sp.inovamatic.com\/es\/wp-json\/wp\/v2\/pages\/15177\/revisions\/17828"}],"up":[{"embeddable":true,"href":"https:\/\/sp.inovamatic.com\/es\/wp-json\/wp\/v2\/pages\/15098"}],"wp:attachment":[{"href":"https:\/\/sp.inovamatic.com\/es\/wp-json\/wp\/v2\/media?parent=15177"}],"curies":[{"name":"wp","href":"https:\/\/api.w.org\/{rel}","templated":true}]}}