{"id":6481,"date":"2018-10-08T13:39:10","date_gmt":"2018-10-08T12:39:10","guid":{"rendered":"https:\/\/sensorpoint.pt\/?page_id=6481"},"modified":"2019-11-25T15:29:00","modified_gmt":"2019-11-25T15:29:00","slug":"buildings","status":"publish","type":"page","link":"https:\/\/sp.inovamatic.com\/en\/buildings\/","title":{"rendered":"Buildings"},"content":{"rendered":"<p>[vc_row parallax=&#8221;content-moving-fade&#8221; parallax_image=&#8221;3416&#8243; css=&#8221;.vc_custom_1527255946045{padding-top: 160px !important;padding-bottom: 220px !important;background-image: url(https:\/\/www.sensorpoint.pt\/wp-content\/uploads\/2018\/05\/hotelaria2.jpg?id=3717) !important;}&#8221;][vc_column][vc_custom_heading text=&#8221;Buildings&#8221; font_container=&#8221;tag:h1|font_size:44px|text_align:center|color:%23ffffff&#8221; use_theme_fonts=&#8221;yes&#8221; el_class=&#8221;section-heading&#8221;][\/vc_column][\/vc_row][vc_row css=&#8221;.vc_custom_1475934235598{padding-top: 80px !important;padding-bottom: 100px !important;background-color: #ffffff !important;}&#8221;][vc_column][vc_row_inner el_class=&#8221;container&#8221; css=&#8221;.vc_custom_1475933788716{margin-bottom: 60px !important;}&#8221;][vc_column_inner][vc_custom_heading text=&#8221;In addition to the location and the amenities, the competitive advantage of a building is often defined by the quality of services offered, including security.<\/p>\n<p>In this field, all buildings incorporate specificities that will define the level of sensitivity to each type of risk and determine the design of the technical solutions to be incorporated.<\/p>\n<p>We work closely with our customers to develop safety solutions that best meet their needs, resulting in operational efficiency and commercialization.&#8221; font_container=&#8221;tag:h4|text_align:justify|color:%23999999|line_height:28px&#8221; use_theme_fonts=&#8221;yes&#8221;][\/vc_column_inner]<\/p>\n<p><a href=\"https:\/\/sensorpoint.pt\/en\/charging-of-electric-vehicles\/\"><img decoding=\"async\" style=\"padding-left: 10px; width: 70px; height: 60px;\" src=\"https:\/\/sensorpoint.pt\/wp-content\/uploads\/2018\/08\/carregamento_electricos-02.png\" alt=\"Carregamento Carros\" \/><\/a> <a href=\"https:\/\/sensorpoint.pt\/en\/intrusion-detection-systems\/\"><img decoding=\"async\" style=\"width: 60px; height: 60px;\" src=\"https:\/\/sensorpoint.pt\/wp-content\/uploads\/2018\/08\/deteccao_intrusao-02.png\" alt=\"Dete\u00e7\u00e3o de Intrus\u00e3o\" \/><\/a> <a href=\"https:\/\/sensorpoint.pt\/en\/surveillance\/\"><img decoding=\"async\" style=\"width: 60px; height: 60px;\" src=\"https:\/\/sensorpoint.pt\/wp-content\/uploads\/2018\/08\/cctv-02.png\" alt=\"CCTV\" \/><\/a> <a href=\"https:\/\/sensorpoint.pt\/en\/car-park-management\/\"><img decoding=\"async\" style=\"width: 60px; height: 60px;\" src=\"https:\/\/sensorpoint.pt\/wp-content\/uploads\/2018\/08\/gestao_parques-02.png\" alt=\"Gest\u00e3o de Parques de Estacionamento\" \/><\/a> <a href=\"https:\/\/sensorpoint.pt\/en\/fire-detection-systems\/\"><img decoding=\"async\" style=\"width: 60px; height: 60px;\" src=\"https:\/\/sensorpoint.pt\/wp-content\/uploads\/2018\/08\/deteccao_incendio-02.png\" alt=\"Dete\u00e7\u00e3o de Inc\u00eandio\" \/><\/a> <a href=\"https:\/\/sensorpoint.pt\/en\/gas-detection-systems\/\"><img decoding=\"async\" style=\"width: 60px; height: 60px;\" src=\"https:\/\/sensorpoint.pt\/wp-content\/uploads\/2018\/08\/deteccao_gases-02.png\" alt=\"Dete\u00e7\u00e3o de G\u00e1s\" \/><\/a> <a href=\"https:\/\/sensorpoint.pt\/en\/access-control\/\"><img decoding=\"async\" style=\"width: 60px; height: 60px;\" src=\"https:\/\/sensorpoint.pt\/wp-content\/uploads\/2018\/08\/controlo_acessos-02.png\" alt=\"Controlo de Acessos\" \/><\/a> <a href=\"https:\/\/sensorpoint.pt\/en\/emergency-communications-systems\/\"><img decoding=\"async\" style=\"width: 60px; height: 60px;\" src=\"https:\/\/sensorpoint.pt\/wp-content\/uploads\/2018\/08\/comunicacoes_emergencia-02.png\" alt=\"Sistemas de Comunica\u00e7\u00e3o de Emerg\u00eancia\" \/><\/a> <a href=\"https:\/\/sensorpoint.pt\/en\/inspection-system\/\"><img decoding=\"async\" style=\"width: 60px; height: 60px;\" src=\"https:\/\/sensorpoint.pt\/wp-content\/uploads\/2018\/08\/sistemas_inspeccao-02.png\" alt=\"Sistemas de Inspec\u00e7\u00e3o\" \/><\/a> <a href=\"https:\/\/sensorpoint.pt\/en\/ambient-sound-systems-and-voice-evacuation\/\"><img decoding=\"async\" style=\"width: 60px; height: 60px;\" src=\"https:\/\/sensorpoint.pt\/wp-content\/uploads\/2018\/08\/sistemas_alarme_voz-02.png\" alt=\"Sistemas de Som\" \/><\/a> <a href=\"https:\/\/sensorpoint.pt\/en\/extinguishing-systems-for-kitchen-hotte\/\"><img decoding=\"async\" style=\"width: 60px; height: 60px;\" src=\"https:\/\/sensorpoint.pt\/wp-content\/uploads\/2018\/08\/sistema_extincao_hotte_cozinha-02.png\" alt=\"Sistemas de Extin\u00e7\u00e3o para Hotte de Cozinha\" \/><\/a> <a href=\"https:\/\/sensorpoint.pt\/en\/automatic-fire-extinguishing-systems\/\"><img decoding=\"async\" style=\"width: 60px; height: 60px;\" src=\"https:\/\/sensorpoint.pt\/wp-content\/uploads\/2018\/08\/sistema_extincao_automatica-02.png\" alt=\"Sistemas de Extin\u00e7\u00e3o Autom\u00e1tica de Inc\u00eandios\" \/><\/a> <a href=\"https:\/\/sensorpoint.pt\/en\/water-extinguishing-system\/\"><img decoding=\"async\" style=\"width: 60px; height: 60px;\" src=\"https:\/\/sensorpoint.pt\/wp-content\/uploads\/2018\/08\/sistema_extincao_agua-02.png\" alt=\"Sistemas de Extin\u00e7\u00e3o por \u00c1gua\" \/><\/a> <a href=\"https:\/\/sensorpoint.pt\/en\/ambient-sound-systems-and-voice-evacuation\/\"><img decoding=\"async\" style=\"width: 60px; height: 60px;\" src=\"https:\/\/sensorpoint.pt\/wp-content\/uploads\/2018\/08\/sistema_som-02.png\" alt=\"Sistemas de Som\" \/><\/a> <a href=\"https:\/\/sensorpoint.pt\/en\/enrollment-recognition\/\"><img decoding=\"async\" style=\"width: 60px; height: 60px;\" src=\"https:\/\/sensorpoint.pt\/wp-content\/uploads\/2018\/08\/reconhecimento_matriculas-02.png\" alt=\"Reconhecimento de Matriculas\" \/><\/a> <a href=\"https:\/\/sensorpoint.pt\/en\/solar-lighting\/\"><img decoding=\"async\" style=\"width: 60px; height: 60px;\" src=\"https:\/\/sensorpoint.pt\/wp-content\/uploads\/2018\/08\/iluminacao_solar-02.png\" alt=\"Ilumina\u00e7\u00e3o Solar\" \/><\/a><\/p>\n<p>[\/vc_row_inner][\/vc_column][\/vc_row]<\/p>\n","protected":false},"excerpt":{"rendered":"<p>[vc_row parallax=&#8221;content-moving-fade&#8221; parallax_image=&#8221;3416&#8243; css=&#8221;.vc_custom_1527255946045{padding-top: 160px !important;padding-bottom: 220px !important;background-image: url(https:\/\/www.sensorpoint.pt\/wp-content\/uploads\/2018\/05\/hotelaria2.jpg?id=3717) !important;}&#8221;][vc_column][vc_custom_heading text=&#8221;Buildings&#8221; font_container=&#8221;tag:h1|font_size:44px|text_align:center|color:%23ffffff&#8221; use_theme_fonts=&#8221;yes&#8221; el_class=&#8221;section-heading&#8221;][\/vc_column][\/vc_row][vc_row css=&#8221;.vc_custom_1475934235598{padding-top: 80px !important;padding-bottom: 100px !important;background-color: #ffffff !important;}&#8221;][vc_column][vc_row_inner el_class=&#8221;container&#8221; css=&#8221;.vc_custom_1475933788716{margin-bottom: [&hellip;]<\/p>\n","protected":false},"author":1,"featured_media":0,"parent":0,"menu_order":0,"comment_status":"closed","ping_status":"closed","template":"","meta":{"advgb_blocks_editor_width":"","advgb_blocks_columns_visual_guide":"","footnotes":""},"class_list":["post-6481","page","type-page","status-publish","hentry"],"coauthors":[],"author_meta":{"author_link":"https:\/\/sp.inovamatic.com\/en\/author\/miguelmailribeiro_h017r696\/","display_name":"admin"},"relative_dates":{"created":"Posted 8 years ago","modified":"Updated 6 years ago"},"absolute_dates":{"created":"Posted on October 8, 2018","modified":"Updated on November 25, 2019"},"absolute_dates_time":{"created":"Posted on October 8, 2018 1:39 pm","modified":"Updated on November 25, 2019 3:29 pm"},"featured_img_caption":"","featured_img":false,"series_order":"","_links":{"self":[{"href":"https:\/\/sp.inovamatic.com\/en\/wp-json\/wp\/v2\/pages\/6481","targetHints":{"allow":["GET"]}}],"collection":[{"href":"https:\/\/sp.inovamatic.com\/en\/wp-json\/wp\/v2\/pages"}],"about":[{"href":"https:\/\/sp.inovamatic.com\/en\/wp-json\/wp\/v2\/types\/page"}],"author":[{"embeddable":true,"href":"https:\/\/sp.inovamatic.com\/en\/wp-json\/wp\/v2\/users\/1"}],"replies":[{"embeddable":true,"href":"https:\/\/sp.inovamatic.com\/en\/wp-json\/wp\/v2\/comments?post=6481"}],"version-history":[{"count":20,"href":"https:\/\/sp.inovamatic.com\/en\/wp-json\/wp\/v2\/pages\/6481\/revisions"}],"predecessor-version":[{"id":9287,"href":"https:\/\/sp.inovamatic.com\/en\/wp-json\/wp\/v2\/pages\/6481\/revisions\/9287"}],"wp:attachment":[{"href":"https:\/\/sp.inovamatic.com\/en\/wp-json\/wp\/v2\/media?parent=6481"}],"curies":[{"name":"wp","href":"https:\/\/api.w.org\/{rel}","templated":true}]}}